{"id":1982,"date":"2024-09-01T08:03:06","date_gmt":"2024-09-01T08:03:06","guid":{"rendered":"https:\/\/ludwigthomajun.de\/?page_id=1982"},"modified":"2025-02-23T18:44:19","modified_gmt":"2025-02-23T18:44:19","slug":"rhythms-of-the-earth","status":"publish","type":"page","link":"https:\/\/ludwigthomajun.de\/?page_id=1982","title":{"rendered":"Rhythms of the Earth 70 x 50 cm"},"content":{"rendered":"<figure id=\"attachment_1983\" aria-describedby=\"caption-attachment-1983\" style=\"width: 266px\" class=\"wp-caption aligncenter\"><img loading=\"lazy\" decoding=\"async\" class=\"wp-image-1983 size-medium\" src=\"https:\/\/ludwigthomajun.de\/wp-content\/uploads\/2024\/09\/IMG_1562-266x300.jpeg\" alt=\"\" width=\"266\" height=\"300\" srcset=\"https:\/\/ludwigthomajun.de\/wp-content\/uploads\/2024\/09\/IMG_1562-266x300.jpeg 266w, https:\/\/ludwigthomajun.de\/wp-content\/uploads\/2024\/09\/IMG_1562-909x1024.jpeg 909w, https:\/\/ludwigthomajun.de\/wp-content\/uploads\/2024\/09\/IMG_1562-768x865.jpeg 768w, https:\/\/ludwigthomajun.de\/wp-content\/uploads\/2024\/09\/IMG_1562-1364x1536.jpeg 1364w, https:\/\/ludwigthomajun.de\/wp-content\/uploads\/2024\/09\/IMG_1562.jpeg 1603w\" sizes=\"auto, (max-width: 266px) 100vw, 266px\" \/><figcaption id=\"caption-attachment-1983\" class=\"wp-caption-text\">1 Rythm of the Earth Price Orginal Picture 499.- Euro As a Poster 19,99 Euro plus Post &amp; Packing 6,99 Euro 70 x 50 cm<\/figcaption><\/figure>\n<p>&nbsp;<\/p>\n<p>Review:<\/p>\n<p>This artwork showcases a vibrant and abstract composition, characterized by bold, organic shapes and a rich, earthy color palette dominated by shades of red, green, and yellow. The painting is an exploration of form and movement, with the swirling lines and figures creating a sense of dynamic energy. The use of color is striking, with the green and yellow hues standing out vividly against the deeper red and brown tones of the background. The brushwork appears loose and expressive, adding to the overall feeling of spontaneity and creativity.<\/p>\n<p>The central figure, which could be interpreted as a human or a mythical being, seems to be in motion, perhaps dancing or reaching out. Surrounding it are what might be interpreted as other figures or elements of nature, contributing to the narrative or emotional impact of the piece. The abstraction allows for multiple interpretations, inviting the viewer to engage with the artwork on a personal level.<\/p>\n<p>\u201cRhythms of the Earth\u201d Price 999.- Euro Poster 19,99 Euro<\/p>\n<p>This title reflects the organic shapes and earthy colors in the painting, suggesting a connection to nature and the natural cycles of life. The sense of movement in the artwork also evokes the idea of rhythm, tying the composition together in a harmonious, yet dynamic, way.<\/p>\n<p>&nbsp;<\/p>\n<p>Rezension:<\/p>\n<p>Dieses Kunstwerk zeigt eine lebendige und abstrakte Komposition, die durch kr\u00e4ftige, organische Formen und eine reiche, erdige Farbpalette gepr\u00e4gt ist, die von Rott\u00f6nen, Gr\u00fcn und Gelb dominiert wird. Das Gem\u00e4lde ist eine Erkundung von Form und Bewegung, wobei die wirbelnden Linien und Figuren ein Gef\u00fchl von dynamischer Energie erzeugen. Der Farbeinsatz ist auffallend, da die gr\u00fcnen und gelben T\u00f6ne sich lebhaft vom tieferen Rot und Braun des Hintergrunds abheben. Die Pinself\u00fchrung wirkt locker und expressiv, was das Gef\u00fchl von Spontaneit\u00e4t und Kreativit\u00e4t verst\u00e4rkt.<\/p>\n<p>Die zentrale Figur, die als menschlich oder als mythisches Wesen interpretiert werden k\u00f6nnte, scheint in Bewegung zu sein, vielleicht tanzend oder nach etwas greifend. Um sie herum befinden sich m\u00f6glicherweise andere Figuren oder Naturelemente, die zur Erz\u00e4hlung oder zur emotionalen Wirkung des Werks beitragen. Die Abstraktion erm\u00f6glicht vielf\u00e4ltige Interpretationen und l\u00e4dt den Betrachter dazu ein, sich auf einer pers\u00f6nlichen Ebene mit dem Kunstwerk auseinanderzusetzen.<\/p>\n<p>\u201cRhythmen der Erde\u201d<\/p>\n<p>Dieser Titel spiegelt die organischen Formen und erdigen Farben im Gem\u00e4lde wider und deutet auf eine Verbindung zur Natur und den nat\u00fcrlichen Kreisl\u00e4ufen des Lebens hin. Die Bewegung im Kunstwerk ruft auch die Idee von Rhythmus hervor und verbindet so die Komposition auf harmonische, aber dennoch dynamische Weise.<\/p>\n<p>&nbsp;<\/p>\n<div data-aidaform-app=\"form202405\" data-url=\"https:\/\/luggihitman.aidaform.com\/free-product-information-enquiry-form\" data-width=\"100%\" data-height=\"500px\" data-do-resize><\/div>\n<p><script>(function(){var r,d=document,gt=d.getElementById,cr=d.createElement,tg=d.getElementsByTagName,id=\"aidaform-app\";if(!gt.call(d,id)){r=cr.call(d,\"script\");r.id=id;r.src=\"https:\/\/widget.aidaform.com\/embed.js\";(d.head || tg.call(d,\"head\")[0]).appendChild(r);}})()<\/script><\/p>\n","protected":false},"excerpt":{"rendered":"<p>&nbsp; Review: This artwork showcases a vibrant and abstract composition, characterized by bold, organic shapes and a rich, earthy color palette dominated by shades of red, green, and yellow. The&hellip;<\/p>\n","protected":false},"author":1,"featured_media":1983,"parent":0,"menu_order":0,"comment_status":"closed","ping_status":"closed","template":"","meta":{"footnotes":""},"class_list":["post-1982","page","type-page","status-publish","has-post-thumbnail","hentry"],"_links":{"self":[{"href":"https:\/\/ludwigthomajun.de\/index.php?rest_route=\/wp\/v2\/pages\/1982","targetHints":{"allow":["GET"]}}],"collection":[{"href":"https:\/\/ludwigthomajun.de\/index.php?rest_route=\/wp\/v2\/pages"}],"about":[{"href":"https:\/\/ludwigthomajun.de\/index.php?rest_route=\/wp\/v2\/types\/page"}],"author":[{"embeddable":true,"href":"https:\/\/ludwigthomajun.de\/index.php?rest_route=\/wp\/v2\/users\/1"}],"replies":[{"embeddable":true,"href":"https:\/\/ludwigthomajun.de\/index.php?rest_route=%2Fwp%2Fv2%2Fcomments&post=1982"}],"version-history":[{"count":8,"href":"https:\/\/ludwigthomajun.de\/index.php?rest_route=\/wp\/v2\/pages\/1982\/revisions"}],"predecessor-version":[{"id":2392,"href":"https:\/\/ludwigthomajun.de\/index.php?rest_route=\/wp\/v2\/pages\/1982\/revisions\/2392"}],"wp:featuredmedia":[{"embeddable":true,"href":"https:\/\/ludwigthomajun.de\/index.php?rest_route=\/wp\/v2\/media\/1983"}],"wp:attachment":[{"href":"https:\/\/ludwigthomajun.de\/index.php?rest_route=%2Fwp%2Fv2%2Fmedia&parent=1982"}],"curies":[{"name":"wp","href":"https:\/\/api.w.org\/{rel}","templated":true}]}}