{"id":2178,"date":"2024-11-15T17:47:59","date_gmt":"2024-11-15T17:47:59","guid":{"rendered":"https:\/\/ludwigthomajun.de\/?page_id=2178"},"modified":"2025-02-23T18:46:48","modified_gmt":"2025-02-23T18:46:48","slug":"oceanic-whispers","status":"publish","type":"page","link":"https:\/\/ludwigthomajun.de\/?page_id=2178","title":{"rendered":"Oceanic Whispers"},"content":{"rendered":"<p>&nbsp;<\/p>\n<p>Kunstwerk-Beschreibung f\u00fcr \u201cOceanic Whispers\u201d<\/p>\n<p>Titel: Oceanic Whispers<\/p>\n<p>Beschreibung:<\/p>\n<p>Dieses abstrakte Gouache-Gem\u00e4lde auf Leinwand fasziniert durch seine ruhige, dennoch dynamische Darstellung, die an die Tiefen des Ozeans erinnert. Mit flie\u00dfenden, geschwungenen Linien in verschiedenen Blaut\u00f6nen und dezenten dunklen Akzenten schafft das Werk eine mystische Unterwasseratmosph\u00e4re. Die Pinselschw\u00fcnge und der Einsatz von Farbe erzeugen Tiefe und Bewegung, die an Meeresstr\u00f6mungen und die verborgene Welt unter der Wasseroberfl\u00e4che erinnern.<\/p>\n<p>Gr\u00f6\u00dfe und Material: Das Bild misst 100 x 40 cm und hat eine Tiefe von 4 cm. Die Gouache-Technik verleiht ihm eine matte, samtige Oberfl\u00e4che, die den Farben eine besondere Lebendigkeit verleiht.<\/p>\n<figure id=\"attachment_2179\" aria-describedby=\"caption-attachment-2179\" style=\"width: 1000px\" class=\"wp-caption aligncenter\"><img loading=\"lazy\" decoding=\"async\" class=\"wp-image-2179 size-full\" src=\"https:\/\/ludwigthomajun.de\/wp-content\/uploads\/2024\/11\/IMG_2167.png\" alt=\"\" width=\"1000\" height=\"400\" srcset=\"https:\/\/ludwigthomajun.de\/wp-content\/uploads\/2024\/11\/IMG_2167.png 1000w, https:\/\/ludwigthomajun.de\/wp-content\/uploads\/2024\/11\/IMG_2167-300x120.png 300w, https:\/\/ludwigthomajun.de\/wp-content\/uploads\/2024\/11\/IMG_2167-768x307.png 768w\" sizes=\"auto, (max-width: 1000px) 100vw, 1000px\" \/><figcaption id=\"caption-attachment-2179\" class=\"wp-caption-text\">Oceanic Whispers Price 1500 Euro plus Post &amp; Packing 19,90.-Size 100 x 400 cm<\/figcaption><\/figure>\n<p>&nbsp;<\/p>\n<div data-aidaform-app=\"form202405\" data-url=\"https:\/\/luggihitman.aidaform.com\/free-product-information-enquiry-form\" data-width=\"100%\" data-height=\"500px\" data-do-resize><\/div>\n<p><script>(function(){var r,d=document,gt=d.getElementById,cr=d.createElement,tg=d.getElementsByTagName,id=\"aidaform-app\";if(!gt.call(d,id)){r=cr.call(d,\"script\");r.id=id;r.src=\"https:\/\/widget.aidaform.com\/embed.js\";(d.head || tg.call(d,\"head\")[0]).appendChild(r);}})()<\/script><\/p>\n","protected":false},"excerpt":{"rendered":"<p>&nbsp; Kunstwerk-Beschreibung f\u00fcr \u201cOceanic Whispers\u201d Titel: Oceanic Whispers Beschreibung: Dieses abstrakte Gouache-Gem\u00e4lde auf Leinwand fasziniert durch seine ruhige, dennoch dynamische Darstellung, die an die Tiefen des Ozeans erinnert. Mit flie\u00dfenden,&hellip;<\/p>\n","protected":false},"author":1,"featured_media":2179,"parent":0,"menu_order":0,"comment_status":"closed","ping_status":"closed","template":"","meta":{"footnotes":""},"class_list":["post-2178","page","type-page","status-publish","has-post-thumbnail","hentry"],"_links":{"self":[{"href":"https:\/\/ludwigthomajun.de\/index.php?rest_route=\/wp\/v2\/pages\/2178","targetHints":{"allow":["GET"]}}],"collection":[{"href":"https:\/\/ludwigthomajun.de\/index.php?rest_route=\/wp\/v2\/pages"}],"about":[{"href":"https:\/\/ludwigthomajun.de\/index.php?rest_route=\/wp\/v2\/types\/page"}],"author":[{"embeddable":true,"href":"https:\/\/ludwigthomajun.de\/index.php?rest_route=\/wp\/v2\/users\/1"}],"replies":[{"embeddable":true,"href":"https:\/\/ludwigthomajun.de\/index.php?rest_route=%2Fwp%2Fv2%2Fcomments&post=2178"}],"version-history":[{"count":4,"href":"https:\/\/ludwigthomajun.de\/index.php?rest_route=\/wp\/v2\/pages\/2178\/revisions"}],"predecessor-version":[{"id":2398,"href":"https:\/\/ludwigthomajun.de\/index.php?rest_route=\/wp\/v2\/pages\/2178\/revisions\/2398"}],"wp:featuredmedia":[{"embeddable":true,"href":"https:\/\/ludwigthomajun.de\/index.php?rest_route=\/wp\/v2\/media\/2179"}],"wp:attachment":[{"href":"https:\/\/ludwigthomajun.de\/index.php?rest_route=%2Fwp%2Fv2%2Fmedia&parent=2178"}],"curies":[{"name":"wp","href":"https:\/\/api.w.org\/{rel}","templated":true}]}}