{"id":2407,"date":"2025-03-18T18:36:55","date_gmt":"2025-03-18T18:36:55","guid":{"rendered":"https:\/\/ludwigthomajun.de\/?page_id=2407"},"modified":"2025-03-31T17:58:23","modified_gmt":"2025-03-31T17:58:23","slug":"trio-pictures","status":"publish","type":"page","link":"https:\/\/ludwigthomajun.de\/?page_id=2407","title":{"rendered":"1 Twisting Pathways"},"content":{"rendered":"<p>&nbsp;<\/p>\n<p>&nbsp;<\/p>\n<p>&nbsp;<\/p>\n<p>&nbsp;<\/p>\n<p style=\"text-align: center;\"><span style=\"font-size: 14px;\">1 Twisting Pathways \u2013 Digitaldruck von LTj<\/span><\/p>\n<p>&nbsp;<\/p>\n<figure id=\"attachment_2566\" aria-describedby=\"caption-attachment-2566\" style=\"width: 212px\" class=\"wp-caption aligncenter\"><img loading=\"lazy\" decoding=\"async\" class=\"wp-image-2566 size-medium\" src=\"https:\/\/ludwigthomajun.de\/wp-content\/uploads\/2025\/03\/1_Twisting_Pathways_Digitaldruck_von_LTj_A3_2_optimized_20-1-212x300.jpg\" alt=\"\" width=\"212\" height=\"300\" srcset=\"https:\/\/ludwigthomajun.de\/wp-content\/uploads\/2025\/03\/1_Twisting_Pathways_Digitaldruck_von_LTj_A3_2_optimized_20-1-212x300.jpg 212w, https:\/\/ludwigthomajun.de\/wp-content\/uploads\/2025\/03\/1_Twisting_Pathways_Digitaldruck_von_LTj_A3_2_optimized_20-1.jpg 219w\" sizes=\"auto, (max-width: 212px) 100vw, 212px\" \/><figcaption id=\"caption-attachment-2566\" class=\"wp-caption-text\">1_Twisting_Pathways_Digitaldruck_von_LTj_A3_2_optimized_20<\/figcaption><\/figure>\n<figure id=\"attachment_2414\" aria-describedby=\"caption-attachment-2414\" style=\"width: 212px\" class=\"wp-caption aligncenter\"><img loading=\"lazy\" decoding=\"async\" class=\"size-medium wp-image-2414\" src=\"https:\/\/ludwigthomajun.de\/wp-content\/uploads\/2025\/03\/1-Twisting-Pathways-\u2013-Digitaldruck-von-LTj-A3-2-212x300.jpg\" alt=\"\" width=\"212\" height=\"300\" srcset=\"https:\/\/ludwigthomajun.de\/wp-content\/uploads\/2025\/03\/1-Twisting-Pathways-\u2013-Digitaldruck-von-LTj-A3-2-212x300.jpg 212w, https:\/\/ludwigthomajun.de\/wp-content\/uploads\/2025\/03\/1-Twisting-Pathways-\u2013-Digitaldruck-von-LTj-A3-2-724x1024.jpg 724w, https:\/\/ludwigthomajun.de\/wp-content\/uploads\/2025\/03\/1-Twisting-Pathways-\u2013-Digitaldruck-von-LTj-A3-2-768x1086.jpg 768w, https:\/\/ludwigthomajun.de\/wp-content\/uploads\/2025\/03\/1-Twisting-Pathways-\u2013-Digitaldruck-von-LTj-A3-2-1086x1536.jpg 1086w, https:\/\/ludwigthomajun.de\/wp-content\/uploads\/2025\/03\/1-Twisting-Pathways-\u2013-Digitaldruck-von-LTj-A3-2-1448x2048.jpg 1448w, https:\/\/ludwigthomajun.de\/wp-content\/uploads\/2025\/03\/1-Twisting-Pathways-\u2013-Digitaldruck-von-LTj-A3-2-scaled.jpg 1810w\" sizes=\"auto, (max-width: 212px) 100vw, 212px\" \/><figcaption id=\"caption-attachment-2414\" class=\"wp-caption-text\">1 Twisting Pathways \u2013 Digitaldruck von LTj<\/figcaption><\/figure>\n<figure id=\"attachment_2413\" aria-describedby=\"caption-attachment-2413\" style=\"width: 212px\" class=\"wp-caption aligncenter\"><img loading=\"lazy\" decoding=\"async\" class=\"size-medium wp-image-2413\" src=\"https:\/\/ludwigthomajun.de\/wp-content\/uploads\/2025\/03\/1-Twisting-Pathways-\u2013-Digitaldruck-von-LTj-A3-3-212x300.jpg\" alt=\"\" width=\"212\" height=\"300\" srcset=\"https:\/\/ludwigthomajun.de\/wp-content\/uploads\/2025\/03\/1-Twisting-Pathways-\u2013-Digitaldruck-von-LTj-A3-3-212x300.jpg 212w, https:\/\/ludwigthomajun.de\/wp-content\/uploads\/2025\/03\/1-Twisting-Pathways-\u2013-Digitaldruck-von-LTj-A3-3-724x1024.jpg 724w, https:\/\/ludwigthomajun.de\/wp-content\/uploads\/2025\/03\/1-Twisting-Pathways-\u2013-Digitaldruck-von-LTj-A3-3-768x1086.jpg 768w, https:\/\/ludwigthomajun.de\/wp-content\/uploads\/2025\/03\/1-Twisting-Pathways-\u2013-Digitaldruck-von-LTj-A3-3-1086x1536.jpg 1086w, https:\/\/ludwigthomajun.de\/wp-content\/uploads\/2025\/03\/1-Twisting-Pathways-\u2013-Digitaldruck-von-LTj-A3-3-1448x2048.jpg 1448w, https:\/\/ludwigthomajun.de\/wp-content\/uploads\/2025\/03\/1-Twisting-Pathways-\u2013-Digitaldruck-von-LTj-A3-3-scaled.jpg 1810w\" sizes=\"auto, (max-width: 212px) 100vw, 212px\" \/><figcaption id=\"caption-attachment-2413\" class=\"wp-caption-text\">1 Twisting Pathways \u2013 Digitaldruck von LTj<\/figcaption><\/figure>\n<p>3 Bilder auf Rahmen A3<\/p>\n<p>1 Twisting Pathways \u2013 Digitaldruck von LTj<\/p>\n<p>Das faszinierende Kunstwerk &#8222;Twisting Pathways&#8220; entf\u00fchrt den Betrachter in eine surreale und atmosph\u00e4rische Stadtszene. \u2028Die europ\u00e4isch anmutende Fachwerkarchitektur auf der linken Seite trifft auf klassische Geb\u00e4udefassaden, die einen Hauch von Nostalgie vermitteln. \u2028Im Kontrast dazu steht eine geheimnisvolle, spiralf\u00f6rmige Struktur, die Dynamik und eine fast traumhafte Qualit\u00e4t in das Bild bringt.\u2028\u2028Eine einsame Figur im Vordergrund \u2013 m\u00f6glicherweise ein Reisender oder K\u00fcnstler \u2013 verst\u00e4rkt die erz\u00e4hlerische Tiefe und l\u00e4dt den Betrachter dazu ein, \u2028sich auf eine Reise durch diese unbekannte, aber faszinierende Szenerie zu begeben. \u2028Die kunstvolle Schraffierung und Schattierung verleihen dem Werk Tiefe und eine fast filmische Wirkung. \u2028Die Inschrift &#8222;LTj 2025&#8243; auf der Treppe k\u00f6nnte auf eine zeitliche oder pers\u00f6nliche Bedeutung des K\u00fcnstlers hinweisen, was die Interpretation zus\u00e4tzlich bereichert.\u2028\u2028Dieses hochwertige A3-Digitaldruck bringt die feinen Details und Strukturen des Originals perfekt zur Geltung und ist eine beeindruckende Erg\u00e4nzung f\u00fcr jede Kunstsammlung. \u2028&#8220;Twisting Pathways&#8220; l\u00e4dt den Betrachter dazu ein, sich in seiner geheimnisvollen Welt zu verlieren und eigene Bedeutungen zu entdecken.<\/p>\n<p>Preis: 3er 99 Euro (auf Leinwand)<\/p>\n<p>Plus Post &amp; Packing 9,90 with DHL<\/p>\n<p>Format: Digitaldruck, A3<br \/>\nK\u00fcnstler: LTj<br \/>\nHandsigniert<\/p>\n","protected":false},"excerpt":{"rendered":"<p>&nbsp; &nbsp; &nbsp; &nbsp; 1 Twisting Pathways \u2013 Digitaldruck von LTj &nbsp; 3 Bilder auf Rahmen A3 1 Twisting Pathways \u2013 Digitaldruck von LTj Das faszinierende Kunstwerk &#8222;Twisting Pathways&#8220; entf\u00fchrt&hellip;<\/p>\n","protected":false},"author":1,"featured_media":2416,"parent":0,"menu_order":0,"comment_status":"closed","ping_status":"closed","template":"","meta":{"footnotes":""},"class_list":["post-2407","page","type-page","status-publish","has-post-thumbnail","hentry"],"_links":{"self":[{"href":"https:\/\/ludwigthomajun.de\/index.php?rest_route=\/wp\/v2\/pages\/2407","targetHints":{"allow":["GET"]}}],"collection":[{"href":"https:\/\/ludwigthomajun.de\/index.php?rest_route=\/wp\/v2\/pages"}],"about":[{"href":"https:\/\/ludwigthomajun.de\/index.php?rest_route=\/wp\/v2\/types\/page"}],"author":[{"embeddable":true,"href":"https:\/\/ludwigthomajun.de\/index.php?rest_route=\/wp\/v2\/users\/1"}],"replies":[{"embeddable":true,"href":"https:\/\/ludwigthomajun.de\/index.php?rest_route=%2Fwp%2Fv2%2Fcomments&post=2407"}],"version-history":[{"count":15,"href":"https:\/\/ludwigthomajun.de\/index.php?rest_route=\/wp\/v2\/pages\/2407\/revisions"}],"predecessor-version":[{"id":2577,"href":"https:\/\/ludwigthomajun.de\/index.php?rest_route=\/wp\/v2\/pages\/2407\/revisions\/2577"}],"wp:featuredmedia":[{"embeddable":true,"href":"https:\/\/ludwigthomajun.de\/index.php?rest_route=\/wp\/v2\/media\/2416"}],"wp:attachment":[{"href":"https:\/\/ludwigthomajun.de\/index.php?rest_route=%2Fwp%2Fv2%2Fmedia&parent=2407"}],"curies":[{"name":"wp","href":"https:\/\/api.w.org\/{rel}","templated":true}]}}