{"id":2732,"date":"2025-05-04T17:19:01","date_gmt":"2025-05-04T17:19:01","guid":{"rendered":"https:\/\/ludwigthomajun.de\/?page_id=2732"},"modified":"2025-05-04T17:24:33","modified_gmt":"2025-05-04T17:24:33","slug":"xxxx","status":"publish","type":"page","link":"https:\/\/ludwigthomajun.de\/?page_id=2732","title":{"rendered":"1 Die Glut der Zeichen 999.- Euro mit Holzrahmen"},"content":{"rendered":"<p><img loading=\"lazy\" decoding=\"async\" class=\"aligncenter size-medium wp-image-2733\" src=\"https:\/\/ludwigthomajun.de\/wp-content\/uploads\/2025\/05\/IMG_3423-300x250.jpeg\" alt=\"\" width=\"300\" height=\"250\" srcset=\"https:\/\/ludwigthomajun.de\/wp-content\/uploads\/2025\/05\/IMG_3423-300x250.jpeg 300w, https:\/\/ludwigthomajun.de\/wp-content\/uploads\/2025\/05\/IMG_3423-1024x854.jpeg 1024w, https:\/\/ludwigthomajun.de\/wp-content\/uploads\/2025\/05\/IMG_3423-768x640.jpeg 768w, https:\/\/ludwigthomajun.de\/wp-content\/uploads\/2025\/05\/IMG_3423-1536x1280.jpeg 1536w, https:\/\/ludwigthomajun.de\/wp-content\/uploads\/2025\/05\/IMG_3423.jpeg 1754w\" sizes=\"auto, (max-width: 300px) 100vw, 300px\" \/><\/p>\n<p>1 Die Glut der Zeichen<br \/>\n**Medium:** Acrylfarbe auf Holz<br \/>\n**Gr\u00f6\u00dfe:** 75 x 75 cm<br \/>\n**Entstehungsjahr:** 2025<br \/>\n&#8212;<br \/>\n\u201eDie Glut der Zeichen\u201c ist ein vibrierendes Werk voller innerer Spannung, das auf den ersten Blick chaotisch wirken mag, sich jedoch bei genauerer Betrachtung als ein rhythmisches Spiel aus Symbolik, Emotion und Bewegung offenbart. Der kr\u00e4ftige Orange-Ton dominiert die Szenerie wie eine flammende Aura, in der sich schw\u00e4rzliche, serpentinenhafte Linien windend durch das Bild schl\u00e4ngeln. Diese Formen erinnern zugleich an Runen, archaische Tiere oder abstrakte Portr\u00e4ts, was dem Werk eine mystische Tiefe verleiht.\u2028\u2028Die Verwendung von Acryl auf Holz verleiht der Oberfl\u00e4che eine raue, fast organische Qualit\u00e4t. Die dunklen Linien wirken wie verkohlte Schriftz\u00fcge in einem Feuerfeld \u2013 eine visuelle Sprache, deren Botschaft nicht direkt entschl\u00fcsselt werden kann, aber emotional unmittelbar wirkt.\u2028\u2028Besonders bemerkenswert ist die Dynamik der Komposition. Die Formen scheinen sich gegenseitig zu durchdringen, als ob sie in einem energetischen Tanz gefangen w\u00e4ren. Zugleich wirkt die Malerei introspektiv: Als w\u00fcrde der Betrachter eingeladen, durch ein Fenster in einen inneren, traum\u00e4hnlichen Kosmos zu blicken.<br \/>\n**K\u00fcnstler: LTJ**<br \/>\n**Preis:** 999 \u20ac (Festpreis)<\/p>\n<div data-aidaform-app=\"form202405\" data-url=\"https:\/\/luggihitman.aidaform.com\/free-product-information-enquiry-form\" data-width=\"100%\" data-height=\"500px\" data-do-resize=\"\"><\/div>\n<p><script>(function(){var r,d=document,gt=d.getElementById,cr=d.createElement,tg=d.getElementsByTagName,id=\"aidaform-app\";if(!gt.call(d,id)){r=cr.call(d,\"script\");r.id=id;r.src=\"https:\/\/widget.aidaform.com\/embed.js\";(d.head || tg.call(d,\"head\")[0]).appendChild(r);}})()<\/script><\/p>\n","protected":false},"excerpt":{"rendered":"<p>1 Die Glut der Zeichen **Medium:** Acrylfarbe auf Holz **Gr\u00f6\u00dfe:** 75 x 75 cm **Entstehungsjahr:** 2025 &#8212; \u201eDie Glut der Zeichen\u201c ist ein vibrierendes Werk voller innerer Spannung, das auf&hellip;<\/p>\n","protected":false},"author":1,"featured_media":0,"parent":0,"menu_order":0,"comment_status":"closed","ping_status":"closed","template":"","meta":{"footnotes":""},"class_list":["post-2732","page","type-page","status-publish","hentry"],"_links":{"self":[{"href":"https:\/\/ludwigthomajun.de\/index.php?rest_route=\/wp\/v2\/pages\/2732","targetHints":{"allow":["GET"]}}],"collection":[{"href":"https:\/\/ludwigthomajun.de\/index.php?rest_route=\/wp\/v2\/pages"}],"about":[{"href":"https:\/\/ludwigthomajun.de\/index.php?rest_route=\/wp\/v2\/types\/page"}],"author":[{"embeddable":true,"href":"https:\/\/ludwigthomajun.de\/index.php?rest_route=\/wp\/v2\/users\/1"}],"replies":[{"embeddable":true,"href":"https:\/\/ludwigthomajun.de\/index.php?rest_route=%2Fwp%2Fv2%2Fcomments&post=2732"}],"version-history":[{"count":4,"href":"https:\/\/ludwigthomajun.de\/index.php?rest_route=\/wp\/v2\/pages\/2732\/revisions"}],"predecessor-version":[{"id":2739,"href":"https:\/\/ludwigthomajun.de\/index.php?rest_route=\/wp\/v2\/pages\/2732\/revisions\/2739"}],"wp:attachment":[{"href":"https:\/\/ludwigthomajun.de\/index.php?rest_route=%2Fwp%2Fv2%2Fmedia&parent=2732"}],"curies":[{"name":"wp","href":"https:\/\/api.w.org\/{rel}","templated":true}]}}