{"id":2777,"date":"2025-05-14T07:04:58","date_gmt":"2025-05-14T07:04:58","guid":{"rendered":"https:\/\/ludwigthomajun.de\/?page_id=2777"},"modified":"2025-05-20T15:32:33","modified_gmt":"2025-05-20T15:32:33","slug":"katalog-zeichnungen","status":"publish","type":"page","link":"https:\/\/ludwigthomajun.de\/?page_id=2777","title":{"rendered":"Katalog Zeichnungen  92 A3 The Piano Mirror 2025  Maler LTJ"},"content":{"rendered":"<p><img loading=\"lazy\" decoding=\"async\" class=\"aligncenter size-medium wp-image-2779\" src=\"https:\/\/ludwigthomajun.de\/wp-content\/uploads\/2025\/05\/92-A3-The-Piano-Mirror-2025-Maler-LTJ-3-212x300.jpg\" alt=\"\" width=\"212\" height=\"300\" srcset=\"https:\/\/ludwigthomajun.de\/wp-content\/uploads\/2025\/05\/92-A3-The-Piano-Mirror-2025-Maler-LTJ-3-212x300.jpg 212w, https:\/\/ludwigthomajun.de\/wp-content\/uploads\/2025\/05\/92-A3-The-Piano-Mirror-2025-Maler-LTJ-3-724x1024.jpg 724w, https:\/\/ludwigthomajun.de\/wp-content\/uploads\/2025\/05\/92-A3-The-Piano-Mirror-2025-Maler-LTJ-3-768x1086.jpg 768w, https:\/\/ludwigthomajun.de\/wp-content\/uploads\/2025\/05\/92-A3-The-Piano-Mirror-2025-Maler-LTJ-3-1086x1536.jpg 1086w, https:\/\/ludwigthomajun.de\/wp-content\/uploads\/2025\/05\/92-A3-The-Piano-Mirror-2025-Maler-LTJ-3-1448x2048.jpg 1448w, https:\/\/ludwigthomajun.de\/wp-content\/uploads\/2025\/05\/92-A3-The-Piano-Mirror-2025-Maler-LTJ-3-scaled.jpg 1810w\" sizes=\"auto, (max-width: 212px) 100vw, 212px\" \/> <img loading=\"lazy\" decoding=\"async\" class=\"aligncenter size-medium wp-image-2780\" src=\"https:\/\/ludwigthomajun.de\/wp-content\/uploads\/2025\/05\/92-A3-The-Piano-Mirror-2025-Maler-LTJ-2-3-212x300.jpg\" alt=\"\" width=\"212\" height=\"300\" srcset=\"https:\/\/ludwigthomajun.de\/wp-content\/uploads\/2025\/05\/92-A3-The-Piano-Mirror-2025-Maler-LTJ-2-3-212x300.jpg 212w, https:\/\/ludwigthomajun.de\/wp-content\/uploads\/2025\/05\/92-A3-The-Piano-Mirror-2025-Maler-LTJ-2-3-724x1024.jpg 724w, https:\/\/ludwigthomajun.de\/wp-content\/uploads\/2025\/05\/92-A3-The-Piano-Mirror-2025-Maler-LTJ-2-3-768x1086.jpg 768w, https:\/\/ludwigthomajun.de\/wp-content\/uploads\/2025\/05\/92-A3-The-Piano-Mirror-2025-Maler-LTJ-2-3-1086x1536.jpg 1086w, https:\/\/ludwigthomajun.de\/wp-content\/uploads\/2025\/05\/92-A3-The-Piano-Mirror-2025-Maler-LTJ-2-3-1448x2048.jpg 1448w, https:\/\/ludwigthomajun.de\/wp-content\/uploads\/2025\/05\/92-A3-The-Piano-Mirror-2025-Maler-LTJ-2-3-scaled.jpg 1810w\" sizes=\"auto, (max-width: 212px) 100vw, 212px\" \/><\/p>\n<p>92 A3 The Piano Mirror 2025 Maler LTJ<br \/>\nPrice Three Pictures<br \/>\none in Black<br \/>\none in 60th Style<br \/>\none Acryl A3<\/p>\n<p>Preis auf Anfrage<\/p>\n<p>92 Der Klavierspiegel<br \/>\nK\u00fcnstler: LTJ<br \/>\nFormat: A3<br \/>\nTechnik: Acrylfarbe auf Papier (Vorzeichnung)<br \/>\nWerkbesprechung:<br \/>\nEin Fl\u00fcgel steht im Zentrum \u2013 doch nicht auf einer B\u00fchne, sondern in einem Raum, der eher an einen Traum erinnert als an Architektur. Noten schweben durch die Luft, als w\u00e4ren sie Erinnerungen, nicht Kl\u00e4nge. Ein Mann mit Zylinder l\u00e4chelt dem Betrachter entgegen, halb Figur, halb Erscheinung. Sein K\u00f6rper scheint leicht zu verschwimmen, wie aus T\u00f6nen geboren. \u00dcber allem liegt ein Blick \u2013 zwei spiralf\u00f6rmige Augen, die sich weit \u00f6ffnen und gleichzeitig ins Innere kehren.\u2028\u2028Gesichter schweben durch den Raum \u2013 maskenhaft oder geisterhaft. Zwischen den W\u00e4nden \u00f6ffnen sich Formen, aus denen Linien str\u00f6men wie Wellen von Melodie oder Ged\u00e4chtnis. Die Stimmung ist hypnotisch, beinahe \u00fcberirdisch, ein Klangraum aus Linien und Pr\u00e4senz. Die linke Seite wird von einer Art Baum oder S\u00e4ule gehalten, durch die sich eine Spirale windet \u2013 wie eine musikalische DNA.\u2028\u2028Trotz der graphischen Umsetzung sp\u00fcrt man: dieses Werk will in Farbe gedacht sein. Acrylfarbe w\u00fcrde den schwimmenden T\u00f6nen, den geisterhaften Gesichtern und dem schimmernden Boden die Tiefe und Schichtung geben, die sie verdienen. Man ahnt bereits die k\u00fchlen Blaut\u00f6ne, das warme Licht \u00fcber dem Klavier, die schwebenden Violettschatten der Musik.<br \/>\nDeutung:<br \/>\n\u201eDer Klavierspiegel\u201c ist eine Meditation \u00fcber Musik und Erinnerung. Der Raum wird zur Seele, der Fl\u00fcgel zum Herzst\u00fcck \u2013 ein Ort, an dem T\u00f6ne Gestalt annehmen und sich wieder verfl\u00fcchtigen. Die Spiralen in den Augen deuten auf Trance, auf einen inneren Zustand, in dem Wahrnehmung Klang wird und Klang zum Bild.\u2028\u2028Der Pianist ist nicht Darsteller, sondern Medium \u2013 ein \u00dcbertr\u00e4ger zwischen den Welten.<br \/>\nFazit:<br \/>\nEin surreales, lyrisches Bild, das Musik sichtbar macht und den Betrachter in eine andere Wahrnehmungsebene zieht. Mit Acrylfarbe umgesetzt, k\u00f6nnte dieses Werk zu einem leuchtenden Fenster in das Innere werden \u2013 ein Bild, das nicht nur gesehen, sondern geh\u00f6rt werden will.<\/p>\n<p>_________________________________________________________<\/p>\n<div data-aidaform-app=\"form202405\" data-url=\"https:\/\/luggihitman.aidaform.com\/free-product-information-enquiry-form\" data-width=\"100%\" data-height=\"500px\" data-do-resize><\/div>\n<p><script>(function(){var r,d=document,gt=d.getElementById,cr=d.createElement,tg=d.getElementsByTagName,id=\"aidaform-app\";if(!gt.call(d,id)){r=cr.call(d,\"script\");r.id=id;r.src=\"https:\/\/widget.aidaform.com\/embed.js\";(d.head || tg.call(d,\"head\")[0]).appendChild(r);}})()<\/script><\/p>\n","protected":false},"excerpt":{"rendered":"<p>92 A3 The Piano Mirror 2025 Maler LTJ Price Three Pictures one in Black one in 60th Style one Acryl A3 Preis auf Anfrage 92 Der Klavierspiegel K\u00fcnstler: LTJ Format:&hellip;<\/p>\n","protected":false},"author":1,"featured_media":2779,"parent":0,"menu_order":0,"comment_status":"closed","ping_status":"closed","template":"","meta":{"footnotes":""},"class_list":["post-2777","page","type-page","status-publish","has-post-thumbnail","hentry"],"_links":{"self":[{"href":"https:\/\/ludwigthomajun.de\/index.php?rest_route=\/wp\/v2\/pages\/2777","targetHints":{"allow":["GET"]}}],"collection":[{"href":"https:\/\/ludwigthomajun.de\/index.php?rest_route=\/wp\/v2\/pages"}],"about":[{"href":"https:\/\/ludwigthomajun.de\/index.php?rest_route=\/wp\/v2\/types\/page"}],"author":[{"embeddable":true,"href":"https:\/\/ludwigthomajun.de\/index.php?rest_route=\/wp\/v2\/users\/1"}],"replies":[{"embeddable":true,"href":"https:\/\/ludwigthomajun.de\/index.php?rest_route=%2Fwp%2Fv2%2Fcomments&post=2777"}],"version-history":[{"count":5,"href":"https:\/\/ludwigthomajun.de\/index.php?rest_route=\/wp\/v2\/pages\/2777\/revisions"}],"predecessor-version":[{"id":2876,"href":"https:\/\/ludwigthomajun.de\/index.php?rest_route=\/wp\/v2\/pages\/2777\/revisions\/2876"}],"wp:featuredmedia":[{"embeddable":true,"href":"https:\/\/ludwigthomajun.de\/index.php?rest_route=\/wp\/v2\/media\/2779"}],"wp:attachment":[{"href":"https:\/\/ludwigthomajun.de\/index.php?rest_route=%2Fwp%2Fv2%2Fmedia&parent=2777"}],"curies":[{"name":"wp","href":"https:\/\/api.w.org\/{rel}","templated":true}]}}