{"id":2834,"date":"2025-05-18T15:30:32","date_gmt":"2025-05-18T15:30:32","guid":{"rendered":"https:\/\/ludwigthomajun.de\/?page_id=2834"},"modified":"2025-05-20T15:35:37","modified_gmt":"2025-05-20T15:35:37","slug":"113-window-light-the-quiet-waiting-maler-ltj-2025","status":"publish","type":"page","link":"https:\/\/ludwigthomajun.de\/?page_id=2834","title":{"rendered":"113 Window Light \u2013 The Quiet Waiting Maler LTj 2025"},"content":{"rendered":"<p><img loading=\"lazy\" decoding=\"async\" class=\"aligncenter size-medium wp-image-2835\" src=\"https:\/\/ludwigthomajun.de\/wp-content\/uploads\/2025\/05\/113-A3-Window-Light-\u2013-The-Quiet-WaitingMaler-LTJ-2-212x300.jpg\" alt=\"\" width=\"212\" height=\"300\" srcset=\"https:\/\/ludwigthomajun.de\/wp-content\/uploads\/2025\/05\/113-A3-Window-Light-\u2013-The-Quiet-WaitingMaler-LTJ-2-212x300.jpg 212w, https:\/\/ludwigthomajun.de\/wp-content\/uploads\/2025\/05\/113-A3-Window-Light-\u2013-The-Quiet-WaitingMaler-LTJ-2-724x1024.jpg 724w, https:\/\/ludwigthomajun.de\/wp-content\/uploads\/2025\/05\/113-A3-Window-Light-\u2013-The-Quiet-WaitingMaler-LTJ-2-768x1086.jpg 768w, https:\/\/ludwigthomajun.de\/wp-content\/uploads\/2025\/05\/113-A3-Window-Light-\u2013-The-Quiet-WaitingMaler-LTJ-2-1086x1536.jpg 1086w, https:\/\/ludwigthomajun.de\/wp-content\/uploads\/2025\/05\/113-A3-Window-Light-\u2013-The-Quiet-WaitingMaler-LTJ-2-1448x2048.jpg 1448w, https:\/\/ludwigthomajun.de\/wp-content\/uploads\/2025\/05\/113-A3-Window-Light-\u2013-The-Quiet-WaitingMaler-LTJ-2-scaled.jpg 1810w\" sizes=\"auto, (max-width: 212px) 100vw, 212px\" \/> <img loading=\"lazy\" decoding=\"async\" class=\"aligncenter size-medium wp-image-2836\" src=\"https:\/\/ludwigthomajun.de\/wp-content\/uploads\/2025\/05\/113-A3-Window-Light-\u2013-The-Quiet-WaitingMaler-LTJ-2-2-212x300.jpg\" alt=\"\" width=\"212\" height=\"300\" srcset=\"https:\/\/ludwigthomajun.de\/wp-content\/uploads\/2025\/05\/113-A3-Window-Light-\u2013-The-Quiet-WaitingMaler-LTJ-2-2-212x300.jpg 212w, https:\/\/ludwigthomajun.de\/wp-content\/uploads\/2025\/05\/113-A3-Window-Light-\u2013-The-Quiet-WaitingMaler-LTJ-2-2-724x1024.jpg 724w, https:\/\/ludwigthomajun.de\/wp-content\/uploads\/2025\/05\/113-A3-Window-Light-\u2013-The-Quiet-WaitingMaler-LTJ-2-2-768x1086.jpg 768w, https:\/\/ludwigthomajun.de\/wp-content\/uploads\/2025\/05\/113-A3-Window-Light-\u2013-The-Quiet-WaitingMaler-LTJ-2-2-1086x1536.jpg 1086w, https:\/\/ludwigthomajun.de\/wp-content\/uploads\/2025\/05\/113-A3-Window-Light-\u2013-The-Quiet-WaitingMaler-LTJ-2-2-1448x2048.jpg 1448w, https:\/\/ludwigthomajun.de\/wp-content\/uploads\/2025\/05\/113-A3-Window-Light-\u2013-The-Quiet-WaitingMaler-LTJ-2-2-scaled.jpg 1810w\" sizes=\"auto, (max-width: 212px) 100vw, 212px\" \/><\/p>\n<p>113 Fensterlicht \u2013 Das stille Warten<\/p>\n<p>K\u00fcnstler: LTJ<br \/>\nFormat: A3, Digitaldruck<br \/>\nVersionen:<br \/>\n1. Schwarz-Wei\u00df<br \/>\n2. Gr\u00fcner 60er-Jahre-Stil<br \/>\n3. Acryl-Version<br \/>\n\u00a0<br \/>\nIn *Fensterlicht* gelingt LTJ mit wenigen, tastenden Bleistiftlinien ein stilles, fast meditations\u00e4hnliches Bild. Eine in Decken geh\u00fcllte Figur sitzt am Fenster, ruhig, erwartungsvoll oder einfach in sich versunken. Drau\u00dfen, vor der Scheibe, schwebt ein Vogel mit ausgebreiteten Fl\u00fcgeln \u2013 eingefroren im Moment des Aufpralls oder im Flug der Freiheit. Dieses Bild lebt von der Spannung zwischen Innen und Au\u00dfen, zwischen Geborgenheit und Sehnsucht.\u2028\u2028Der Vogel wirkt wie ein Bote, wie eine Erscheinung \u2013 halb real, halb symbolisch. Ist es eine Taube des Friedens? Ein Sperling der Erinnerung? Oder nur der Spiegel eines inneren Zustands? Die Figur im Raum \u2013 anonym, mit offenen Augen, aber regungslos \u2013 scheint nicht \u00fcberrascht. Sie wei\u00df vielleicht, dass der Vogel wiederkommt. Oder dass er nie wirklich weg war.\u2028\u2028Ein Topf mit einer Pflanze, abstrahiert und doch pr\u00e4sent, steht am Fensterbrett. Leben im Innern \u2013 oder ein stiller Gru\u00df an das Drau\u00dfen? Die Szene wirkt wie ein Traum, ein fl\u00fcchtiger Gedanke, der beim Erwachen noch in der Luft h\u00e4ngt.\u2028\u2028Die Schwarz-Wei\u00df-Version unterstreicht die melancholische Ruhe des Moments. In der gr\u00fcnen 60s-Version k\u00f6nnte man die Figur fast als Zeitreisende lesen, als Psyche im Modus der R\u00fcckschau. Die Acryl-Variante w\u00fcrde den Vogel im Fenster zum magischen Brennpunkt des Bildes machen \u2013 eine leuchtende Grenze zwischen Traum und Realit\u00e4t.\u2028\u2028*Fensterlicht* ist eine zarte Zeichnung \u00fcber das Warten, das Erinnern und den leisen Moment, in dem man das Au\u00dfen nicht mehr von sich selbst trennen kann. Es ist kein dramatisches Werk \u2013 aber eines, das lange nachklingt.<\/p>\n<p>113 Window Light \u2013 The Quiet Waiting<\/p>\n<p>Artist: LTJ<br \/>\nFormat: A3, Digital Print<br \/>\nVersions:<br \/>\n1. Black and White<br \/>\n2. Green 60s Style<br \/>\n3. Acrylic Version<br \/>\n\u00a0<br \/>\nIn *Window Light*, LTJ creates a quiet, almost meditative image with just a few careful pencil lines. A figure wrapped in blankets sits by the window\u2014calm, expectant, or simply absorbed in thought. Outside, beyond the pane, a bird hovers with outstretched wings\u2014caught in the moment of collision or in the flight of freedom. This drawing lives from the tension between inside and outside, between shelter and longing.\u2028\u2028The bird seems like a messenger, like an apparition\u2014half real, half symbolic. Is it a dove of peace? A sparrow of memory? Or just the reflection of an inner state? The figure inside\u2014anonymous, eyes open but still\u2014doesn\u2019t seem surprised. Perhaps they know the bird will return. Or that it never really left.\u2028\u2028A pot with a plant, abstract but present, stands on the windowsill. Life within\u2014or a silent greeting to the outside? The scene feels like a dream, a fleeting thought that still lingers upon waking.\u2028\u2028The black-and-white version emphasizes the melancholic calm of the moment. In the green 60s style, one could almost read the figure as a time traveler, a psyche in the mode of retrospection. The acrylic version would turn the bird in the window into the magical focal point of the image\u2014a luminous threshold between dream and reality.\u2028\u2028*Window Light* is a delicate drawing about waiting, remembering, and that quiet moment when the outside can no longer be separated from the self. It\u2019s not a dramatic work\u2014but one that resonates long after.<\/p>\n<div data-aidaform-app=\"form202405\" data-url=\"https:\/\/luggihitman.aidaform.com\/free-product-information-enquiry-form\" data-width=\"100%\" data-height=\"500px\" data-do-resize><\/div>\n<p><script>(function(){var r,d=document,gt=d.getElementById,cr=d.createElement,tg=d.getElementsByTagName,id=\"aidaform-app\";if(!gt.call(d,id)){r=cr.call(d,\"script\");r.id=id;r.src=\"https:\/\/widget.aidaform.com\/embed.js\";(d.head || tg.call(d,\"head\")[0]).appendChild(r);}})()<\/script><\/p>\n","protected":false},"excerpt":{"rendered":"<p>113 Fensterlicht \u2013 Das stille Warten K\u00fcnstler: LTJ Format: A3, Digitaldruck Versionen: 1. Schwarz-Wei\u00df 2. Gr\u00fcner 60er-Jahre-Stil 3. Acryl-Version \u00a0 In *Fensterlicht* gelingt LTJ mit wenigen, tastenden Bleistiftlinien ein stilles,&hellip;<\/p>\n","protected":false},"author":1,"featured_media":2835,"parent":0,"menu_order":0,"comment_status":"closed","ping_status":"closed","template":"","meta":{"footnotes":""},"class_list":["post-2834","page","type-page","status-publish","has-post-thumbnail","hentry"],"_links":{"self":[{"href":"https:\/\/ludwigthomajun.de\/index.php?rest_route=\/wp\/v2\/pages\/2834","targetHints":{"allow":["GET"]}}],"collection":[{"href":"https:\/\/ludwigthomajun.de\/index.php?rest_route=\/wp\/v2\/pages"}],"about":[{"href":"https:\/\/ludwigthomajun.de\/index.php?rest_route=\/wp\/v2\/types\/page"}],"author":[{"embeddable":true,"href":"https:\/\/ludwigthomajun.de\/index.php?rest_route=\/wp\/v2\/users\/1"}],"replies":[{"embeddable":true,"href":"https:\/\/ludwigthomajun.de\/index.php?rest_route=%2Fwp%2Fv2%2Fcomments&post=2834"}],"version-history":[{"count":2,"href":"https:\/\/ludwigthomajun.de\/index.php?rest_route=\/wp\/v2\/pages\/2834\/revisions"}],"predecessor-version":[{"id":2884,"href":"https:\/\/ludwigthomajun.de\/index.php?rest_route=\/wp\/v2\/pages\/2834\/revisions\/2884"}],"wp:featuredmedia":[{"embeddable":true,"href":"https:\/\/ludwigthomajun.de\/index.php?rest_route=\/wp\/v2\/media\/2835"}],"wp:attachment":[{"href":"https:\/\/ludwigthomajun.de\/index.php?rest_route=%2Fwp%2Fv2%2Fmedia&parent=2834"}],"curies":[{"name":"wp","href":"https:\/\/api.w.org\/{rel}","templated":true}]}}