{"id":2841,"date":"2025-05-18T17:10:34","date_gmt":"2025-05-18T17:10:34","guid":{"rendered":"https:\/\/ludwigthomajun.de\/?page_id=2841"},"modified":"2025-05-20T15:33:04","modified_gmt":"2025-05-20T15:33:04","slug":"104-the-guardians-path-artist-ltj-2025","status":"publish","type":"page","link":"https:\/\/ludwigthomajun.de\/?page_id=2841","title":{"rendered":"104 The Guardian&#8217;s Path Artist: LTJ 2025"},"content":{"rendered":"<p><img loading=\"lazy\" decoding=\"async\" src=\"https:\/\/ludwigthomajun.de\/wp-content\/uploads\/2025\/05\/104-A3-The-Guardians-Path-Artist-LTJ-2025-Maler-LTJ-2-3-300x212.jpg\" alt=\"\" width=\"300\" height=\"212\" class=\"aligncenter size-medium wp-image-2842\" srcset=\"https:\/\/ludwigthomajun.de\/wp-content\/uploads\/2025\/05\/104-A3-The-Guardians-Path-Artist-LTJ-2025-Maler-LTJ-2-3-300x212.jpg 300w, https:\/\/ludwigthomajun.de\/wp-content\/uploads\/2025\/05\/104-A3-The-Guardians-Path-Artist-LTJ-2025-Maler-LTJ-2-3-1024x724.jpg 1024w, https:\/\/ludwigthomajun.de\/wp-content\/uploads\/2025\/05\/104-A3-The-Guardians-Path-Artist-LTJ-2025-Maler-LTJ-2-3-768x543.jpg 768w, https:\/\/ludwigthomajun.de\/wp-content\/uploads\/2025\/05\/104-A3-The-Guardians-Path-Artist-LTJ-2025-Maler-LTJ-2-3-1536x1086.jpg 1536w, https:\/\/ludwigthomajun.de\/wp-content\/uploads\/2025\/05\/104-A3-The-Guardians-Path-Artist-LTJ-2025-Maler-LTJ-2-3-2048x1448.jpg 2048w\" sizes=\"auto, (max-width: 300px) 100vw, 300px\" \/><\/p>\n<p><img loading=\"lazy\" decoding=\"async\" src=\"https:\/\/ludwigthomajun.de\/wp-content\/uploads\/2025\/05\/104-A3-The-Guardians-Path-Artist-LTJ-2025-Maler-LTJ-2-300x212.jpg\" alt=\"\" width=\"300\" height=\"212\" class=\"aligncenter size-medium wp-image-2843\" srcset=\"https:\/\/ludwigthomajun.de\/wp-content\/uploads\/2025\/05\/104-A3-The-Guardians-Path-Artist-LTJ-2025-Maler-LTJ-2-300x212.jpg 300w, https:\/\/ludwigthomajun.de\/wp-content\/uploads\/2025\/05\/104-A3-The-Guardians-Path-Artist-LTJ-2025-Maler-LTJ-2-1024x724.jpg 1024w, https:\/\/ludwigthomajun.de\/wp-content\/uploads\/2025\/05\/104-A3-The-Guardians-Path-Artist-LTJ-2025-Maler-LTJ-2-768x543.jpg 768w, https:\/\/ludwigthomajun.de\/wp-content\/uploads\/2025\/05\/104-A3-The-Guardians-Path-Artist-LTJ-2025-Maler-LTJ-2-1536x1086.jpg 1536w, https:\/\/ludwigthomajun.de\/wp-content\/uploads\/2025\/05\/104-A3-The-Guardians-Path-Artist-LTJ-2025-Maler-LTJ-2-2048x1448.jpg 2048w\" sizes=\"auto, (max-width: 300px) 100vw, 300px\" \/><\/p>\n<p>104 The Guardian&#8217;s Path<br \/>\nArtist: LTJ<br \/>\nFormat: A3, Digital Print<br \/>\nVersions:<br \/>\n1. Black and White<br \/>\n2. Green 60s Style<br \/>\n3. Acrylic Version<br \/>\n\u00a0<br \/>\nThe Guardian&#8217;s Path by LTJ is a haunting exploration of surrealism, merging the tangible with the mystical. The composition is dominated by a stone archway crowned with a singular, unblinking eye\u2014a symbol of perpetual observation and hidden knowledge. Emerging from this ancient portal is a spectral figure, part guardian, part wanderer, whose presence is both ethereal and unsettling. The winding, cobblestone path that flows from the doorway evokes a sense of endless journeying, stretching into a landscape of storms and distant, jagged peaks.\u2028\u2028The Black and White version sharpens the starkness of light and shadow, highlighting the textures of stone and the fluidity of the path. The Green 60s Style edition introduces a psychedelic element, blending vintage aesthetics with a dreamlike ambiance, almost as if the scene exists within the folds of memory. The Acrylic Version bursts with texture and vibrancy, deepening the contrast and adding a tactile sensation to the brickwork and swirling skies.\u2028\u2028LTJ&#8217;s mastery in blending surreal architecture with shadowy landscapes invites the viewer into a world where the path is both a beginning and an end, guarded by eyes that never sleep. A testament to the artist&#8217;s unique vision and surreal storytelling.<\/p>\n<p>104 Der Pfad des W\u00e4chters<br \/>\nK\u00fcnstler: LTJ<br \/>\nFormat: A3, Digitaldruck<br \/>\nVersionen:<br \/>\n1. Schwarz-Wei\u00df<br \/>\n2. Gr\u00fcner 60er-Jahre-Stil<br \/>\n3. Acryl-Version<br \/>\n\u00a0<br \/>\nDer Pfad des W\u00e4chters von LTJ ist eine eindringliche Erforschung des Surrealismus, in der das Greifbare mit dem Mystischen verschmilzt. Die Komposition wird von einem steinernen Torbogen dominiert, der von einem einzigen, unbeweglichen Auge gekr\u00f6nt wird \u2013 ein Symbol f\u00fcr ewige Beobachtung und verborgenes Wissen. Aus diesem alten Portal tritt eine geisterhafte Gestalt hervor, teils W\u00e4chter, teils Wanderer, deren Pr\u00e4senz sowohl \u00e4therisch als auch beunruhigend wirkt. Der geschwungene, gepflasterte Pfad, der aus dem Tor herausf\u00fchrt, evoziert ein Gef\u00fchl unendlicher Reise, das sich in eine Landschaft aus St\u00fcrmen und fernen, gezackten Gipfeln erstreckt.\u2028\u2028Die Schwarz-Wei\u00df-Version sch\u00e4rft die Kontraste von Licht und Schatten und hebt die Strukturen des Steins sowie die flie\u00dfenden Linien des Pfades hervor. Die Gr\u00fcner 60er-Jahre-Stil-Edition f\u00fcgt ein psychedelisches Element hinzu, das Vintage-\u00c4sthetik mit einer traumhaften Atmosph\u00e4re vereint, fast so, als w\u00fcrde die Szene in den Falten der Erinnerung existieren. Die Acryl-Version explodiert f\u00f6rmlich in Textur und Lebendigkeit, vertieft die Kontraste und verleiht dem Mauerwerk und dem wirbelnden Himmel eine sp\u00fcrbare Haptik.\u2028\u2028LTJs Meisterschaft in der Verschmelzung surrealer Architektur mit schattigen Landschaften l\u00e4dt den Betrachter ein in eine Welt, in der der Pfad sowohl Anfang als auch Ende ist, bewacht von Augen, die niemals schlafen. Ein Zeugnis der einzigartigen Vision des K\u00fcnstlers und surrealer Erz\u00e4hlkunst.<\/p>\n<div data-aidaform-app=\"form202405\" data-url=\"https:\/\/luggihitman.aidaform.com\/free-product-information-enquiry-form\" data-width=\"100%\" data-height=\"500px\" data-do-resize><\/div>\n<p><script>(function(){var r,d=document,gt=d.getElementById,cr=d.createElement,tg=d.getElementsByTagName,id=\"aidaform-app\";if(!gt.call(d,id)){r=cr.call(d,\"script\");r.id=id;r.src=\"https:\/\/widget.aidaform.com\/embed.js\";(d.head || tg.call(d,\"head\")[0]).appendChild(r);}})()<\/script><\/p>\n","protected":false},"excerpt":{"rendered":"<p>104 The Guardian&#8217;s Path Artist: LTJ Format: A3, Digital Print Versions: 1. Black and White 2. Green 60s Style 3. Acrylic Version \u00a0 The Guardian&#8217;s Path by LTJ is a&hellip;<\/p>\n","protected":false},"author":1,"featured_media":2843,"parent":0,"menu_order":0,"comment_status":"closed","ping_status":"closed","template":"","meta":{"footnotes":""},"class_list":["post-2841","page","type-page","status-publish","has-post-thumbnail","hentry"],"_links":{"self":[{"href":"https:\/\/ludwigthomajun.de\/index.php?rest_route=\/wp\/v2\/pages\/2841","targetHints":{"allow":["GET"]}}],"collection":[{"href":"https:\/\/ludwigthomajun.de\/index.php?rest_route=\/wp\/v2\/pages"}],"about":[{"href":"https:\/\/ludwigthomajun.de\/index.php?rest_route=\/wp\/v2\/types\/page"}],"author":[{"embeddable":true,"href":"https:\/\/ludwigthomajun.de\/index.php?rest_route=\/wp\/v2\/users\/1"}],"replies":[{"embeddable":true,"href":"https:\/\/ludwigthomajun.de\/index.php?rest_route=%2Fwp%2Fv2%2Fcomments&post=2841"}],"version-history":[{"count":3,"href":"https:\/\/ludwigthomajun.de\/index.php?rest_route=\/wp\/v2\/pages\/2841\/revisions"}],"predecessor-version":[{"id":2877,"href":"https:\/\/ludwigthomajun.de\/index.php?rest_route=\/wp\/v2\/pages\/2841\/revisions\/2877"}],"wp:featuredmedia":[{"embeddable":true,"href":"https:\/\/ludwigthomajun.de\/index.php?rest_route=\/wp\/v2\/media\/2843"}],"wp:attachment":[{"href":"https:\/\/ludwigthomajun.de\/index.php?rest_route=%2Fwp%2Fv2%2Fmedia&parent=2841"}],"curies":[{"name":"wp","href":"https:\/\/api.w.org\/{rel}","templated":true}]}}