{"id":2865,"date":"2025-05-20T15:00:14","date_gmt":"2025-05-20T15:00:14","guid":{"rendered":"https:\/\/ludwigthomajun.de\/?page_id=2865"},"modified":"2025-05-20T15:33:24","modified_gmt":"2025-05-20T15:33:24","slug":"105-slowmotionland-in-the-realm-of-the-gliding-snail-maler-ltj-2025","status":"publish","type":"page","link":"https:\/\/ludwigthomajun.de\/?page_id=2865","title":{"rendered":"105 Slowmotionland \u2013 In the Realm of the Gliding Snail Maler LTj 2025"},"content":{"rendered":"<figure id=\"attachment_2866\" aria-describedby=\"caption-attachment-2866\" style=\"width: 300px\" class=\"wp-caption aligncenter\"><img loading=\"lazy\" decoding=\"async\" class=\"size-medium wp-image-2866\" src=\"https:\/\/ludwigthomajun.de\/wp-content\/uploads\/2025\/05\/105-Slowmotionland-\u2013-In-the-Realm-of-the-Gliding-Snail0A-2-300x203.jpeg\" alt=\"\" width=\"300\" height=\"203\" srcset=\"https:\/\/ludwigthomajun.de\/wp-content\/uploads\/2025\/05\/105-Slowmotionland-\u2013-In-the-Realm-of-the-Gliding-Snail0A-2-300x203.jpeg 300w, https:\/\/ludwigthomajun.de\/wp-content\/uploads\/2025\/05\/105-Slowmotionland-\u2013-In-the-Realm-of-the-Gliding-Snail0A-2-1024x692.jpeg 1024w, https:\/\/ludwigthomajun.de\/wp-content\/uploads\/2025\/05\/105-Slowmotionland-\u2013-In-the-Realm-of-the-Gliding-Snail0A-2-768x519.jpeg 768w, https:\/\/ludwigthomajun.de\/wp-content\/uploads\/2025\/05\/105-Slowmotionland-\u2013-In-the-Realm-of-the-Gliding-Snail0A-2-1536x1037.jpeg 1536w, https:\/\/ludwigthomajun.de\/wp-content\/uploads\/2025\/05\/105-Slowmotionland-\u2013-In-the-Realm-of-the-Gliding-Snail0A-2-2048x1383.jpeg 2048w\" sizes=\"auto, (max-width: 300px) 100vw, 300px\" \/><figcaption id=\"caption-attachment-2866\" class=\"wp-caption-text\">105 Slowmotionland \u2013 In the Realm of the Gliding Snail Maler LTj 2025<\/figcaption><\/figure>\n<figure id=\"attachment_2867\" aria-describedby=\"caption-attachment-2867\" style=\"width: 300px\" class=\"wp-caption aligncenter\"><img loading=\"lazy\" decoding=\"async\" class=\"wp-image-2867 size-medium\" src=\"https:\/\/ludwigthomajun.de\/wp-content\/uploads\/2025\/05\/105-Slowmotionland-\u2013-In-the-Realm-of-the-Gliding-Snail0A3-300x203.jpeg\" alt=\"\" width=\"300\" height=\"203\" srcset=\"https:\/\/ludwigthomajun.de\/wp-content\/uploads\/2025\/05\/105-Slowmotionland-\u2013-In-the-Realm-of-the-Gliding-Snail0A3-300x203.jpeg 300w, https:\/\/ludwigthomajun.de\/wp-content\/uploads\/2025\/05\/105-Slowmotionland-\u2013-In-the-Realm-of-the-Gliding-Snail0A3-1024x692.jpeg 1024w, https:\/\/ludwigthomajun.de\/wp-content\/uploads\/2025\/05\/105-Slowmotionland-\u2013-In-the-Realm-of-the-Gliding-Snail0A3-768x519.jpeg 768w, https:\/\/ludwigthomajun.de\/wp-content\/uploads\/2025\/05\/105-Slowmotionland-\u2013-In-the-Realm-of-the-Gliding-Snail0A3-1536x1037.jpeg 1536w, https:\/\/ludwigthomajun.de\/wp-content\/uploads\/2025\/05\/105-Slowmotionland-\u2013-In-the-Realm-of-the-Gliding-Snail0A3-2048x1383.jpeg 2048w\" sizes=\"auto, (max-width: 300px) 100vw, 300px\" \/><figcaption id=\"caption-attachment-2867\" class=\"wp-caption-text\">105 Slowmotionland \u2013 In the Realm of the Gliding Snail Maler LTj 2025<\/figcaption><\/figure>\n<p>105 Langsamland \u2013 Im Reich der Gleitschnecke<\/p>\n<p>K\u00fcnstler: LTJ<br \/>\nFormat: A3, Digitaldruck<br \/>\nVersionen:<br \/>\n1. Schwarz-Wei\u00df<br \/>\n2. Gr\u00fcn, 60er Jahre Stil<br \/>\n3. Acryl-Version<\/p>\n<p>&nbsp;<\/p>\n<p>Preis auf Anfrage<\/p>\n<p>Dieses Werk von LTJ ist ein surrealer Tanz der Langsamkeit. Die Komposition gleicht einem Traum, der sich r\u00fcckw\u00e4rts bewegt: Eine bizarre Figur mit Schneckenhaus, fragendem Blick und mechanischen Gliedma\u00dfen kriecht durch eine aufgerissene Landschaft aus Linien, Fl\u00e4chen und Lichtsplittern. Der K\u00f6rper wirkt zusammengesetzt \u2013 halb Tier, halb Maschine, halb Kindheitswesen \u2013 und doch ist er in seiner Zerrissenheit voller Energie.\u2028\u2028Die Zeichnung spielt mit Kontrasten: Oben links strahlt ein helles Licht, aus dem ein melancholisches Tiergesicht hervortritt \u2013 vielleicht ein W\u00e4chter, vielleicht ein Gedanke, der sich l\u00f6sen will. Unten hingegen dominiert das groteske Wesen mit seinem fast komischen, fast traurigen Ausdruck. Seine Augen sind aufgerissen, der Mund wirkt halb ge\u00f6ffnet, als w\u00fcrde es versuchen zu sprechen oder zu atmen. Am hinteren Ende schiebt sich eine Schnecke in das Bild, ihr Haus fast ein Ziel, das die Kreatur zu erreichen scheint \u2013 oder tr\u00e4gt sie es bereits?\u2028\u2028Die Linienf\u00fchrung ist zackig, impulsiv, aber gezielt. In der Schwarz-Wei\u00df-Version kommt diese Energie besonders stark zur Geltung \u2013 wie eine Tuschezeichnung im Rausch. Die 60er-Jahre-Gr\u00fcn-Version verleiht der Szene eine psychedelische Ruhe, als w\u00e4re alles Teil eines gro\u00dfen Naturrhythmus. Die Acryl-Version k\u00f6nnte hier kr\u00e4ftige Farben setzen: Violette Schatten, ockerfarbene Haut, leuchtend blaue Spiralen.\u2028\u2028LTJ gelingt es mit wenigen Mitteln, ein ganzes \u00d6kosystem der Langsamkeit zu schaffen \u2013 voller Spannung, Fragezeichen und poetischem Stillstand. Ein Bild, das sich nicht erkl\u00e4rt, aber tief bewegt.<\/p>\n<p>105 Slowmotionland \u2013 In the Realm of the Gliding Snail<\/p>\n<p>Artist: LTJ<br \/>\nFormat: A3, Digital Print<br \/>\nVersions:<br \/>\n1. Black and White<br \/>\n2. Green, 60s Style<br \/>\n3. Acrylic Version<\/p>\n<p>This work by LTJ is a surreal dance of slowness. The composition feels like a dream playing in reverse: A bizarre figure with a snail shell, questioning eyes, and mechanical limbs crawls through a torn landscape of lines, planes, and shards of light. The body appears assembled \u2013 part animal, part machine, part childhood creature \u2013 and yet, in its fragmentation, it pulses with energy.\u2028\u2028The drawing plays with contrasts: In the upper left, a radiant light shines, from which a melancholic animal face emerges \u2013 perhaps a guardian, or a thought seeking release. Below, the grotesque creature dominates the scene, its expression caught between comical and tragic. Its eyes are wide open, the mouth half agape, as if trying to speak or breathe. At the rear, a snail pushes into view, its shell almost a destination the creature seems to seek \u2013 or perhaps it&#8217;s already carrying it?\u2028\u2028The linework is jagged, impulsive, yet deliberate. In the black-and-white version, this energy is most pronounced \u2013 like an ink sketch made in a trance. The 60s-style green version gives the scene a psychedelic calm, as if everything were part of a great natural rhythm. The acrylic version could intensify the emotional weight with color: violet shadows, ochre skin, bright blue spirals.\u2028\u2028With minimal means, LTJ creates an entire ecosystem of slowness \u2013 full of tension, questions, and poetic stillness. A picture that offers no clear explanation, but resonates deeply.<\/p>\n<div data-aidaform-app=\"form202405\" data-url=\"https:\/\/luggihitman.aidaform.com\/free-product-information-enquiry-form\" data-width=\"100%\" data-height=\"500px\" data-do-resize><\/div>\n<p><script>(function(){var r,d=document,gt=d.getElementById,cr=d.createElement,tg=d.getElementsByTagName,id=\"aidaform-app\";if(!gt.call(d,id)){r=cr.call(d,\"script\");r.id=id;r.src=\"https:\/\/widget.aidaform.com\/embed.js\";(d.head || tg.call(d,\"head\")[0]).appendChild(r);}})()<\/script><\/p>\n","protected":false},"excerpt":{"rendered":"<p>105 Langsamland \u2013 Im Reich der Gleitschnecke K\u00fcnstler: LTJ Format: A3, Digitaldruck Versionen: 1. Schwarz-Wei\u00df 2. Gr\u00fcn, 60er Jahre Stil 3. Acryl-Version &nbsp; Preis auf Anfrage Dieses Werk von LTJ&hellip;<\/p>\n","protected":false},"author":1,"featured_media":2866,"parent":0,"menu_order":0,"comment_status":"closed","ping_status":"closed","template":"","meta":{"footnotes":""},"class_list":["post-2865","page","type-page","status-publish","has-post-thumbnail","hentry"],"_links":{"self":[{"href":"https:\/\/ludwigthomajun.de\/index.php?rest_route=\/wp\/v2\/pages\/2865","targetHints":{"allow":["GET"]}}],"collection":[{"href":"https:\/\/ludwigthomajun.de\/index.php?rest_route=\/wp\/v2\/pages"}],"about":[{"href":"https:\/\/ludwigthomajun.de\/index.php?rest_route=\/wp\/v2\/types\/page"}],"author":[{"embeddable":true,"href":"https:\/\/ludwigthomajun.de\/index.php?rest_route=\/wp\/v2\/users\/1"}],"replies":[{"embeddable":true,"href":"https:\/\/ludwigthomajun.de\/index.php?rest_route=%2Fwp%2Fv2%2Fcomments&post=2865"}],"version-history":[{"count":3,"href":"https:\/\/ludwigthomajun.de\/index.php?rest_route=\/wp\/v2\/pages\/2865\/revisions"}],"predecessor-version":[{"id":2878,"href":"https:\/\/ludwigthomajun.de\/index.php?rest_route=\/wp\/v2\/pages\/2865\/revisions\/2878"}],"wp:featuredmedia":[{"embeddable":true,"href":"https:\/\/ludwigthomajun.de\/index.php?rest_route=\/wp\/v2\/media\/2866"}],"wp:attachment":[{"href":"https:\/\/ludwigthomajun.de\/index.php?rest_route=%2Fwp%2Fv2%2Fmedia&parent=2865"}],"curies":[{"name":"wp","href":"https:\/\/api.w.org\/{rel}","templated":true}]}}