{"id":2933,"date":"2025-05-25T13:21:04","date_gmt":"2025-05-25T13:21:04","guid":{"rendered":"https:\/\/ludwigthomajun.de\/?page_id=2933"},"modified":"2025-05-26T19:24:10","modified_gmt":"2025-05-26T19:24:10","slug":"1-acryl-pen-review-ltj-bar-beneath-the-crescent-moon-painter-ltj-2025","status":"publish","type":"page","link":"https:\/\/ludwigthomajun.de\/?page_id=2933","title":{"rendered":"1 Acryl PEN Review \u2013 LTj: &#8222;Bar beneath the Crescent Moon&#8220; Painter LTj. 2025"},"content":{"rendered":"<div id='gallery-1' class='gallery galleryid-2933 gallery-columns-3 gallery-size-thumbnail'><figure class='gallery-item'>\n\t\t\t<div class='gallery-icon portrait'>\n\t\t\t\t<a href='https:\/\/ludwigthomajun.de\/?attachment_id=2934'><img loading=\"lazy\" decoding=\"async\" width=\"150\" height=\"150\" src=\"https:\/\/ludwigthomajun.de\/wp-content\/uploads\/2025\/05\/1.-Acryl-PEN-Review-\u2013-LTj-Bar-beneath-the-Crescent-Moon-Painter-LTj-2025-2-2-150x150.jpg\" class=\"attachment-thumbnail size-thumbnail\" alt=\"\" aria-describedby=\"gallery-1-2934\" \/><\/a>\n\t\t\t<\/div>\n\t\t\t\t<figcaption class='wp-caption-text gallery-caption' id='gallery-1-2934'>\n\t\t\t\t1 Acryl PEN Review \u2013 LTj: &#8222;Bar beneath the Crescent Moon&#8220; Painter LTj.\n\t\t\t\t<\/figcaption><\/figure><figure class='gallery-item'>\n\t\t\t<div class='gallery-icon portrait'>\n\t\t\t\t<a href='https:\/\/ludwigthomajun.de\/?attachment_id=2935'><img loading=\"lazy\" decoding=\"async\" width=\"150\" height=\"150\" src=\"https:\/\/ludwigthomajun.de\/wp-content\/uploads\/2025\/05\/1.-Acryl-PEN-Review-\u2013-LTj-Bar-beneath-the-Crescent-Moon-Painter-LTj-2025-2-150x150.jpg\" class=\"attachment-thumbnail size-thumbnail\" alt=\"\" aria-describedby=\"gallery-1-2935\" \/><\/a>\n\t\t\t<\/div>\n\t\t\t\t<figcaption class='wp-caption-text gallery-caption' id='gallery-1-2935'>\n\t\t\t\t1 Acryl PEN Review \u2013 LTj: &#8222;Bar beneath the Crescent Moon&#8220; Painter LTj.\n\t\t\t\t<\/figcaption><\/figure><figure class='gallery-item'>\n\t\t\t<div class='gallery-icon portrait'>\n\t\t\t\t<a href='https:\/\/ludwigthomajun.de\/?attachment_id=2936'><img loading=\"lazy\" decoding=\"async\" width=\"150\" height=\"150\" src=\"https:\/\/ludwigthomajun.de\/wp-content\/uploads\/2025\/05\/1.-Acryl-PEN-Review-\u2013-LTj-Bar-beneath-the-Crescent-Moon-Painter-LTj-2025-150x150.jpg\" class=\"attachment-thumbnail size-thumbnail\" alt=\"\" aria-describedby=\"gallery-1-2936\" \/><\/a>\n\t\t\t<\/div>\n\t\t\t\t<figcaption class='wp-caption-text gallery-caption' id='gallery-1-2936'>\n\t\t\t\t1 Acryl PEN Review \u2013 LTj: &#8222;Bar beneath the Crescent Moon&#8220; Painter LTj.\n\t\t\t\t<\/figcaption><\/figure><figure class='gallery-item'>\n\t\t\t<div class='gallery-icon portrait'>\n\t\t\t\t<a href='https:\/\/ludwigthomajun.de\/?attachment_id=2956'><img loading=\"lazy\" decoding=\"async\" width=\"150\" height=\"150\" src=\"https:\/\/ludwigthomajun.de\/wp-content\/uploads\/2025\/05\/1.-Acryl-PEN-Review-\u2013-LTj-Bar-beneath-the-Crescent-Moon-Painter-LTj-2025-22-150x150.jpeg\" class=\"attachment-thumbnail size-thumbnail\" alt=\"\" aria-describedby=\"gallery-1-2956\" \/><\/a>\n\t\t\t<\/div>\n\t\t\t\t<figcaption class='wp-caption-text gallery-caption' id='gallery-1-2956'>\n\t\t\t\t2 Acryl PEN Review \u2013 LTj: &#8222;K\u00f6nig in der Dorfstra\u00dfe&#8220;\n\nPainter: LTj\u2028 2025 \n\t\t\t\t<\/figcaption><\/figure><figure class='gallery-item'>\n\t\t\t<div class='gallery-icon portrait'>\n\t\t\t\t<a href='https:\/\/ludwigthomajun.de\/?attachment_id=2945'><img loading=\"lazy\" decoding=\"async\" width=\"150\" height=\"150\" src=\"https:\/\/ludwigthomajun.de\/wp-content\/uploads\/2025\/05\/Clip2Comic-2025-05-25-16-21-47-150x150.jpeg\" class=\"attachment-thumbnail size-thumbnail\" alt=\"\" aria-describedby=\"gallery-1-2945\" \/><\/a>\n\t\t\t<\/div>\n\t\t\t\t<figcaption class='wp-caption-text gallery-caption' id='gallery-1-2945'>\n\t\t\t\t2 Acryl PEN Review \u2013 LTj: &#8222;K\u00f6nig in der Dorfstra\u00dfe&#8220;\n\nPainter: LTj\u2028 2025\n\t\t\t\t<\/figcaption><\/figure>\n\t\t<\/div>\n\n<p>1 Acryl PEN Review \u2013 LTj: &#8222;Bar unter\u2019m Sichelmond&#8220;<\/p>\n<p>Painter: LTj\u2028Medium: Acryl Pen\u2028Size: A1\u2028Digital Versions:\u2028\u00a01. Black and white\u2028\u00a02. 60th Version with dots\u2028\u00a03. Original Print\u2028All framed\u2028Year: 2025<\/p>\n<p>In diesem gro\u00dfformatigen Werk (A1) aus dem Jahr 2025 erschafft LTj mit Acryl Pen eine urbane Szene zwischen Einsamkeit und Entr\u00fcckung. Die starke Pr\u00e4senz einer zentralen Figur \u2013 \u00fcberlebensgro\u00df, fast traumhaft entfremdet \u2013 dominiert eine n\u00e4chtliche Stra\u00dfenszenerie, vor einer Bar, unter einem sichelf\u00f6rmigen Mond. Die Komposition spielt gekonnt mit Linien, Perspektive und Wiederholung, wobei feine Strichlagen und eine reduzierte Farbpalette den Ausdruck zwischen Pop Art und 60s-Zeitgeist verankern. Die digitale Schwarzwei\u00df-Version mit Punktraster verweist auf fr\u00fche Offsetdrucke und verst\u00e4rkt die surreale Spannung. Ein Werk zwischen Gro\u00dfstadtmelancholie und postmodernen Mythen \u2013 klar LTj: roh, poetisch, direkt.<\/p>\n<p>1 Acryl PEN Review \u2013 LTj: &#8222;Bar beneath the Crescent Moon&#8220;<\/p>\n<p>Painter: LTj\u2028Medium: Acrylic Pen\u2028Size: A1\u2028Digital Versions:\u2028\u00a01. Black and white\u2028\u00a02. 60s version with dots\u2028\u00a03. Original printi ng\u2028All framed\u2028Year: 2025<\/p>\n<p>In this large-format work (A1) from the year 2025, LTj uses acrylic pen to create an urban scene full of solitude and transcendence. The strong presence of a central figure \u2013 larger than life, almost dreamlike and alienated \u2013 dominates a nocturnal street scene, standing before a bar under a crescent moon. The composition skillfully plays with lines, perspective, and repetition, where fine strokes and a reduced color palette anchor the expression between pop art and 1960s aesthetics. The digital black-and-white version with a dot pattern recalls early offset printing and enhances the surreal tension. A work suspended between urban melancholy and postmodern myths \u2013 pure LTj: raw, poetic, direct.<\/p>\n<p>_________________________________________________________<\/p>\n<div data-aidaform-app=\"form202405\" data-url=\"https:\/\/luggihitman.aidaform.com\/free-product-information-enquiry-form\" data-width=\"100%\" data-height=\"500px\" data-do-resize><\/div>\n<p><script>(function(){var r,d=document,gt=d.getElementById,cr=d.createElement,tg=d.getElementsByTagName,id=\"aidaform-app\";if(!gt.call(d,id)){r=cr.call(d,\"script\");r.id=id;r.src=\"https:\/\/widget.aidaform.com\/embed.js\";(d.head || tg.call(d,\"head\")[0]).appendChild(r);}})()<\/script><\/p>\n","protected":false},"excerpt":{"rendered":"<p>1 Acryl PEN Review \u2013 LTj: &#8222;Bar unter\u2019m Sichelmond&#8220; Painter: LTj\u2028Medium: Acryl Pen\u2028Size: A1\u2028Digital Versions:\u2028\u00a01. Black and white\u2028\u00a02. 60th Version with dots\u2028\u00a03. Original Print\u2028All framed\u2028Year: 2025 In diesem gro\u00dfformatigen Werk&hellip;<\/p>\n","protected":false},"author":1,"featured_media":2934,"parent":0,"menu_order":0,"comment_status":"closed","ping_status":"closed","template":"","meta":{"footnotes":""},"class_list":["post-2933","page","type-page","status-publish","has-post-thumbnail","hentry"],"_links":{"self":[{"href":"https:\/\/ludwigthomajun.de\/index.php?rest_route=\/wp\/v2\/pages\/2933","targetHints":{"allow":["GET"]}}],"collection":[{"href":"https:\/\/ludwigthomajun.de\/index.php?rest_route=\/wp\/v2\/pages"}],"about":[{"href":"https:\/\/ludwigthomajun.de\/index.php?rest_route=\/wp\/v2\/types\/page"}],"author":[{"embeddable":true,"href":"https:\/\/ludwigthomajun.de\/index.php?rest_route=\/wp\/v2\/users\/1"}],"replies":[{"embeddable":true,"href":"https:\/\/ludwigthomajun.de\/index.php?rest_route=%2Fwp%2Fv2%2Fcomments&post=2933"}],"version-history":[{"count":4,"href":"https:\/\/ludwigthomajun.de\/index.php?rest_route=\/wp\/v2\/pages\/2933\/revisions"}],"predecessor-version":[{"id":2979,"href":"https:\/\/ludwigthomajun.de\/index.php?rest_route=\/wp\/v2\/pages\/2933\/revisions\/2979"}],"wp:featuredmedia":[{"embeddable":true,"href":"https:\/\/ludwigthomajun.de\/index.php?rest_route=\/wp\/v2\/media\/2934"}],"wp:attachment":[{"href":"https:\/\/ludwigthomajun.de\/index.php?rest_route=%2Fwp%2Fv2%2Fmedia&parent=2933"}],"curies":[{"name":"wp","href":"https:\/\/api.w.org\/{rel}","templated":true}]}}