{"id":2942,"date":"2025-05-25T14:54:38","date_gmt":"2025-05-25T14:54:38","guid":{"rendered":"https:\/\/ludwigthomajun.de\/?page_id=2942"},"modified":"2025-05-26T19:24:28","modified_gmt":"2025-05-26T19:24:28","slug":"2-acryl-pen-review-ltj-koenig-in-der-dorfstrasse-painter-ltj","status":"publish","type":"page","link":"https:\/\/ludwigthomajun.de\/?page_id=2942","title":{"rendered":"2 Acryl PEN Review \u2013 LTj: &#8222;K\u00f6nig in der Dorfstra\u00dfe&#8220;  Painter: LTj\u2028 2025"},"content":{"rendered":"<figure id=\"attachment_2943\" aria-describedby=\"caption-attachment-2943\" style=\"width: 206px\" class=\"wp-caption aligncenter\"><img loading=\"lazy\" decoding=\"async\" class=\"size-medium wp-image-2943\" src=\"https:\/\/ludwigthomajun.de\/wp-content\/uploads\/2025\/05\/Oilbrush-2025-05-25-15-49-51-206x300.jpeg\" alt=\"\" width=\"206\" height=\"300\" srcset=\"https:\/\/ludwigthomajun.de\/wp-content\/uploads\/2025\/05\/Oilbrush-2025-05-25-15-49-51-206x300.jpeg 206w, https:\/\/ludwigthomajun.de\/wp-content\/uploads\/2025\/05\/Oilbrush-2025-05-25-15-49-51-703x1024.jpeg 703w, https:\/\/ludwigthomajun.de\/wp-content\/uploads\/2025\/05\/Oilbrush-2025-05-25-15-49-51-768x1118.jpeg 768w, https:\/\/ludwigthomajun.de\/wp-content\/uploads\/2025\/05\/Oilbrush-2025-05-25-15-49-51-1055x1536.jpeg 1055w, https:\/\/ludwigthomajun.de\/wp-content\/uploads\/2025\/05\/Oilbrush-2025-05-25-15-49-51-1407x2048.jpeg 1407w, https:\/\/ludwigthomajun.de\/wp-content\/uploads\/2025\/05\/Oilbrush-2025-05-25-15-49-51-scaled.jpeg 1758w\" sizes=\"auto, (max-width: 206px) 100vw, 206px\" \/><figcaption id=\"caption-attachment-2943\" class=\"wp-caption-text\">2 Acryl PEN Review \u2013 LTj: &#8222;K\u00f6nig in der Dorfstra\u00dfe&#8220;<br \/>Painter: LTj\u2028 2025<\/figcaption><\/figure>\n<figure id=\"attachment_2944\" aria-describedby=\"caption-attachment-2944\" style=\"width: 206px\" class=\"wp-caption aligncenter\"><img loading=\"lazy\" decoding=\"async\" class=\"size-medium wp-image-2944\" src=\"https:\/\/ludwigthomajun.de\/wp-content\/uploads\/2025\/05\/Clip2Comic-2025-05-25-15-47-56-206x300.jpeg\" alt=\"\" width=\"206\" height=\"300\" srcset=\"https:\/\/ludwigthomajun.de\/wp-content\/uploads\/2025\/05\/Clip2Comic-2025-05-25-15-47-56-206x300.jpeg 206w, https:\/\/ludwigthomajun.de\/wp-content\/uploads\/2025\/05\/Clip2Comic-2025-05-25-15-47-56-703x1024.jpeg 703w, https:\/\/ludwigthomajun.de\/wp-content\/uploads\/2025\/05\/Clip2Comic-2025-05-25-15-47-56-768x1118.jpeg 768w, https:\/\/ludwigthomajun.de\/wp-content\/uploads\/2025\/05\/Clip2Comic-2025-05-25-15-47-56-1055x1536.jpeg 1055w, https:\/\/ludwigthomajun.de\/wp-content\/uploads\/2025\/05\/Clip2Comic-2025-05-25-15-47-56-1407x2048.jpeg 1407w, https:\/\/ludwigthomajun.de\/wp-content\/uploads\/2025\/05\/Clip2Comic-2025-05-25-15-47-56-scaled.jpeg 1758w\" sizes=\"auto, (max-width: 206px) 100vw, 206px\" \/><figcaption id=\"caption-attachment-2944\" class=\"wp-caption-text\">2 Acryl PEN Review \u2013 LTj: &#8222;K\u00f6nig in der Dorfstra\u00dfe&#8220;<br \/>Painter: LTj\u2028 2025<\/figcaption><\/figure>\n<figure id=\"attachment_2945\" aria-describedby=\"caption-attachment-2945\" style=\"width: 206px\" class=\"wp-caption aligncenter\"><img loading=\"lazy\" decoding=\"async\" class=\"size-medium wp-image-2945\" src=\"https:\/\/ludwigthomajun.de\/wp-content\/uploads\/2025\/05\/Clip2Comic-2025-05-25-16-21-47-206x300.jpeg\" alt=\"\" width=\"206\" height=\"300\" srcset=\"https:\/\/ludwigthomajun.de\/wp-content\/uploads\/2025\/05\/Clip2Comic-2025-05-25-16-21-47-206x300.jpeg 206w, https:\/\/ludwigthomajun.de\/wp-content\/uploads\/2025\/05\/Clip2Comic-2025-05-25-16-21-47-703x1024.jpeg 703w, https:\/\/ludwigthomajun.de\/wp-content\/uploads\/2025\/05\/Clip2Comic-2025-05-25-16-21-47-768x1118.jpeg 768w, https:\/\/ludwigthomajun.de\/wp-content\/uploads\/2025\/05\/Clip2Comic-2025-05-25-16-21-47-1055x1536.jpeg 1055w, https:\/\/ludwigthomajun.de\/wp-content\/uploads\/2025\/05\/Clip2Comic-2025-05-25-16-21-47-1407x2048.jpeg 1407w, https:\/\/ludwigthomajun.de\/wp-content\/uploads\/2025\/05\/Clip2Comic-2025-05-25-16-21-47-scaled.jpeg 1758w\" sizes=\"auto, (max-width: 206px) 100vw, 206px\" \/><figcaption id=\"caption-attachment-2945\" class=\"wp-caption-text\"><br \/>2 Acryl PEN Review \u2013 LTj: &#8222;K\u00f6nig in der Dorfstra\u00dfe&#8220;<br \/>Painter: LTj\u2028 2025<\/figcaption><\/figure>\n<p>2 Acryl PEN Review \u2013 LTj: &#8222;K\u00f6nig in der Dorfstra\u00dfe&#8220;<\/p>\n<p>Painter: LTj\u2028Medium: Acryl Pen\u2028Size: A1\u2028Digital Versions:\u2028\u00a01. Black and white\u2028\u00a02. 60s version with dots\u2028\u00a03. Original Print\u2028All framed\u2028Year: 2025<br \/>\n\u00a0<br \/>\nIn diesem expressiv-naiven Werk verortet LTj seinen \u201eK\u00f6nig\u201c nicht im Palast, sondern auf einer l\u00e4ndlichen Dorfstra\u00dfe. Mit schlichter Linienf\u00fchrung und kr\u00e4ftigen Farben \u2013 vor allem Blau, Rot und Gelb \u2013 wird die Szene reduziert und gleichzeitig symbolisch aufgeladen. Das Gesicht des Monarchen zeigt Empathie und Macht zugleich, w\u00e4hrend Kirche und Hausfassade ihn in eine fast kindlich-folkloristische Umgebung einbetten. Die punktierte K\u00f6nigskutte zitiert klassische Herrschaftsinsignien, doch der Kontext ist gebrochen: surreal, verspielt, eigensinnig. Auch hier bleibt LTj seiner Linie treu \u2013 roh, direkt, poetisch entr\u00fcckt.<\/p>\n<p>2 Acrylic PEN Review \u2013 LTj: &#8222;King in the Village Street&#8220;<\/p>\n<p>Painter: LTj\u2028Medium: Acrylic Pen\u2028Size: A1\u2028Digital Versions:\u2028\u00a01. Black and white\u2028\u00a02. 60s version with dots\u2028\u00a03. Original Print\u2028All framed\u2028Year: 2025<br \/>\n\u00a0<br \/>\nIn this expressively naive work, LTj places his &#8218;King&#8216; not in a palace, but on a rural village street. With simple linework and bold colors \u2013 especially blue, red, and yellow \u2013 the scene is both reduced and symbolically charged. The monarch\u2019s face shows empathy and authority at once, while the church and house facades embed him in an almost childlike, folkloric setting. The dotted royal cloak references classic regalia, yet the context is broken: surreal, playful, willful. Here too, LTj stays true to his style \u2013 raw, direct, poetically detached.<\/p>\n<p>_________________________________________________________<\/p>\n<div data-aidaform-app=\"form202405\" data-url=\"https:\/\/luggihitman.aidaform.com\/free-product-information-enquiry-form\" data-width=\"100%\" data-height=\"500px\" data-do-resize><\/div>\n<p><script>(function(){var r,d=document,gt=d.getElementById,cr=d.createElement,tg=d.getElementsByTagName,id=\"aidaform-app\";if(!gt.call(d,id)){r=cr.call(d,\"script\");r.id=id;r.src=\"https:\/\/widget.aidaform.com\/embed.js\";(d.head || tg.call(d,\"head\")[0]).appendChild(r);}})()<\/script><\/p>\n","protected":false},"excerpt":{"rendered":"<p>2 Acryl PEN Review \u2013 LTj: &#8222;K\u00f6nig in der Dorfstra\u00dfe&#8220; Painter: LTj\u2028Medium: Acryl Pen\u2028Size: A1\u2028Digital Versions:\u2028\u00a01. Black and white\u2028\u00a02. 60s version with dots\u2028\u00a03. Original Print\u2028All framed\u2028Year: 2025 \u00a0 In diesem&hellip;<\/p>\n","protected":false},"author":1,"featured_media":2943,"parent":0,"menu_order":0,"comment_status":"closed","ping_status":"closed","template":"","meta":{"footnotes":""},"class_list":["post-2942","page","type-page","status-publish","has-post-thumbnail","hentry"],"_links":{"self":[{"href":"https:\/\/ludwigthomajun.de\/index.php?rest_route=\/wp\/v2\/pages\/2942","targetHints":{"allow":["GET"]}}],"collection":[{"href":"https:\/\/ludwigthomajun.de\/index.php?rest_route=\/wp\/v2\/pages"}],"about":[{"href":"https:\/\/ludwigthomajun.de\/index.php?rest_route=\/wp\/v2\/types\/page"}],"author":[{"embeddable":true,"href":"https:\/\/ludwigthomajun.de\/index.php?rest_route=\/wp\/v2\/users\/1"}],"replies":[{"embeddable":true,"href":"https:\/\/ludwigthomajun.de\/index.php?rest_route=%2Fwp%2Fv2%2Fcomments&post=2942"}],"version-history":[{"count":4,"href":"https:\/\/ludwigthomajun.de\/index.php?rest_route=\/wp\/v2\/pages\/2942\/revisions"}],"predecessor-version":[{"id":2980,"href":"https:\/\/ludwigthomajun.de\/index.php?rest_route=\/wp\/v2\/pages\/2942\/revisions\/2980"}],"wp:featuredmedia":[{"embeddable":true,"href":"https:\/\/ludwigthomajun.de\/index.php?rest_route=\/wp\/v2\/media\/2943"}],"wp:attachment":[{"href":"https:\/\/ludwigthomajun.de\/index.php?rest_route=%2Fwp%2Fv2%2Fmedia&parent=2942"}],"curies":[{"name":"wp","href":"https:\/\/api.w.org\/{rel}","templated":true}]}}