{"id":3015,"date":"2025-05-28T17:49:52","date_gmt":"2025-05-28T17:49:52","guid":{"rendered":"https:\/\/ludwigthomajun.de\/?page_id=3015"},"modified":"2025-05-28T17:52:18","modified_gmt":"2025-05-28T17:52:18","slug":"6-acrylic-pen-review-ltj-black-loop-gaze-into-the-pixel-realm-painter-ltj","status":"publish","type":"page","link":"https:\/\/ludwigthomajun.de\/?page_id=3015","title":{"rendered":"6 Acrylic PEN Review \u2013 LTj: &#8222;Black Loop \u2013 Gaze into the Pixel Realm&#8220;  Painter: LTj\u2028"},"content":{"rendered":"<figure id=\"attachment_3016\" aria-describedby=\"caption-attachment-3016\" style=\"width: 212px\" class=\"wp-caption aligncenter\"><img loading=\"lazy\" decoding=\"async\" class=\"size-medium wp-image-3016\" src=\"https:\/\/ludwigthomajun.de\/wp-content\/uploads\/2025\/05\/6.-Acryl-PEN-Review-\u2013-LTj-Black-Loop-\u2013-Gaze-into-the-Pixel-Realm-Painter-LTj-2025-3-2-2-2-212x300.jpg\" alt=\"\" width=\"212\" height=\"300\" srcset=\"https:\/\/ludwigthomajun.de\/wp-content\/uploads\/2025\/05\/6.-Acryl-PEN-Review-\u2013-LTj-Black-Loop-\u2013-Gaze-into-the-Pixel-Realm-Painter-LTj-2025-3-2-2-2-212x300.jpg 212w, https:\/\/ludwigthomajun.de\/wp-content\/uploads\/2025\/05\/6.-Acryl-PEN-Review-\u2013-LTj-Black-Loop-\u2013-Gaze-into-the-Pixel-Realm-Painter-LTj-2025-3-2-2-2-724x1024.jpg 724w, https:\/\/ludwigthomajun.de\/wp-content\/uploads\/2025\/05\/6.-Acryl-PEN-Review-\u2013-LTj-Black-Loop-\u2013-Gaze-into-the-Pixel-Realm-Painter-LTj-2025-3-2-2-2-768x1086.jpg 768w, https:\/\/ludwigthomajun.de\/wp-content\/uploads\/2025\/05\/6.-Acryl-PEN-Review-\u2013-LTj-Black-Loop-\u2013-Gaze-into-the-Pixel-Realm-Painter-LTj-2025-3-2-2-2-1086x1536.jpg 1086w, https:\/\/ludwigthomajun.de\/wp-content\/uploads\/2025\/05\/6.-Acryl-PEN-Review-\u2013-LTj-Black-Loop-\u2013-Gaze-into-the-Pixel-Realm-Painter-LTj-2025-3-2-2-2-1448x2048.jpg 1448w, https:\/\/ludwigthomajun.de\/wp-content\/uploads\/2025\/05\/6.-Acryl-PEN-Review-\u2013-LTj-Black-Loop-\u2013-Gaze-into-the-Pixel-Realm-Painter-LTj-2025-3-2-2-2-scaled.jpg 1810w\" sizes=\"auto, (max-width: 212px) 100vw, 212px\" \/><figcaption id=\"caption-attachment-3016\" class=\"wp-caption-text\">6 Acrylic PEN Review \u2013 LTj: &#8222;Black Loop \u2013 Gaze into the Pixel Realm&#8220;<br \/>Painter: LTj\u2028 2025<\/figcaption><\/figure>\n<figure id=\"attachment_3017\" aria-describedby=\"caption-attachment-3017\" style=\"width: 212px\" class=\"wp-caption aligncenter\"><img loading=\"lazy\" decoding=\"async\" class=\"size-medium wp-image-3017\" src=\"https:\/\/ludwigthomajun.de\/wp-content\/uploads\/2025\/05\/6.-Acryl-PEN-Review-\u2013-LTj-Black-Loop-\u2013-Gaze-into-the-Pixel-Realm-Painter-LTj-2025-3-2-3-212x300.jpg\" alt=\"6 Acrylic PEN Review \u2013 LTj: &quot;Black Loop \u2013 Gaze into the Pixel Realm&quot; Painter: LTj\u2028 2025\" width=\"212\" height=\"300\" srcset=\"https:\/\/ludwigthomajun.de\/wp-content\/uploads\/2025\/05\/6.-Acryl-PEN-Review-\u2013-LTj-Black-Loop-\u2013-Gaze-into-the-Pixel-Realm-Painter-LTj-2025-3-2-3-212x300.jpg 212w, https:\/\/ludwigthomajun.de\/wp-content\/uploads\/2025\/05\/6.-Acryl-PEN-Review-\u2013-LTj-Black-Loop-\u2013-Gaze-into-the-Pixel-Realm-Painter-LTj-2025-3-2-3-724x1024.jpg 724w, https:\/\/ludwigthomajun.de\/wp-content\/uploads\/2025\/05\/6.-Acryl-PEN-Review-\u2013-LTj-Black-Loop-\u2013-Gaze-into-the-Pixel-Realm-Painter-LTj-2025-3-2-3-768x1086.jpg 768w, https:\/\/ludwigthomajun.de\/wp-content\/uploads\/2025\/05\/6.-Acryl-PEN-Review-\u2013-LTj-Black-Loop-\u2013-Gaze-into-the-Pixel-Realm-Painter-LTj-2025-3-2-3-1086x1536.jpg 1086w, https:\/\/ludwigthomajun.de\/wp-content\/uploads\/2025\/05\/6.-Acryl-PEN-Review-\u2013-LTj-Black-Loop-\u2013-Gaze-into-the-Pixel-Realm-Painter-LTj-2025-3-2-3.jpg 1191w\" sizes=\"auto, (max-width: 212px) 100vw, 212px\" \/><figcaption id=\"caption-attachment-3017\" class=\"wp-caption-text\">6 Acrylic PEN Review \u2013 LTj: &#8222;Black Loop \u2013 Gaze into the Pixel Realm&#8220;<br \/>Painter: LTj\u2028 2025<\/figcaption><\/figure>\n<figure id=\"attachment_3018\" aria-describedby=\"caption-attachment-3018\" style=\"width: 212px\" class=\"wp-caption aligncenter\"><img loading=\"lazy\" decoding=\"async\" class=\"size-medium wp-image-3018\" src=\"https:\/\/ludwigthomajun.de\/wp-content\/uploads\/2025\/05\/6.-Acryl-PEN-Review-\u2013-LTj-Black-Loop-\u2013-Gaze-into-the-Pixel-Realm-Painter-LTj-2025-3-2-2-2-2-212x300.jpg\" alt=\"6 Acrylic PEN Review \u2013 LTj: &quot;Black Loop \u2013 Gaze into the Pixel Realm&quot; Painter: LTj\u2028 2025\" width=\"212\" height=\"300\" srcset=\"https:\/\/ludwigthomajun.de\/wp-content\/uploads\/2025\/05\/6.-Acryl-PEN-Review-\u2013-LTj-Black-Loop-\u2013-Gaze-into-the-Pixel-Realm-Painter-LTj-2025-3-2-2-2-2-212x300.jpg 212w, https:\/\/ludwigthomajun.de\/wp-content\/uploads\/2025\/05\/6.-Acryl-PEN-Review-\u2013-LTj-Black-Loop-\u2013-Gaze-into-the-Pixel-Realm-Painter-LTj-2025-3-2-2-2-2-724x1024.jpg 724w, https:\/\/ludwigthomajun.de\/wp-content\/uploads\/2025\/05\/6.-Acryl-PEN-Review-\u2013-LTj-Black-Loop-\u2013-Gaze-into-the-Pixel-Realm-Painter-LTj-2025-3-2-2-2-2-768x1086.jpg 768w, https:\/\/ludwigthomajun.de\/wp-content\/uploads\/2025\/05\/6.-Acryl-PEN-Review-\u2013-LTj-Black-Loop-\u2013-Gaze-into-the-Pixel-Realm-Painter-LTj-2025-3-2-2-2-2-1086x1536.jpg 1086w, https:\/\/ludwigthomajun.de\/wp-content\/uploads\/2025\/05\/6.-Acryl-PEN-Review-\u2013-LTj-Black-Loop-\u2013-Gaze-into-the-Pixel-Realm-Painter-LTj-2025-3-2-2-2-2-1448x2048.jpg 1448w, https:\/\/ludwigthomajun.de\/wp-content\/uploads\/2025\/05\/6.-Acryl-PEN-Review-\u2013-LTj-Black-Loop-\u2013-Gaze-into-the-Pixel-Realm-Painter-LTj-2025-3-2-2-2-2-scaled.jpg 1810w\" sizes=\"auto, (max-width: 212px) 100vw, 212px\" \/><figcaption id=\"caption-attachment-3018\" class=\"wp-caption-text\">6 Acrylic PEN Review \u2013 LTj: &#8222;Black Loop \u2013 Gaze into the Pixel Realm&#8220;<br \/>Painter: LTj\u2028 2025<\/figcaption><\/figure>\n<figure id=\"attachment_3019\" aria-describedby=\"caption-attachment-3019\" style=\"width: 212px\" class=\"wp-caption aligncenter\"><img loading=\"lazy\" decoding=\"async\" class=\"size-medium wp-image-3019\" src=\"https:\/\/ludwigthomajun.de\/wp-content\/uploads\/2025\/05\/6.-Acryl-PEN-Review-\u2013-LTj-Black-Loop-\u2013-Gaze-into-the-Pixel-Realm-Painter-LTj-2025-3-2-212x300.jpg\" alt=\"6 Acrylic PEN Review \u2013 LTj: &quot;Black Loop \u2013 Gaze into the Pixel Realm&quot; Painter: LTj\u2028 2025\" width=\"212\" height=\"300\" srcset=\"https:\/\/ludwigthomajun.de\/wp-content\/uploads\/2025\/05\/6.-Acryl-PEN-Review-\u2013-LTj-Black-Loop-\u2013-Gaze-into-the-Pixel-Realm-Painter-LTj-2025-3-2-212x300.jpg 212w, https:\/\/ludwigthomajun.de\/wp-content\/uploads\/2025\/05\/6.-Acryl-PEN-Review-\u2013-LTj-Black-Loop-\u2013-Gaze-into-the-Pixel-Realm-Painter-LTj-2025-3-2-724x1024.jpg 724w, https:\/\/ludwigthomajun.de\/wp-content\/uploads\/2025\/05\/6.-Acryl-PEN-Review-\u2013-LTj-Black-Loop-\u2013-Gaze-into-the-Pixel-Realm-Painter-LTj-2025-3-2-768x1086.jpg 768w, https:\/\/ludwigthomajun.de\/wp-content\/uploads\/2025\/05\/6.-Acryl-PEN-Review-\u2013-LTj-Black-Loop-\u2013-Gaze-into-the-Pixel-Realm-Painter-LTj-2025-3-2-1086x1536.jpg 1086w, https:\/\/ludwigthomajun.de\/wp-content\/uploads\/2025\/05\/6.-Acryl-PEN-Review-\u2013-LTj-Black-Loop-\u2013-Gaze-into-the-Pixel-Realm-Painter-LTj-2025-3-2-1448x2048.jpg 1448w, https:\/\/ludwigthomajun.de\/wp-content\/uploads\/2025\/05\/6.-Acryl-PEN-Review-\u2013-LTj-Black-Loop-\u2013-Gaze-into-the-Pixel-Realm-Painter-LTj-2025-3-2-scaled.jpg 1810w\" sizes=\"auto, (max-width: 212px) 100vw, 212px\" \/><figcaption id=\"caption-attachment-3019\" class=\"wp-caption-text\">6 Acrylic PEN Review \u2013 LTj: &#8222;Black Loop \u2013 Gaze into the Pixel Realm&#8220;<br \/>Painter: LTj\u2028 2025<\/figcaption><\/figure>\n<p>6 Acryl PEN Review \u2013 LTj: &#8222;Schwarze Schleife \u2013 Blick ins Pixelreich&#8220;<\/p>\n<p>Painter: LTj\u2028Medium: Acryl Pen\u2028Size: A1\u2028Print Versions:\u2028\u00a01. Black and white Print\u2028\u00a02. 60s version with dots Print\u2028\u00a03. Original Print\u2028\u00a04. Acrylpaint Print\u2028All framed\u2028Year: 2025<br \/>\n\u00a0<br \/>\nMit *\u201eSchwarze Schleife \u2013 Blick ins Pixelreich\u201c* entwirft LTj ein eigenwilliges Tableau zwischen Kunstbetrachtung, Selbstbeobachtung und Datenmagie. Im Zentrum steht eine Figur \u2013 abgewandt, in sich ruhend \u2013 und blickt auf eine wandf\u00fcllende Matrix aus Punkten, die wie ein defekter Bildschirm oder ein digitaler Sternenhimmel wirkt.\u2028\u2028Die Figur selbst scheint aus mehreren Farbschichten zu bestehen, tr\u00e4gt in sich Fragmente anderer Bilder \u2013 Erinnerungen, Avatare oder abgespeicherte Stile? Ihre Haltung ist kontemplativ, doch auf dem Boden liegt eine schwarze Schleife: Zeichen der Endlosschleife? Ein Fragment von Zeit? Oder ein materieller Kommentar zur digitalen Wiederholung?\u2028\u2028Rundherum h\u00e4ngen Bilderrahmen mit anonymen Gesichtern, pixelhaften Linien und kryptischen Formen \u2013 ein Museum der M\u00f6glichkeiten. LTj verweigert Eindeutigkeit und inszeniert stattdessen ein kontemplatives Ballett zwischen innerem Archiv und \u00e4u\u00dferem Bildschirmrauschen. Ein stilles, komplexes Werk voller Metaebenen und sanfter St\u00f6rung.<\/p>\n<p>6 Acrylic PEN Review \u2013 LTj: &#8222;Black Loop \u2013 Gaze into the Pixel Realm&#8220;<\/p>\n<p>Painter: LTj\u2028Medium: Acrylic Pen\u2028Size: A1\u2028Print Versions:\u2028\u00a01. Black and white Print\u2028\u00a02. 60s version with dots Print\u2028\u00a03. Original Print\u2028\u00a04. Acrylpaint Print\u2028All framed\u2028Year: 2025<br \/>\n\u00a0<br \/>\nWith *&#8220;Black Loop \u2013 Gaze into the Pixel Realm&#8220;*, LTj designs a unique tableau balancing art contemplation, self-observation, and digital mysticism. At the center stands a figure \u2013 turned away, absorbed \u2013 gazing at a wall-filling matrix of dots that resembles either a broken screen or a digital starry sky.\u2028\u2028The figure appears to consist of layered colors, carrying fragments of other images within \u2013 memories, avatars, or saved styles? Their posture is meditative, yet on the floor lies a black loop: a symbol of infinite repetition? A fragment of time? Or a material commentary on digital recursion?\u2028\u2028Surrounding them are frames with anonymous faces, pixelated lines, and cryptic shapes \u2013 a museum of possibilities. LTj avoids clarity, instead staging a contemplative ballet between inner <\/p>\n<p>_________________________________________________________<\/p>\n<div data-aidaform-app=\"form202405\" data-url=\"https:\/\/luggihitman.aidaform.com\/free-product-information-enquiry-form\" data-width=\"100%\" data-height=\"500px\" data-do-resize><\/div>\n<p><script>(function(){var r,d=document,gt=d.getElementById,cr=d.createElement,tg=d.getElementsByTagName,id=\"aidaform-app\";if(!gt.call(d,id)){r=cr.call(d,\"script\");r.id=id;r.src=\"https:\/\/widget.aidaform.com\/embed.js\";(d.head || tg.call(d,\"head\")[0]).appendChild(r);}})()<\/script><\/p>\n","protected":false},"excerpt":{"rendered":"<p>6 Acryl PEN Review \u2013 LTj: &#8222;Schwarze Schleife \u2013 Blick ins Pixelreich&#8220; Painter: LTj\u2028Medium: Acryl Pen\u2028Size: A1\u2028Print Versions:\u2028\u00a01. Black and white Print\u2028\u00a02. 60s version with dots Print\u2028\u00a03. Original Print\u2028\u00a04. Acrylpaint&hellip;<\/p>\n","protected":false},"author":1,"featured_media":3018,"parent":0,"menu_order":0,"comment_status":"closed","ping_status":"closed","template":"","meta":{"footnotes":""},"class_list":["post-3015","page","type-page","status-publish","has-post-thumbnail","hentry"],"_links":{"self":[{"href":"https:\/\/ludwigthomajun.de\/index.php?rest_route=\/wp\/v2\/pages\/3015","targetHints":{"allow":["GET"]}}],"collection":[{"href":"https:\/\/ludwigthomajun.de\/index.php?rest_route=\/wp\/v2\/pages"}],"about":[{"href":"https:\/\/ludwigthomajun.de\/index.php?rest_route=\/wp\/v2\/types\/page"}],"author":[{"embeddable":true,"href":"https:\/\/ludwigthomajun.de\/index.php?rest_route=\/wp\/v2\/users\/1"}],"replies":[{"embeddable":true,"href":"https:\/\/ludwigthomajun.de\/index.php?rest_route=%2Fwp%2Fv2%2Fcomments&post=3015"}],"version-history":[{"count":3,"href":"https:\/\/ludwigthomajun.de\/index.php?rest_route=\/wp\/v2\/pages\/3015\/revisions"}],"predecessor-version":[{"id":3024,"href":"https:\/\/ludwigthomajun.de\/index.php?rest_route=\/wp\/v2\/pages\/3015\/revisions\/3024"}],"wp:featuredmedia":[{"embeddable":true,"href":"https:\/\/ludwigthomajun.de\/index.php?rest_route=\/wp\/v2\/media\/3018"}],"wp:attachment":[{"href":"https:\/\/ludwigthomajun.de\/index.php?rest_route=%2Fwp%2Fv2%2Fmedia&parent=3015"}],"curies":[{"name":"wp","href":"https:\/\/api.w.org\/{rel}","templated":true}]}}