{"id":3102,"date":"2025-06-02T17:20:24","date_gmt":"2025-06-02T17:20:24","guid":{"rendered":"https:\/\/ludwigthomajun.de\/?page_id=3102"},"modified":"2025-06-02T17:22:24","modified_gmt":"2025-06-02T17:22:24","slug":"1-1-the-glow-of-signs-artist-ltj-2025","status":"publish","type":"page","link":"https:\/\/ludwigthomajun.de\/?page_id=3102","title":{"rendered":"1  The Glow of Signs **Artist: LTJ** 2025"},"content":{"rendered":"<p>&nbsp;<\/p>\n<figure id=\"attachment_3103\" aria-describedby=\"caption-attachment-3103\" style=\"width: 282px\" class=\"wp-caption aligncenter\"><img loading=\"lazy\" decoding=\"async\" class=\"size-medium wp-image-3103\" src=\"https:\/\/ludwigthomajun.de\/wp-content\/uploads\/2025\/06\/IMG_4010-282x300.jpeg\" alt=\"\" width=\"282\" height=\"300\" srcset=\"https:\/\/ludwigthomajun.de\/wp-content\/uploads\/2025\/06\/IMG_4010-282x300.jpeg 282w, https:\/\/ludwigthomajun.de\/wp-content\/uploads\/2025\/06\/IMG_4010-962x1024.jpeg 962w, https:\/\/ludwigthomajun.de\/wp-content\/uploads\/2025\/06\/IMG_4010-768x817.jpeg 768w, https:\/\/ludwigthomajun.de\/wp-content\/uploads\/2025\/06\/IMG_4010.jpeg 1182w\" sizes=\"auto, (max-width: 282px) 100vw, 282px\" \/><figcaption id=\"caption-attachment-3103\" class=\"wp-caption-text\"><br \/>1 The Glow of Signs<br \/>**Artist: LTJ**<br \/>2025<\/figcaption><\/figure>\n<p>&nbsp;<\/p>\n<p>1 Die Glut der Zeichen<\/p>\n<p>**Medium:** Acrylfarbe auf Holz<\/p>\n<p>**Gr\u00f6\u00dfe:** 75 x 75 cm<\/p>\n<p>**Entstehungsjahr:** 2025<\/p>\n<p>&#8212;<\/p>\n<p>\u201eDie Glut der Zeichen\u201c ist ein vibrierendes Werk voller innerer Spannung, das auf den ersten Blick chaotisch wirken mag, sich jedoch bei genauerer Betrachtung als ein rhythmisches Spiel aus Symbolik, Emotion und Bewegung offenbart. Der kr\u00e4ftige Orange-Ton dominiert die Szenerie wie eine flammende Aura, in der sich schw\u00e4rzliche, serpentinenhafte Linien windend durch das Bild schl\u00e4ngeln. Diese Formen erinnern zugleich an Runen, archaische Tiere oder abstrakte Portr\u00e4ts, was dem Werk eine mystische Tiefe verleiht.<\/p>\n<p>Die Verwendung von Acryl auf Holz verleiht der Oberfl\u00e4che eine raue, fast organische Qualit\u00e4t. Die dunklen Linien wirken wie verkohlte Schriftz\u00fcge in einem Feuerfeld \u2013 eine visuelle Sprache, deren Botschaft nicht direkt entschl\u00fcsselt werden kann, aber emotional unmittelbar wirkt.<\/p>\n<p>Besonders bemerkenswert ist die Dynamik der Komposition. Die Formen scheinen sich gegenseitig zu durchdringen, als ob sie in einem energetischen Tanz gefangen w\u00e4ren. Zugleich wirkt die Malerei introspektiv: Als w\u00fcrde der Betrachter eingeladen, durch ein Fenster in einen inneren, traum\u00e4hnlichen Kosmos zu blicken.<\/p>\n<p>**K\u00fcnstler: LTJ**<\/p>\n<p>**Preis:** 900\u20ac (Festpreis)<\/p>\n<p><span class=\"Apple-converted-space\">\u00a0<\/span><\/p>\n<p>1 The Glow of Signs<\/p>\n<p>**Artist: LTJ**<\/p>\n<p>**Price:** \u20ac900 (fixed price)<\/p>\n<p>**Medium:** Acrylic on wood<\/p>\n<p>**Size:** 75 x 75 cm<\/p>\n<p>**Year of Creation:** 2025<\/p>\n<p>&#8212;<\/p>\n<p>&#8222;The Glow of Signs&#8220; is a vibrant work full of inner tension that may seem chaotic at first glance, but on closer inspection reveals itself to be a rhythmic play of symbolism, emotion, and movement. The intense orange tone dominates the scene like a blazing aura, in which black, serpentine lines coil through the image. These forms evoke runes, archaic animals, or abstract portraits, lending the work a mystical depth.<\/p>\n<p>The use of acrylic on wood gives the surface a rough, almost organic quality. The dark lines resemble charred inscriptions in a field of fire \u2013 a visual language whose message cannot be directly deciphered, yet speaks immediately to the emotions.<\/p>\n<p>Particularly striking is the dynamism of the composition. The forms seem to interpenetrate, as if caught in an energetic dance. At the same time, the painting feels introspective: as if the viewer is invited to look through a window into an inner, dreamlike cosmos.<\/p>\n<p>_________________________________________________________<\/p>\n<div data-aidaform-app=\"form202405\" data-url=\"https:\/\/luggihitman.aidaform.com\/free-product-information-enquiry-form\" data-width=\"100%\" data-height=\"500px\" data-do-resize=\"\"><\/div>\n<p><script>(function(){var r,d=document,gt=d.getElementById,cr=d.createElement,tg=d.getElementsByTagName,id=\"aidaform-app\";if(!gt.call(d,id)){r=cr.call(d,\"script\");r.id=id;r.src=\"https:\/\/widget.aidaform.com\/embed.js\";(d.head || tg.call(d,\"head\")[0]).appendChild(r);}})()<\/script><\/p>\n","protected":false},"excerpt":{"rendered":"<p>&nbsp; &nbsp; 1 Die Glut der Zeichen **Medium:** Acrylfarbe auf Holz **Gr\u00f6\u00dfe:** 75 x 75 cm **Entstehungsjahr:** 2025 &#8212; \u201eDie Glut der Zeichen\u201c ist ein vibrierendes Werk voller innerer Spannung,&hellip;<\/p>\n","protected":false},"author":1,"featured_media":3103,"parent":0,"menu_order":0,"comment_status":"closed","ping_status":"closed","template":"","meta":{"footnotes":""},"class_list":["post-3102","page","type-page","status-publish","has-post-thumbnail","hentry"],"_links":{"self":[{"href":"https:\/\/ludwigthomajun.de\/index.php?rest_route=\/wp\/v2\/pages\/3102","targetHints":{"allow":["GET"]}}],"collection":[{"href":"https:\/\/ludwigthomajun.de\/index.php?rest_route=\/wp\/v2\/pages"}],"about":[{"href":"https:\/\/ludwigthomajun.de\/index.php?rest_route=\/wp\/v2\/types\/page"}],"author":[{"embeddable":true,"href":"https:\/\/ludwigthomajun.de\/index.php?rest_route=\/wp\/v2\/users\/1"}],"replies":[{"embeddable":true,"href":"https:\/\/ludwigthomajun.de\/index.php?rest_route=%2Fwp%2Fv2%2Fcomments&post=3102"}],"version-history":[{"count":3,"href":"https:\/\/ludwigthomajun.de\/index.php?rest_route=\/wp\/v2\/pages\/3102\/revisions"}],"predecessor-version":[{"id":3108,"href":"https:\/\/ludwigthomajun.de\/index.php?rest_route=\/wp\/v2\/pages\/3102\/revisions\/3108"}],"wp:featuredmedia":[{"embeddable":true,"href":"https:\/\/ludwigthomajun.de\/index.php?rest_route=\/wp\/v2\/media\/3103"}],"wp:attachment":[{"href":"https:\/\/ludwigthomajun.de\/index.php?rest_route=%2Fwp%2Fv2%2Fmedia&parent=3102"}],"curies":[{"name":"wp","href":"https:\/\/api.w.org\/{rel}","templated":true}]}}