{"id":3168,"date":"2025-06-15T17:19:10","date_gmt":"2025-06-15T17:19:10","guid":{"rendered":"https:\/\/ludwigthomajun.de\/?page_id=3168"},"modified":"2025-06-15T17:54:10","modified_gmt":"2025-06-15T17:54:10","slug":"119-a3-ltj-torso-im-sturmmaler-ltj-2-2-2","status":"publish","type":"page","link":"https:\/\/ludwigthomajun.de\/?page_id=3168","title":{"rendered":"119 A3 LTj \u2013 &#8222;Torso im Sturm Maler LTJ"},"content":{"rendered":"<figure id=\"attachment_3169\" aria-describedby=\"caption-attachment-3169\" style=\"width: 202px\" class=\"wp-caption aligncenter\"><img loading=\"lazy\" decoding=\"async\" class=\"size-medium wp-image-3169\" src=\"https:\/\/ludwigthomajun.de\/wp-content\/uploads\/2025\/06\/Clip2Comic-2025-06-15-18-26-24-202x300.jpeg\" alt=\"\" width=\"202\" height=\"300\" srcset=\"https:\/\/ludwigthomajun.de\/wp-content\/uploads\/2025\/06\/Clip2Comic-2025-06-15-18-26-24-202x300.jpeg 202w, https:\/\/ludwigthomajun.de\/wp-content\/uploads\/2025\/06\/Clip2Comic-2025-06-15-18-26-24-688x1024.jpeg 688w, https:\/\/ludwigthomajun.de\/wp-content\/uploads\/2025\/06\/Clip2Comic-2025-06-15-18-26-24-768x1143.jpeg 768w, https:\/\/ludwigthomajun.de\/wp-content\/uploads\/2025\/06\/Clip2Comic-2025-06-15-18-26-24-1032x1536.jpeg 1032w, https:\/\/ludwigthomajun.de\/wp-content\/uploads\/2025\/06\/Clip2Comic-2025-06-15-18-26-24-1377x2048.jpeg 1377w, https:\/\/ludwigthomajun.de\/wp-content\/uploads\/2025\/06\/Clip2Comic-2025-06-15-18-26-24-scaled.jpeg 1721w\" sizes=\"auto, (max-width: 202px) 100vw, 202px\" \/><figcaption id=\"caption-attachment-3169\" class=\"wp-caption-text\">119 A3 LTj \u2013 &#8222;Torso im SturmMaler LTJ<\/figcaption><\/figure>\n<figure id=\"attachment_3170\" aria-describedby=\"caption-attachment-3170\" style=\"width: 202px\" class=\"wp-caption aligncenter\"><img loading=\"lazy\" decoding=\"async\" class=\"size-medium wp-image-3170\" src=\"https:\/\/ludwigthomajun.de\/wp-content\/uploads\/2025\/06\/Clip2Comic-2025-06-15-18-26-46-202x300.jpeg\" alt=\"\" width=\"202\" height=\"300\" srcset=\"https:\/\/ludwigthomajun.de\/wp-content\/uploads\/2025\/06\/Clip2Comic-2025-06-15-18-26-46-202x300.jpeg 202w, https:\/\/ludwigthomajun.de\/wp-content\/uploads\/2025\/06\/Clip2Comic-2025-06-15-18-26-46-688x1024.jpeg 688w, https:\/\/ludwigthomajun.de\/wp-content\/uploads\/2025\/06\/Clip2Comic-2025-06-15-18-26-46-768x1143.jpeg 768w, https:\/\/ludwigthomajun.de\/wp-content\/uploads\/2025\/06\/Clip2Comic-2025-06-15-18-26-46-1032x1536.jpeg 1032w, https:\/\/ludwigthomajun.de\/wp-content\/uploads\/2025\/06\/Clip2Comic-2025-06-15-18-26-46-1377x2048.jpeg 1377w, https:\/\/ludwigthomajun.de\/wp-content\/uploads\/2025\/06\/Clip2Comic-2025-06-15-18-26-46-scaled.jpeg 1721w\" sizes=\"auto, (max-width: 202px) 100vw, 202px\" \/><figcaption id=\"caption-attachment-3170\" class=\"wp-caption-text\">119 A3 LTj \u2013 &#8222;Torso im SturmMaler LTJ<\/figcaption><\/figure>\n<figure id=\"attachment_3171\" aria-describedby=\"caption-attachment-3171\" style=\"width: 202px\" class=\"wp-caption aligncenter\"><img loading=\"lazy\" decoding=\"async\" class=\"size-medium wp-image-3171\" src=\"https:\/\/ludwigthomajun.de\/wp-content\/uploads\/2025\/06\/Oilbrush-2025-06-15-18-27-00-202x300.jpeg\" alt=\"\" width=\"202\" height=\"300\" srcset=\"https:\/\/ludwigthomajun.de\/wp-content\/uploads\/2025\/06\/Oilbrush-2025-06-15-18-27-00-202x300.jpeg 202w, https:\/\/ludwigthomajun.de\/wp-content\/uploads\/2025\/06\/Oilbrush-2025-06-15-18-27-00-688x1024.jpeg 688w, https:\/\/ludwigthomajun.de\/wp-content\/uploads\/2025\/06\/Oilbrush-2025-06-15-18-27-00-768x1143.jpeg 768w, https:\/\/ludwigthomajun.de\/wp-content\/uploads\/2025\/06\/Oilbrush-2025-06-15-18-27-00-1032x1536.jpeg 1032w, https:\/\/ludwigthomajun.de\/wp-content\/uploads\/2025\/06\/Oilbrush-2025-06-15-18-27-00-1377x2048.jpeg 1377w, https:\/\/ludwigthomajun.de\/wp-content\/uploads\/2025\/06\/Oilbrush-2025-06-15-18-27-00-scaled.jpeg 1721w\" sizes=\"auto, (max-width: 202px) 100vw, 202px\" \/><figcaption id=\"caption-attachment-3171\" class=\"wp-caption-text\">119 A3 LTj \u2013 &#8222;Torso im SturmMaler LTJ<\/figcaption><\/figure>\n<figure id=\"attachment_3172\" aria-describedby=\"caption-attachment-3172\" style=\"width: 202px\" class=\"wp-caption aligncenter\"><img loading=\"lazy\" decoding=\"async\" class=\"size-medium wp-image-3172\" src=\"https:\/\/ludwigthomajun.de\/wp-content\/uploads\/2025\/06\/IMG_4190-202x300.jpeg\" alt=\"\" width=\"202\" height=\"300\" srcset=\"https:\/\/ludwigthomajun.de\/wp-content\/uploads\/2025\/06\/IMG_4190-202x300.jpeg 202w, https:\/\/ludwigthomajun.de\/wp-content\/uploads\/2025\/06\/IMG_4190-688x1024.jpeg 688w, https:\/\/ludwigthomajun.de\/wp-content\/uploads\/2025\/06\/IMG_4190-768x1142.jpeg 768w, https:\/\/ludwigthomajun.de\/wp-content\/uploads\/2025\/06\/IMG_4190.jpeg 952w\" sizes=\"auto, (max-width: 202px) 100vw, 202px\" \/><figcaption id=\"caption-attachment-3172\" class=\"wp-caption-text\">119 A3 LTj \u2013 &#8222;Torso im SturmMaler LTJ<\/figcaption><\/figure>\n<p>Artwork Review: \u201cTorso im Sturm\u201d \u2013 Eine grafische Studie von LTj<br \/>\nWerk: Torso im Sturm<\/p>\n<p>K\u00fcnstler: LTj<\/p>\n<p>Medium: Bleistift auf Papier<\/p>\n<p>Format: A3<\/p>\n<p>Signatur: \u201eLTj 2021\u201c<\/p>\n<p>Version: Originalzeichnung, sp\u00e4ter auch digitalisiert (B\/W), im Retro-Dot-Stil sowie als Acryl-Gem\u00e4lde interpretiert<\/p>\n<p>Vergleichswerk: Tomorrow Finland (Digital Version B\/W, Retro dotted, Acrylfassung)<\/p>\n<p>\u2e3b<\/p>\n<p>Ersteindruck:<br \/>\n\u201eTorso im Sturm\u201c ist ein kraftvolles Beispiel f\u00fcr LTjs charakteristischen Mix aus klassischer Formstudie und abstrahierter Emotion. Die Linienf\u00fchrung wirkt roh, suchend \u2013 als w\u00fcrde der K\u00fcnstler in jeder Bewegung nach der Wahrheit des Moments greifen. Der m\u00e4nnliche Torso, halb realistisch, halb stilisiert, scheint sich aus dem Hintergrund herauszusch\u00e4len, als w\u00e4re er Teil eines aufbrausenden Traums. Die Schraffuren sind expressiv, beinahe rhythmisch, und verleihen dem Bild eine st\u00fcrmische Energie.<\/p>\n<p>\u2e3b<\/p>\n<p>Komposition und Technik:<br \/>\nDer Oberk\u00f6rper des Mannes wirkt plastisch durch den Wechsel aus sanfter Modellierung und abrupten Kontrasten. Besonders auff\u00e4llig ist die angedeutete Hals\u00f6ffnung \u2013 beinahe ein surrealer Schnitt, der eine Art inneren Riss symbolisieren k\u00f6nnte. Die Augen des Mannes sind hellwach, fast schneidend, als ob sie gegen den Strich des Hintergrunds blicken.<\/p>\n<p>Die Haarstruktur ist punktuell angedeutet, w\u00e4hrend die Schultern und Brustmuskeln durch parallele Schraffuren hervortreten. Der Hintergrund besteht aus einem dichten Strichfeld \u2013 wellenartig, verwirrend, gleichsam akustisch. Es scheint, als wollte LTj die Figur nicht in einen Raum setzen, sondern in einen Zustand \u2013 in einen Wind aus Gedanken und Emotionen.<\/p>\n<p>\u2e3b<\/p>\n<p>Digitale Version (B\/W, Retro dotted):<br \/>\nIn der digitalisierten Version dieses Werkes \u2013 speziell in der Retro-Dot-Fassung \u2013 erh\u00e4lt die Zeichnung eine neue, beinahe plakative Wirkung. Die Dots erinnern an Pop-Art-\u00c4sthetik, doch bei LTj dienen sie nicht der Ironie, sondern einer nostalgischen Textur. Der Torso wirkt in dieser Version wie aus einem alten anatomischen Schulbuch herausgel\u00f6st \u2013 fremd und vertraut zugleich. Der digitale Schwarz-Wei\u00df-Kontrast betont die scharfen \u00dcberg\u00e4nge und die starke Licht-Schatten-Inszenierung.<\/p>\n<p>\u2e3b<\/p>\n<p>Vergleich mit \u201eTomorrow Finland\u201c:<br \/>\nIm Vergleich zu \u201eTomorrow Finland\u201c \u2013 das in seiner digitalen Schwarz-Wei\u00df-Fassung futuristisch und beinahe gl\u00e4sern wirkt \u2013 ist \u201eTorso im Sturm\u201c k\u00f6rperlicher, verletzlicher. \u201eTomorrow Finland\u201c arbeitet mit klaren, glatten Fl\u00e4chen, fast architektonisch. Dort ist der Mensch eingebettet in ein technoides, fast posthumanes Szenario. Bei \u201eTorso im Sturm\u201c hingegen steht der Mensch allein, roh, k\u00f6rperlich, tastend \u2013 ohne Maske.<\/p>\n<p>In der Retro-Dot-Version beider Werke erkennt man LTjs Gesp\u00fcr f\u00fcr die \u00dcberlagerung von Zeiten und Techniken: W\u00e4hrend \u201eTomorrow Finland\u201c wie ein Plakat aus einer dystopischen Zukunft wirkt, erscheint \u201eTorso im Sturm\u201c wie ein Echo aus einer klassischen Vergangenheit, durch ein modernes Raster gebrochen.<\/p>\n<p>\u2e3b<\/p>\n<p>Acrylversion:<br \/>\nDie Acrylfassung von \u201eTorso im Sturm\u201c bringt Farbe ins Spiel \u2013 vor allem k\u00fchle Blaut\u00f6ne, die das Thema des \u201eSturms\u201c weiter vertiefen. Die plastische Wirkung wird durch pastose Auftr\u00e4ge und leicht metallische Akzente verst\u00e4rkt. In dieser Version wirkt der Torso wie eine Statue aus einem versunkenen Atlantis \u2013 eingefroren in Bewegung, entrissen aus dem Rauschen der Tiefe.<\/p>\n<p>\u2e3b<\/p>\n<p>Fazit:<br \/>\n\u201eTorso im Sturm\u201c ist ein vielschichtiges Werk, das je nach Medium neue Facetten offenbart. Im Original roh und unmittelbar, wird es in der digitalen Retro-Version zur zeitlosen Studie und in der Acrylfassung zum mythischen Monument. Im Vergleich mit \u201eTomorrow Finland\u201c zeigt sich LTjs Bandbreite: vom poetischen K\u00f6rperbild bis zur entmenschlichten Zukunftsvision. Beide Werke verbindet eine subtile Spannung zwischen Innen- und Au\u00dfenwelt, zwischen Form und Aufl\u00f6sung \u2013 typisch f\u00fcr LTjs Werk zwischen Zeichnung, Musik, und Zeitkritik.<\/p>\n<p>\u2e3b<\/p>\n<p>_________________________________________________________<\/p>\n<div data-aidaform-app=\"form202405\" data-url=\"https:\/\/luggihitman.aidaform.com\/free-product-information-enquiry-form\" data-width=\"100%\" data-height=\"500px\" data-do-resize=\"\"><\/div>\n<p><script>(function(){var r,d=document,gt=d.getElementById,cr=d.createElement,tg=d.getElementsByTagName,id=\"aidaform-app\";if(!gt.call(d,id)){r=cr.call(d,\"script\");r.id=id;r.src=\"https:\/\/widget.aidaform.com\/embed.js\";(d.head || tg.call(d,\"head\")[0]).appendChild(r);}})()<\/script><\/p>\n","protected":false},"excerpt":{"rendered":"<p>Artwork Review: \u201cTorso im Sturm\u201d \u2013 Eine grafische Studie von LTj Werk: Torso im Sturm K\u00fcnstler: LTj Medium: Bleistift auf Papier Format: A3 Signatur: \u201eLTj 2021\u201c Version: Originalzeichnung, sp\u00e4ter auch&hellip;<\/p>\n","protected":false},"author":1,"featured_media":3170,"parent":0,"menu_order":0,"comment_status":"closed","ping_status":"closed","template":"","meta":{"footnotes":""},"class_list":["post-3168","page","type-page","status-publish","has-post-thumbnail","hentry"],"_links":{"self":[{"href":"https:\/\/ludwigthomajun.de\/index.php?rest_route=\/wp\/v2\/pages\/3168","targetHints":{"allow":["GET"]}}],"collection":[{"href":"https:\/\/ludwigthomajun.de\/index.php?rest_route=\/wp\/v2\/pages"}],"about":[{"href":"https:\/\/ludwigthomajun.de\/index.php?rest_route=\/wp\/v2\/types\/page"}],"author":[{"embeddable":true,"href":"https:\/\/ludwigthomajun.de\/index.php?rest_route=\/wp\/v2\/users\/1"}],"replies":[{"embeddable":true,"href":"https:\/\/ludwigthomajun.de\/index.php?rest_route=%2Fwp%2Fv2%2Fcomments&post=3168"}],"version-history":[{"count":4,"href":"https:\/\/ludwigthomajun.de\/index.php?rest_route=\/wp\/v2\/pages\/3168\/revisions"}],"predecessor-version":[{"id":3180,"href":"https:\/\/ludwigthomajun.de\/index.php?rest_route=\/wp\/v2\/pages\/3168\/revisions\/3180"}],"wp:featuredmedia":[{"embeddable":true,"href":"https:\/\/ludwigthomajun.de\/index.php?rest_route=\/wp\/v2\/media\/3170"}],"wp:attachment":[{"href":"https:\/\/ludwigthomajun.de\/index.php?rest_route=%2Fwp%2Fv2%2Fmedia&parent=3168"}],"curies":[{"name":"wp","href":"https:\/\/api.w.org\/{rel}","templated":true}]}}