{"id":3197,"date":"2025-06-18T14:13:29","date_gmt":"2025-06-18T14:13:29","guid":{"rendered":"https:\/\/ludwigthomajun.de\/?page_id=3197"},"modified":"2025-06-18T14:14:45","modified_gmt":"2025-06-18T14:14:45","slug":"2-bildbesprechung-der-traumlaeufer-kuenstler-ltj-technik-bleistift-auf-papier-format-a3-jahr-2025","status":"publish","type":"page","link":"https:\/\/ludwigthomajun.de\/?page_id=3197","title":{"rendered":"2 Bildbesprechung \u2013 Der Trauml\u00e4ufer K\u00fcnstler: LTJ | Technik: Bleistift auf Papier | Format: A3 | Jahr: 2025"},"content":{"rendered":"<figure id=\"attachment_3198\" aria-describedby=\"caption-attachment-3198\" style=\"width: 198px\" class=\"wp-caption aligncenter\"><img loading=\"lazy\" decoding=\"async\" class=\"size-medium wp-image-3198\" src=\"https:\/\/ludwigthomajun.de\/wp-content\/uploads\/2025\/06\/2-Der-Traumlaufer-Maler-LTj-2025-3-198x300.jpeg\" alt=\"\" width=\"198\" height=\"300\" srcset=\"https:\/\/ludwigthomajun.de\/wp-content\/uploads\/2025\/06\/2-Der-Traumlaufer-Maler-LTj-2025-3-198x300.jpeg 198w, https:\/\/ludwigthomajun.de\/wp-content\/uploads\/2025\/06\/2-Der-Traumlaufer-Maler-LTj-2025-3-678x1024.jpeg 678w, https:\/\/ludwigthomajun.de\/wp-content\/uploads\/2025\/06\/2-Der-Traumlaufer-Maler-LTj-2025-3-768x1161.jpeg 768w, https:\/\/ludwigthomajun.de\/wp-content\/uploads\/2025\/06\/2-Der-Traumlaufer-Maler-LTj-2025-3-1016x1536.jpeg 1016w, https:\/\/ludwigthomajun.de\/wp-content\/uploads\/2025\/06\/2-Der-Traumlaufer-Maler-LTj-2025-3-1355x2048.jpeg 1355w, https:\/\/ludwigthomajun.de\/wp-content\/uploads\/2025\/06\/2-Der-Traumlaufer-Maler-LTj-2025-3-scaled.jpeg 1694w\" sizes=\"auto, (max-width: 198px) 100vw, 198px\" \/><figcaption id=\"caption-attachment-3198\" class=\"wp-caption-text\">2 Bildbesprechung \u2013 Der Trauml\u00e4ufer<br \/>K\u00fcnstler: LTJ | Technik: Bleistift auf Papier | Format: A3 | Jahr: 2025<\/figcaption><\/figure>\n<figure id=\"attachment_3199\" aria-describedby=\"caption-attachment-3199\" style=\"width: 198px\" class=\"wp-caption aligncenter\"><img loading=\"lazy\" decoding=\"async\" class=\"size-medium wp-image-3199\" src=\"https:\/\/ludwigthomajun.de\/wp-content\/uploads\/2025\/06\/2-Der-Traumlaufer-Maler-LTj-2025-2-198x300.jpeg\" alt=\"\" width=\"198\" height=\"300\" srcset=\"https:\/\/ludwigthomajun.de\/wp-content\/uploads\/2025\/06\/2-Der-Traumlaufer-Maler-LTj-2025-2-198x300.jpeg 198w, https:\/\/ludwigthomajun.de\/wp-content\/uploads\/2025\/06\/2-Der-Traumlaufer-Maler-LTj-2025-2-678x1024.jpeg 678w, https:\/\/ludwigthomajun.de\/wp-content\/uploads\/2025\/06\/2-Der-Traumlaufer-Maler-LTj-2025-2-768x1161.jpeg 768w, https:\/\/ludwigthomajun.de\/wp-content\/uploads\/2025\/06\/2-Der-Traumlaufer-Maler-LTj-2025-2-1016x1536.jpeg 1016w, https:\/\/ludwigthomajun.de\/wp-content\/uploads\/2025\/06\/2-Der-Traumlaufer-Maler-LTj-2025-2-1355x2048.jpeg 1355w, https:\/\/ludwigthomajun.de\/wp-content\/uploads\/2025\/06\/2-Der-Traumlaufer-Maler-LTj-2025-2-scaled.jpeg 1694w\" sizes=\"auto, (max-width: 198px) 100vw, 198px\" \/><figcaption id=\"caption-attachment-3199\" class=\"wp-caption-text\">2 Bildbesprechung \u2013 Der Trauml\u00e4ufer<br \/>K\u00fcnstler: LTJ | Technik: Bleistift auf Papier | Format: A3 | Jahr: 2025<\/figcaption><\/figure>\n<figure id=\"attachment_3200\" aria-describedby=\"caption-attachment-3200\" style=\"width: 198px\" class=\"wp-caption aligncenter\"><img loading=\"lazy\" decoding=\"async\" class=\"size-medium wp-image-3200\" src=\"https:\/\/ludwigthomajun.de\/wp-content\/uploads\/2025\/06\/2-Der-Traumlaufer-Maler-LTj-2025-4-198x300.jpeg\" alt=\"\" width=\"198\" height=\"300\" srcset=\"https:\/\/ludwigthomajun.de\/wp-content\/uploads\/2025\/06\/2-Der-Traumlaufer-Maler-LTj-2025-4-198x300.jpeg 198w, https:\/\/ludwigthomajun.de\/wp-content\/uploads\/2025\/06\/2-Der-Traumlaufer-Maler-LTj-2025-4-678x1024.jpeg 678w, https:\/\/ludwigthomajun.de\/wp-content\/uploads\/2025\/06\/2-Der-Traumlaufer-Maler-LTj-2025-4-768x1161.jpeg 768w, https:\/\/ludwigthomajun.de\/wp-content\/uploads\/2025\/06\/2-Der-Traumlaufer-Maler-LTj-2025-4-1016x1536.jpeg 1016w, https:\/\/ludwigthomajun.de\/wp-content\/uploads\/2025\/06\/2-Der-Traumlaufer-Maler-LTj-2025-4-1355x2048.jpeg 1355w, https:\/\/ludwigthomajun.de\/wp-content\/uploads\/2025\/06\/2-Der-Traumlaufer-Maler-LTj-2025-4-scaled.jpeg 1694w\" sizes=\"auto, (max-width: 198px) 100vw, 198px\" \/><figcaption id=\"caption-attachment-3200\" class=\"wp-caption-text\">2 Bildbesprechung \u2013 Der Trauml\u00e4ufer<br \/>K\u00fcnstler: LTJ | Technik: Bleistift auf Papier | Format: A3 | Jahr: 2025<\/figcaption><\/figure>\n<figure id=\"attachment_3201\" aria-describedby=\"caption-attachment-3201\" style=\"width: 199px\" class=\"wp-caption aligncenter\"><img loading=\"lazy\" decoding=\"async\" class=\"size-medium wp-image-3201\" src=\"https:\/\/ludwigthomajun.de\/wp-content\/uploads\/2025\/06\/2-Der-Traumlaufer-Maler-LTj-2025--199x300.jpeg\" alt=\"\" width=\"199\" height=\"300\" srcset=\"https:\/\/ludwigthomajun.de\/wp-content\/uploads\/2025\/06\/2-Der-Traumlaufer-Maler-LTj-2025--199x300.jpeg 199w, https:\/\/ludwigthomajun.de\/wp-content\/uploads\/2025\/06\/2-Der-Traumlaufer-Maler-LTj-2025--678x1024.jpeg 678w, https:\/\/ludwigthomajun.de\/wp-content\/uploads\/2025\/06\/2-Der-Traumlaufer-Maler-LTj-2025--768x1161.jpeg 768w, https:\/\/ludwigthomajun.de\/wp-content\/uploads\/2025\/06\/2-Der-Traumlaufer-Maler-LTj-2025-.jpeg 892w\" sizes=\"auto, (max-width: 199px) 100vw, 199px\" \/><figcaption id=\"caption-attachment-3201\" class=\"wp-caption-text\">2 Bildbesprechung \u2013 Der Trauml\u00e4ufer<br \/>K\u00fcnstler: LTJ | Technik: Bleistift auf Papier | Format: A3 | Jahr: 2025<\/figcaption><\/figure>\n<p>2 Bildbesprechung \u2013 Der Trauml\u00e4ufer<br \/>\nK\u00fcnstler: LTJ | Technik: Bleistift auf Papier | Format: A3 | Jahr: 2025<br \/>\n1. Originalskizze \u2013 Bleistiftzeichnung<br \/>\nTitel: \u201eDer Trauml\u00e4ufer\u201c<br \/>\nEin Kind in Schlafanzug und Kapuze schwebt durch eine schraffierte Traumlandschaft \u2013 zwischen Dorf, H\u00fcgeln und Mondsichel. In der rechten Hand h\u00e4lt es eine Art Fantasie-Objekt \u2013 wie eine bunte Idee oder ein B\u00fcndel aus Traubenzucker, Ballons oder Gedanken. Die Komposition wirkt bewegt und leicht entr\u00fcckt. Der schwebende Blick des Kindes macht deutlich: Wir sind in der Welt des Schlafs, der Erinnerung und der Fantasie. Das Bild l\u00e4dt ein zum Tr\u00e4umen, ganz ohne Schwerkraft.<br \/>\n2. Dotted Style \u2013 Punktstruktur digitalisiert<br \/>\nTitel: \u201eLeichter als Licht\u201c<br \/>\nMit feiner Punktstruktur umgesetzt, gewinnt das Bild Tiefe und Atmosph\u00e4re. Der \u201eTrauml\u00e4ufer\u201c l\u00f6st sich beinahe auf in den Nachthimmel. Jeder Punkt steht f\u00fcr einen Gedanken, einen Schritt im Schlaf, eine Erinnerung. Die schwebende Figur erinnert an Sternenstaub, der durch eine surreale Landschaft weht. Eine Mischung aus kindlicher Geborgenheit und fernem Universum.<br \/>\n3. Schwarz-Wei\u00df-Kontur \u2013 Tusche- oder Linienstil<br \/>\nTitel: \u201eDer Nachtbote\u201c<br \/>\nDie Konturen werden st\u00e4rker, die Bildwirkung intensiver. Der Schlafanzug des Kindes wirkt wie eine Uniform der Traumwelt. Die Figur fliegt durch eine stille, winterliche Landschaft \u2013 eine Kirche, ein H\u00fcgel, ein Weg, der sich verliert. Das Objekt in der Hand wird zu einer Nachricht, zu einem Botenst\u00fcck. Eine eindrucksvolle Szene zwischen Erz\u00e4hlung und Symbolik.<br \/>\n4. Acrylmalerei \u2013 Traum in Farbe<br \/>\nTitel: \u201eSchlafreise mit Lichtballon\u201c<br \/>\nAls Acrylgem\u00e4lde k\u00f6nnte das Bild in violetten, silbernen und goldgelben T\u00f6nen leuchten. Der Ballon in der Hand wird zum leuchtenden Zentrum, der Mond zur B\u00fchne, die Landschaft zur Traumkulisse. Das Kind fliegt wie ein Lied \u00fcber die Welt, das Dorf unter ihm schl\u00e4ft still. Die Farben erz\u00e4hlen vom \u00dcbergang \u2013 vom Tag zur Nacht, vom Wachen zum Fantasieren. Ein poetisches Nachtbild f\u00fcr jedes Kinderzimmer.<\/p>\n<p>_________________________________________________________<\/p>\n<div data-aidaform-app=\"form202405\" data-url=\"https:\/\/luggihitman.aidaform.com\/free-product-information-enquiry-form\" data-width=\"100%\" data-height=\"500px\" data-do-resize=\"\"><\/div>\n<p><script>(function(){var r,d=document,gt=d.getElementById,cr=d.createElement,tg=d.getElementsByTagName,id=\"aidaform-app\";if(!gt.call(d,id)){r=cr.call(d,\"script\");r.id=id;r.src=\"https:\/\/widget.aidaform.com\/embed.js\";(d.head || tg.call(d,\"head\")[0]).appendChild(r);}})()<\/script><\/p>\n","protected":false},"excerpt":{"rendered":"<p>2 Bildbesprechung \u2013 Der Trauml\u00e4ufer K\u00fcnstler: LTJ | Technik: Bleistift auf Papier | Format: A3 | Jahr: 2025 1. Originalskizze \u2013 Bleistiftzeichnung Titel: \u201eDer Trauml\u00e4ufer\u201c Ein Kind in Schlafanzug und&hellip;<\/p>\n","protected":false},"author":1,"featured_media":3199,"parent":0,"menu_order":0,"comment_status":"closed","ping_status":"closed","template":"","meta":{"footnotes":""},"class_list":["post-3197","page","type-page","status-publish","has-post-thumbnail","hentry"],"_links":{"self":[{"href":"https:\/\/ludwigthomajun.de\/index.php?rest_route=\/wp\/v2\/pages\/3197","targetHints":{"allow":["GET"]}}],"collection":[{"href":"https:\/\/ludwigthomajun.de\/index.php?rest_route=\/wp\/v2\/pages"}],"about":[{"href":"https:\/\/ludwigthomajun.de\/index.php?rest_route=\/wp\/v2\/types\/page"}],"author":[{"embeddable":true,"href":"https:\/\/ludwigthomajun.de\/index.php?rest_route=\/wp\/v2\/users\/1"}],"replies":[{"embeddable":true,"href":"https:\/\/ludwigthomajun.de\/index.php?rest_route=%2Fwp%2Fv2%2Fcomments&post=3197"}],"version-history":[{"count":3,"href":"https:\/\/ludwigthomajun.de\/index.php?rest_route=\/wp\/v2\/pages\/3197\/revisions"}],"predecessor-version":[{"id":3206,"href":"https:\/\/ludwigthomajun.de\/index.php?rest_route=\/wp\/v2\/pages\/3197\/revisions\/3206"}],"wp:featuredmedia":[{"embeddable":true,"href":"https:\/\/ludwigthomajun.de\/index.php?rest_route=\/wp\/v2\/media\/3199"}],"wp:attachment":[{"href":"https:\/\/ludwigthomajun.de\/index.php?rest_route=%2Fwp%2Fv2%2Fmedia&parent=3197"}],"curies":[{"name":"wp","href":"https:\/\/api.w.org\/{rel}","templated":true}]}}