{"id":3208,"date":"2025-06-26T15:33:54","date_gmt":"2025-06-26T15:33:54","guid":{"rendered":"https:\/\/ludwigthomajun.de\/?page_id=3208"},"modified":"2025-06-26T17:41:58","modified_gmt":"2025-06-26T17:41:58","slug":"a-wia-adam-2","status":"publish","type":"page","link":"https:\/\/ludwigthomajun.de\/?page_id=3208","title":{"rendered":"A Wia Adam"},"content":{"rendered":"<figure id=\"attachment_3217\" aria-describedby=\"caption-attachment-3217\" style=\"width: 212px\" class=\"wp-caption aligncenter\"><img loading=\"lazy\" decoding=\"async\" class=\"wp-image-3217 size-medium\" src=\"https:\/\/ludwigthomajun.de\/wp-content\/uploads\/2025\/06\/1-A3-Timeless-Meditation-Maler-LTj-A-4-2024-212x300.jpg\" alt=\"\" width=\"212\" height=\"300\" srcset=\"https:\/\/ludwigthomajun.de\/wp-content\/uploads\/2025\/06\/1-A3-Timeless-Meditation-Maler-LTj-A-4-2024-212x300.jpg 212w, https:\/\/ludwigthomajun.de\/wp-content\/uploads\/2025\/06\/1-A3-Timeless-Meditation-Maler-LTj-A-4-2024-724x1024.jpg 724w, https:\/\/ludwigthomajun.de\/wp-content\/uploads\/2025\/06\/1-A3-Timeless-Meditation-Maler-LTj-A-4-2024-768x1086.jpg 768w, https:\/\/ludwigthomajun.de\/wp-content\/uploads\/2025\/06\/1-A3-Timeless-Meditation-Maler-LTj-A-4-2024-1086x1536.jpg 1086w, https:\/\/ludwigthomajun.de\/wp-content\/uploads\/2025\/06\/1-A3-Timeless-Meditation-Maler-LTj-A-4-2024-1448x2048.jpg 1448w, https:\/\/ludwigthomajun.de\/wp-content\/uploads\/2025\/06\/1-A3-Timeless-Meditation-Maler-LTj-A-4-2024-scaled.jpg 1810w\" sizes=\"auto, (max-width: 212px) 100vw, 212px\" \/><figcaption id=\"caption-attachment-3217\" class=\"wp-caption-text\">1 Zeitlose Versonkung Maler: LTj. Johr: 2025<\/figcaption><\/figure>\n<p>&nbsp;<\/p>\n<p>Johr: 2025<\/p>\n<p>1 Zeitlose Versonkung<br \/>\nMaler: LTj.<\/p>\n<p>Johr: 2025<\/p>\n<p>Technik: A3 Digitaldruck<\/p>\n<p>Rei&#8216;: 9er Serie<\/p>\n<p>In *Zeitlose Versonkung* zauberd da LTj. a Bild, des ma ned blo\u00df oguggt, sondern g&#8217;sp\u00fcrt. Des is wia a stumma G&#8217;sang, der aus da Zeit fallt und in dei Herz neischleicht \u2013 ganz leise, ganz tief.<\/p>\n<p>Mitten in dem stillen Tal sitzt a Menschle, ganz f\u00fcr sich, auf am schwebenden Felsbrocken, drauf steht: \u201e2024\u201c. Rings um ihn san Kreise im Wasser \u2013 wia wenn sei Otem selber Wellen schlaad. Des san koane blo\u00dfe Kreise, des san Gedanken, vielleicht a die Ewigkeit selber, die si da niederl\u00e4sst.<\/p>\n<p>\u00dcwer ihm schwebd a riesiger Ring \u2013 a Mischung aus Sonn, Mandala und zerbrochener Scheib\u2019n. Die Teile drin schaun aus wia Glasst\u00fcckla von am Kirchenfenster, blo\u00df verdreht, verkehrt, aber irgendwie doch im Gleichklang. Des Ding lebt \u2013 und bleibt gleichzeitig starr, so wia d\u2019Zeit, wennst meditierst.<\/p>\n<p>Die Landschaft drumrum is wia a G&#8217;sp\u00fcr \u2013 koa echter Ort, sondern a Seelenraum. Die Berge san weich und doch kantig, die Wolken schweben wia Gedanken, und ois is in warme, br\u00e4unliche Farbn g\u2019taucht, wia a alts Pergament, auf dem die Zeit selber g\u2019zeichnet hat.<\/p>\n<p>Der Zeichenstil is locker, fast wia Gekritzl, aber ois hat sei Platz. Die Punkte, die Farbstruktur, des f\u00fchlt sich o weng nach Comic o, aber auf a sakrale Art. Des is ned blo\u00df Kunst \u2013 des is a meditativer Raum, in dem ma si verliern derf. Ned mit&#8217;n Kopf, sondern mit&#8217;m Gf\u00fchl.<\/p>\n<p>LTj. schafft mit *Zeitlose Versonkung* a Bild, des nix sagn will \u2013 und grad drum ois sacht. Des Bild braucht koan L\u00e4rm. Es atmet. Und wennst lang gnug neiguckst, dann h\u00f6rst es a fl\u00fcstern.<\/p>\n<p>&nbsp;<\/p>\n<figure id=\"attachment_3212\" aria-describedby=\"caption-attachment-3212\" style=\"width: 212px\" class=\"wp-caption aligncenter\"><img loading=\"lazy\" decoding=\"async\" class=\"wp-image-3212 size-medium\" src=\"https:\/\/ludwigthomajun.de\/wp-content\/uploads\/2025\/06\/2-A3-Timeless-In-The-Wind-Maler-LTJ-2024-212x300.jpg\" alt=\"\" width=\"212\" height=\"300\" srcset=\"https:\/\/ludwigthomajun.de\/wp-content\/uploads\/2025\/06\/2-A3-Timeless-In-The-Wind-Maler-LTJ-2024-212x300.jpg 212w, https:\/\/ludwigthomajun.de\/wp-content\/uploads\/2025\/06\/2-A3-Timeless-In-The-Wind-Maler-LTJ-2024-724x1024.jpg 724w, https:\/\/ludwigthomajun.de\/wp-content\/uploads\/2025\/06\/2-A3-Timeless-In-The-Wind-Maler-LTJ-2024-768x1086.jpg 768w, https:\/\/ludwigthomajun.de\/wp-content\/uploads\/2025\/06\/2-A3-Timeless-In-The-Wind-Maler-LTJ-2024-1086x1536.jpg 1086w, https:\/\/ludwigthomajun.de\/wp-content\/uploads\/2025\/06\/2-A3-Timeless-In-The-Wind-Maler-LTJ-2024-1448x2048.jpg 1448w, https:\/\/ludwigthomajun.de\/wp-content\/uploads\/2025\/06\/2-A3-Timeless-In-The-Wind-Maler-LTJ-2024-scaled.jpg 1810w\" sizes=\"auto, (max-width: 212px) 100vw, 212px\" \/><figcaption id=\"caption-attachment-3212\" class=\"wp-caption-text\">2 Zeitlos im Winda Maler: LTj. Johr: 2024<\/figcaption><\/figure>\n<p>&nbsp;<\/p>\n<p>&nbsp;<\/p>\n<p>&nbsp;<\/p>\n<p>&nbsp;<\/p>\n<p>2 Zeitlos im Winda<br \/>\nMaler: LTj.<\/p>\n<p>Johr: 2024<\/p>\n<p>Technik: A3 Digitaldruck<\/p>\n<p>Rei&#8216;: 9er Serie<\/p>\n<p>Des Bild *Zeitlos im Winda* is wia a stiller Gedankenspaziergang durch a zerrissene Ewigkeit. Da LTj. zeichnet aa Gf\u00fchl, des ma kennt, aber schwer in Worta packen kann \u2013 a Mischung aus Verg\u00e4nglichkeit und Geborgnheit, als w\u00fcrd da Wind selba \u00fcber di nachdenka.<\/p>\n<p>Wieder hockt a Menschle ganz alloa in da Middn von konzentrischen Ringen \u2013 blo\u00df diesmal san die Kreise zerrupfter, unruhiger, wia wenn da Wind durchs Wasser bl\u00e4st und ois ausm Gleichgewicht bringt. Und drumrum: a zerzauste Landschaft, wo rechts die Sunn aufblitzt und links da Wind kalte Farb\u2019n neiweht \u2013 des is koa klassischer Sonnenuntergang, des is a innerer Sturm.<\/p>\n<p>Ob&#8217;n schwebd a kreisrunde Form, wia a kaputte Uhr \u2013 oder vielleicht a zersprungener Spiegel, der die Zeit selber nimmer ganz gscheit zeigt. Di Zeiger san durcheinand, und trotzdem zeigt des Ding auf was hin. Vielleicht auf uns selber?<\/p>\n<p>Auf da Linkn wachst a schiefer Baum in Himmel, stur und stolz \u2013 a Zeichen f\u00fcr Trotz, f\u00fcr Durchhaltn, f\u00fcr Wurzeln in st\u00fcrmische Zeit. Unterm Baum a Schneckenhaus? A Spirale? Oder blo\u00df da Anfang von was? Nix is da eindeutig \u2013 und genau drum bleibt\u2019s spannend.<\/p>\n<p>Da LTj. nutzt halbt\u00f6ne, Farbschwankungen und punkterische Struktur wia in am alten Comic, aber do is nix lustig. Do is Ernst, do is Poesie. Des Bild f\u00fchlt sich an wia a altes Lied aufm Dachboden, des ma zf\u00e4llig find und nimma ausm Kopf kriagt.<\/p>\n<p>Des is fr\u00e4nkische Philosophie mitm Bleistift: still, schr\u00e4g und voller Wind. Ned zum Ausstell\u2019n, sondern zum Neifiahl\u2019n.<\/p>\n<figure id=\"attachment_3213\" aria-describedby=\"caption-attachment-3213\" style=\"width: 212px\" class=\"wp-caption aligncenter\"><img loading=\"lazy\" decoding=\"async\" class=\"wp-image-3213 size-medium\" src=\"https:\/\/ludwigthomajun.de\/wp-content\/uploads\/2025\/06\/3-A3-Timeless-Echoes-Maler-LTj-2024-212x300.jpg\" alt=\"\" width=\"212\" height=\"300\" srcset=\"https:\/\/ludwigthomajun.de\/wp-content\/uploads\/2025\/06\/3-A3-Timeless-Echoes-Maler-LTj-2024-212x300.jpg 212w, https:\/\/ludwigthomajun.de\/wp-content\/uploads\/2025\/06\/3-A3-Timeless-Echoes-Maler-LTj-2024-724x1024.jpg 724w, https:\/\/ludwigthomajun.de\/wp-content\/uploads\/2025\/06\/3-A3-Timeless-Echoes-Maler-LTj-2024-768x1086.jpg 768w, https:\/\/ludwigthomajun.de\/wp-content\/uploads\/2025\/06\/3-A3-Timeless-Echoes-Maler-LTj-2024-1086x1536.jpg 1086w, https:\/\/ludwigthomajun.de\/wp-content\/uploads\/2025\/06\/3-A3-Timeless-Echoes-Maler-LTj-2024-1448x2048.jpg 1448w, https:\/\/ludwigthomajun.de\/wp-content\/uploads\/2025\/06\/3-A3-Timeless-Echoes-Maler-LTj-2024-scaled.jpg 1810w\" sizes=\"auto, (max-width: 212px) 100vw, 212px\" \/><figcaption id=\"caption-attachment-3213\" class=\"wp-caption-text\">3 Zeitlose Echos Maler: LTj.Johr: 2024<\/figcaption><\/figure>\n<p>3 Zeitlose Echos<br \/>\nMaler: LTj.<\/p>\n<p>Johr: 2024<\/p>\n<p>Technik: A3 Digitaldruck<\/p>\n<p>Rei&#8216;: 9er Serie<\/p>\n<p>Des Bild *Zeitlose Echos* f\u00fchlt sich a weng o, als h\u00e4tt der Wind die Vergangenheid auf\u2019m Land festg\u2019haung. A kleines fr\u00e4nkisches D\u00f6rfla, mit\u2019m Fachwerkhaus im Zentrum, steht do \u2013 aber ned wia in der Wirklichkeit, sondern wia a Erinnerung, die in da Luft h\u00e4ngt.<\/p>\n<p>Die Linien san locker gzeichnet, fast wia a Skizze im Tagebuch von am Tr\u00e4umer. Do is koa klara Horizont, blo\u00df H\u00fcgel, Strich, Schwung \u2013 und ois bewegt si, als t\u00e4t a Wind durch die Landschaft weh\u2019n, der ned blo\u00df Bl\u00e4tter verweht, sondern Gschichten, Stimmen, Gedanken.<\/p>\n<p>Ob\u2019n im Bild, mitt\u2019n in da Landschaft, steht die Jahreszahl \u201e2025\u201c \u2013 eingekratzt wia a Zeitmarke im Strom vom G\u2019f\u00fchl. Do flie\u00dft nix linear. Alles is im Kreis, im Schwung, im Flirren. A alte Brunnen im Vordergrund \u2013 vielleicht a Ort vom Lauschn, vom Sich-Erinnern. Vielleicht a Ort, wo die Echos herkomm.<\/p>\n<p>Und do ganz untn rechts: a G\u2019stalt \u2013 vielleicht a Frau, vielleicht a Geist, vielleicht aa blo\u00df a Figur aus\u2019m Traum. Sie schaut Richtung Dorf, als t\u00e4t sie woher kumm\u2019n, als w\u00e4r sie a Teil von dem, was des Dorf nimmer wei\u00df. A stumma Gru\u00df aus der Zeit?<\/p>\n<p>Farbn san sparsam, erdig, ganz sachte Blau- und Sepiat\u00f6ne \u2013 wia bei an Bild, des zu lang in da Sonne g\u2019h\u00e4ngt is. Aber grad des macht\u2019s so besonders: Es lebt vom Verbleichen, vom Zwischenton, vom Unsaachbaren.<\/p>\n<p>LTj. hat mit *Zeitlose Echos* wida mol a Bild g\u2019macht, des mehr is als des, wos ma si aufh\u00e4ngt. Des is a Fenster \u2013 naa, eher a Hohlraum, in dem d\u2019Echo von do und damals weiterschwingt.<\/p>\n<p>&nbsp;<\/p>\n<p>&nbsp;<\/p>\n<p>&nbsp;<\/p>\n<p class=\"s3\"><span class=\"s2\">4 Zeitlose Echos<\/span><\/p>\n<p class=\"s4\">Maler: LTj.<\/p>\n<p class=\"s4\">Johr: 2024<\/p>\n<p class=\"s4\">Technik: A3 Digitaldruck<\/p>\n<p class=\"s4\">Rei&#8216;: 9er Serie<\/p>\n<p class=\"s4\">Des Bild *Zeitlose Echos* f\u00fchlt sich a weng o, als h\u00e4tt der Wind die Vergangenheid auf\u2019m Land festg\u2019haung. A kleines fr\u00e4nkisches D\u00f6rfla, mit\u2019m Fachwerkhaus im Zentrum, steht do \u2013 aber ned wia in der Wirklichkeit, sondern wia a Erinnerung, die in da Luft h\u00e4ngt.<\/p>\n<p>Die Linien san locker gzeichnet, fast wia a Skizze im Tagebuch von am Tr\u00e4umer. Do is koa klara Horizont, blo\u00df H\u00fcgel, Strich, Schwung \u2013 und ois bewegt si, als t\u00e4t a Wind durch die Landschaft weh\u2019n, der ned blo\u00df Bl\u00e4tter verweht, sondern Gschichten, Stimmen, Gedanken.<\/p>\n<p>Ob\u2019n im Bild, mitt\u2019n in da Landschaft, steht die Jahreszahl \u201e2025\u201c \u2013 eingekratzt wia a Zeitmarke im Strom vom G\u2019f\u00fchl. Do flie\u00dft nix linear. Alles is im Kreis, im Schwung, im Flirren. A alte Brunnen im Vordergrund \u2013 vielleicht a Ort vom Lauschn, vom Sich-Erinnern. Vielleicht a Ort, wo die Echos herkomm.<\/p>\n<p>Und do ganz untn rechts: a G\u2019stalt \u2013 vielleicht a Frau, vielleicht a Geist, vielleicht aa blo\u00df a Figur aus\u2019m Traum. Sie schaut Richtung Dorf, als t\u00e4t sie woher kumm\u2019n, als w\u00e4r sie a Teil von dem, was des Dorf nimmer wei\u00df. A stumma Gru\u00df aus der Zeit?<\/p>\n<p>Farbn san sparsam, erdig, ganz sachte Blau- und Sepiat\u00f6ne \u2013 wia bei an Bild, des zu lang in da Sonne g\u2019h\u00e4ngt is. Aber grad des macht\u2019s so besonders: Es lebt vom Verbleichen, vom Zwischenton, vom Unsaachbaren.<\/p>\n<p>LTj. hat mit *Zeitlose Echos* wida mol a Bild g\u2019macht, des mehr is als des, wos ma si aufh\u00e4ngt. Des is a Fenster \u2013 naa, eher a Hohlraum, in dem d\u2019Echo von do und damals weiterschwingt.<\/p>\n<p>&nbsp;<\/p>\n<p>&nbsp;<\/p>\n<p class=\"s3\"><span class=\"s2\">5 Mondgfl\u00fcster<\/span><\/p>\n<p class=\"s4\">Maler: LTj.<\/p>\n<p class=\"s4\">Johr: 2025<\/p>\n<p class=\"s4\">Technik: A3 Digitaldruck<\/p>\n<p class=\"s4\">Rei&#8216;: 9er Serie<\/p>\n<p class=\"s4\">In *Mondgfl\u00fcster* laaft da Wind durchs n\u00e4chtliche Land, und a stille Stimme schleicht sich in die Ohren von de, die no zuh\u00f6rn derfa. Da LTj. malt mit d\u00fcnne Linien und zarte Schatten a Szene, in der die Stimm von oben kimmt \u2013 vom Himmel, vom Mond, vielleicht aa ausm eigna Herz.<\/p>\n<p>Ob\u2019n schwebt a runder K\u00f6rper \u2013 vielleicht a verschlungener Vollmond, vielleicht a Blume, vielleicht aa blo\u00df a Gedankenschwung. Umgeb\u2019n is er von wellige Linien, die wia Strahl\u2019n oder Wellen um sich greif\u2019n \u2013 fast wia a kosmisches Gfl\u00fcster, des im Wind verschwimmt.<\/p>\n<p>Mitt\u2019n im Bild sitzt wieder a Menschle, ruhig und offen, auf am Fels, von dem ois abfallt. Er schaut in die Richtung vom Mond \u2013 oder eher: Er lauscht. Um ihn rum schleicht sich die Landschaft sanft, h\u00fcgelig, fast wia a Decke aus Licht und Dunkel.<\/p>\n<p>Links im Bild w\u00e4chst a Baum, der wia a Ohr ausschaut \u2013 als w\u00e4r die ganze Natur am Horchen. Dahinter: a paar Gestalten, schemenhaft, wia Schatten aus Erinnerungen. Vielleicht Seel\u2019n. Vielleicht Wandrer.<\/p>\n<p>Und untn links: a Zaun. Wacklig, unvollst\u00e4ndig, vielleicht aa nur symbolisch. Er grenzt nix ab \u2013 eher zeigt er, dass Grenzen immer durchl\u00e4ssig san, wenn der Mond redt.<\/p>\n<p>Die Farbn san zart: ocker, lichtes Grau, bisi Braun. Wia wenn des ganze Bild in fl\u00fcstertem Mondschein entstanden is. Und da mitt\u2019n drin: die Signatur \u201eLTj. 2025\u201c, wia a Zeichen im Sand, des erst bei ganz genauem Hinsegn auff\u00e4llt.<\/p>\n<p>*Mondgfl\u00fcster* is koa laut\u2019s Werk \u2013 es is a meditatives Zeichnen mit Herz, mit Wind, mit Weite. A schwebendes Lauschn in Form.<\/p>\n<p>&nbsp;<\/p>\n<p>&nbsp;<\/p>\n<p>&nbsp;<\/p>\n<p>&nbsp;<\/p>\n<p class=\"s3\"><span class=\"s2\">6 Zeitlos<\/span><\/p>\n<p class=\"s4\">Maler: LTj.<\/p>\n<p class=\"s4\">Johr: 2025<\/p>\n<p class=\"s4\">Technik: A3 Digitaldruck<\/p>\n<p class=\"s4\">Rei&#8216;: 9er Serie<\/p>\n<p class=\"s4\">In *Zeitlos* malt da LTj. a Uhr, die glei mehr is wie blo\u00df a Ziffernblatt. Sie steht da, fett und gro\u00df, wie a Denkmal inmitten von Wellen, Holz und Himmel. Und trotzdem zeigt sie nix Genaues \u2013 au\u00dfer, dass\u2019s Zeit selber nimma ganz stimmt.<\/p>\n<p>Des Ziffernblatt wirkt wie in Stein g\u2019haun, mit r\u00f6mische Zahlen, krumm und schief, fast wia zuf\u00e4llig verteilt. Die Zeiger steh\u2019n auf Neun und Drei \u2013 a Kreuzpunkt, a Gabelung, vielleicht aa a Unentschieden. Es geht ned um Minuten. Es geht um Momente.<\/p>\n<p>Unten drunter: Ringe im Holz, konzentrisch, spiralf\u00f6rmig \u2013 als w\u00e4r die ganze Zeit ned blo\u00df in Stund\u2019n und Minut\u2019n, sondern in Jahresringla gspeichert. Als w\u00e4r der Baumstumpf unterm Ziffernblatt a Archiv vom Universum.<\/p>\n<p>Die Farb\u2019n? Eisblau, h\u00f6lzern, kontrastreich. Wia wenn Wind und Wasser g\u2019sagt h\u00e4tt\u2019n: \u201eWir zeichnen dir, wie si die Zeit wirklich anf\u00fchlt.\u201c Und ringsum: die Andeutung von Natur \u2013 St\u00e4mme, Nadelb\u00e4ume, vielleicht aa a Bank im Hintergrund. Aber alles is zruckg\u2019nomm \u2013 die Zeit selber is da Star.<\/p>\n<p>Mitt\u2019n in dem ganzen Konstrukd steht \u201eLTj. 2025\u201c \u2013 net als K\u00fcnstler, sondern als Zeuge. Als w\u00e4r er dabei g\u2019wesen, wie die Zeit zum Stehn bringa wollt, sich dann aber doch in Kreise weiterdreht.<\/p>\n<p>*Zeitlos* is aa Hommage an\u2019s Warten, an\u2019s Nachdenken, ans \u201esich ausklinken\u201c. A Uhr, die ned Zeit zeigt, sondern des G\u2019f\u00fchl, wann Zeit aufh\u00f6rt wichtig zu sei.<\/p>\n<p>&nbsp;<\/p>\n<p>&nbsp;<\/p>\n<p>&nbsp;<\/p>\n<p class=\"s3\"><span class=\"s2\">7 Abrahamwurschd-Kessl<\/span><\/p>\n<p class=\"s4\">Maler: LTj.<\/p>\n<p class=\"s4\">Johr: 2024<\/p>\n<p class=\"s4\">Technik: A3 Digitaldruck<\/p>\n<p class=\"s4\">Rei&#8216;: 9er Serie<\/p>\n<p class=\"s4\">Des Bild *Abrahamwurschd-Kessl* is a G&#8217;schenk f\u00fcr die, die Humor und Tiefe ned f\u00fcr Gegns\u00e4tze haltn. Da LTj. haut do a Ding na, des gleichzeitig witzig, verst\u00f6rend und poetisch is \u2013 a Maschin\u2019 aus G\u2019schicht, Kindheit, Dampf und vielleicht a weng Wahnsinn.<\/p>\n<p>Mitten im Bild rotiert a gro\u00dfer Kessel, von Linien umrissn, die kreiseln, vibriern, pulsieren. Drin: a Spirale \u2013 vielleicht a Wurst, vielleicht a Galaxie, vielleicht aa blo\u00df a Denkfehler. Und drunter \u2013 fett und klar: \u201eABRAHAMSWURSCHD KESSEL\u201c. Wia auf\u2019m Jahrmarkt, blo\u00df kosmischer.<\/p>\n<p>Die Farben? Blau wie Blech, k\u00fchl wie Maschinenraum, aber umrahmt von organisch-flie\u00dfende Formen. Wia wenn der Kessel in an lebendigen Baumstamm neibaut is \u2013 oder in a Wurzel von was viel \u00c4lterem. Links erkennt ma fast a Fratze, rechts vielleicht a Fingerzeig.<\/p>\n<p>Und trotzdem steht unten fein s\u00e4uberlich: \u201eLTj. 2025\u201c \u2013 fast zu brav f\u00fcr des wilde, dampfende Ding. Es is a Kreuzung aus Mythos und Maultasche, aus Uhrwerk und Kinderglaube. Und jeder, der \u201eAbrahamwurschd\u201c kennt, sp\u00fcrt, dass des Bild mehr sacht, als ma am Anfang denkt.<\/p>\n<p>LTj. hat hier a Satire im Bleistiftgwand gschaffn \u2013 aber ohne Zynismus. Des is a z\u00e4rtliche Karikatur auf Technik, Tradition und Zeitkapseln, wie ma sie in Kopf und Herz mittragn. Der Kessl kocht \u2013 ned vor Zorn, sondern vor Energie.<\/p>\n<p>&nbsp;<\/p>\n<p>&nbsp;<\/p>\n<p>&nbsp;<\/p>\n<p>&nbsp;<\/p>\n<p class=\"s3\"><span class=\"s2\">8 Dunstiger Durschgang<\/span><\/p>\n<p class=\"s4\">Maler: LTj.<\/p>\n<p class=\"s4\">Johr: 2024<\/p>\n<p class=\"s4\">Technik: A3 Digitaldruck<\/p>\n<p class=\"s4\">Rei&#8216;: 9er Serie<\/p>\n<p class=\"s4\">In *Dunstiger Durschgang* zeigt da LTj. a Weg, der weder vorw\u00e4rts noch r\u00fcckw\u00e4rts geht \u2013 sondern mitten nei in a Welt, die si aufl\u00f6st und gleichzeitig zammensetzt. A Szene, die sich ned erkl\u00e4ren l\u00e4sst, sondern gf\u00fchlt werdn will.<\/p>\n<p>Do windet si a Weg durch gr\u00fcnlich schimmernde Furchen, links und rechts mit seltsame Zeichen und Samenk\u00f6rner verziert \u2013 wia a Spurensuche, wia a Acker, der ned blo\u00df Erdn, sondern Erinnerungen s\u00e4t. Der Boden lebt. Und der Pfad? Der zieht nauf in a Gl\u00fchn, wos eher an Verbrennung erinnert als an Licht.<\/p>\n<p>Ob\u2019n rechts formt si a Gesicht aus Farb und Rauch \u2013 wia a Ahne, a Geist, a g\u00fctige Macht, die si zeigt, aber nix sagt. Die Linien um sie rum wia Haar, Wurzel oder Flamma \u2013 des kann alles sei. Und vielleicht is es genau des, was bleibt: a Moment vom Dazwisch\u2019n.<\/p>\n<p>Links hock\u2019n Nadelb\u00e4um \u2013 spitz, verwackelt, wia Gedankenschatten. Und rechts: de Welt brennt. Aber ned bedrohlich \u2013 eher wia wenn da Wandel selber leuchtet.<\/p>\n<p>Die Farb\u2019n san stark: Mintgr\u00fcn, Ockergelb, dunkles Rot. Der ganze Bildraum is wia a atmender \u00dcbergang \u2013 zwischen Tag und Traum, zwischen Mensch und Mythos. Und nat\u00fcrlich: \u201eLTj. 2025\u201c \u2013 de Signatur taucht mitten drin auf, unaufdringlich, aber stimmig.<\/p>\n<p>*Dunstiger Durschgang* is koana von den lauten Bilder. Es is a stilles Rauschen \u2013 a Wandlung, gzeichnet mit Bleistift und Herz. F\u00fcr die, die wissen, dass\u2019s im Leben ned nur um Ziele geht, sondern um \u00dcberg\u00e4ng.<\/p>\n<p>&nbsp;<\/p>\n<p>&nbsp;<\/p>\n<p>&nbsp;<\/p>\n<p class=\"s3\"><span class=\"s2\">9 Himmliche Harmonie<\/span><\/p>\n<p class=\"s4\">Maler: LTj.<\/p>\n<p class=\"s4\">Johr: 2024<\/p>\n<p class=\"s4\">Technik: A3 Digitaldruck<\/p>\n<p class=\"s4\">Rei&#8216;: 9er Serie<\/p>\n<p class=\"s4\">Mit *Himmliche Harmonie* schlie\u00dft da LTj. sei neuner Zyklus mit am Bild, des wia a Krone \u00fcber die vorherige steht \u2013 oder wia a kosmisches Diadem, gformt aus Planet\u2019n, Linien und G\u2019f\u00fchl.<\/p>\n<p>Mitt\u2019n im Bild: a Sonn, die l\u00e4chelt. Aber des is ka gew\u00f6hnliche Sonn \u2013 sondern a Mischwesen aus Spiral, Uhrwerk und Gsicht. Drumrum: Kugeln, Planeten, wabernde Kreise \u2013 wia Stimmen im All. Sie schwimmen im Gold, im Blaugrau, im Licht von oben, als t\u00e4t die Stille selber jubeln.<\/p>\n<p>Das Besondere is der Ring au\u00dfenrum \u2013 wia a Perlenkett\u2019n, aber ned aus Schmuck, sondern aus Takt, aus Ordnung, aus Verbindung. Alles is zammg\u2019h\u00e4ngd. Die Himmelsk\u00f6rper tanzen ned zuf\u00e4llig. Sie folgen an Rhythmus, den ma blo\u00df im Herzen h\u00f6rt.<\/p>\n<p>Unterm Zentrum: die Signatur \u201eLTj. 2024\u201c \u2013 wia a Notenschl\u00fcssel, der die Komposition best\u00e4tigt. Dadrunter: ovale Form\u2019n, wia Trittstufen im Weltall, wia Lautsprecher f\u00fcr die Sph\u00e4renkl\u00e4nge, die ma im Alltag oft \u00fcberh\u00f6r\u2019n.<\/p>\n<p>Und auf\u2019m Boden \u2013 fast schwebend \u2013 a Art Br\u00fccke oder Zeichen, des vielleicht f\u00fcr Verst\u00e4ndigung steht. Zwischen Erde und Himmel, zwischen Kunst und Klang, zwischen Mensch und Mitternacht.<\/p>\n<p>Die Farb\u2019n: mintgr\u00fcn, hellgelb, blaugrau \u2013 ned schrill, sondern weich und zugleich fest. Wia a Lied, des langsam aufbau\u2019d und dann in Stille ausklingd.<\/p>\n<p>*Himmliche Harmonie* is der ruhige Abschluss, der gleichzeitig a Neuanfang is. A Bild, des net blo\u00df og\u2019malt is, sondern g\u2019spielt \u2013 auf\u2019m Instrument der Welt.<\/p>\n<p>&nbsp;<\/p>\n<p>_________________________________________________________<\/p>\n<div data-aidaform-app=\"form202405\" data-url=\"https:\/\/luggihitman.aidaform.com\/free-product-information-enquiry-form\" data-width=\"100%\" data-height=\"500px\" data-do-resize=\"\"><\/div>\n<p><script>(function(){var r,d=document,gt=d.getElementById,cr=d.createElement,tg=d.getElementsByTagName,id=\"aidaform-app\";if(!gt.call(d,id)){r=cr.call(d,\"script\");r.id=id;r.src=\"https:\/\/widget.aidaform.com\/embed.js\";(d.head || tg.call(d,\"head\")[0]).appendChild(r);}})()<\/script><\/p>\n","protected":false},"excerpt":{"rendered":"<p>&nbsp; Johr: 2025 1 Zeitlose Versonkung Maler: LTj. Johr: 2025 Technik: A3 Digitaldruck Rei&#8216;: 9er Serie In *Zeitlose Versonkung* zauberd da LTj. a Bild, des ma ned blo\u00df oguggt, sondern&hellip;<\/p>\n","protected":false},"author":1,"featured_media":0,"parent":0,"menu_order":0,"comment_status":"closed","ping_status":"closed","template":"","meta":{"footnotes":""},"class_list":["post-3208","page","type-page","status-publish","hentry"],"_links":{"self":[{"href":"https:\/\/ludwigthomajun.de\/index.php?rest_route=\/wp\/v2\/pages\/3208","targetHints":{"allow":["GET"]}}],"collection":[{"href":"https:\/\/ludwigthomajun.de\/index.php?rest_route=\/wp\/v2\/pages"}],"about":[{"href":"https:\/\/ludwigthomajun.de\/index.php?rest_route=\/wp\/v2\/types\/page"}],"author":[{"embeddable":true,"href":"https:\/\/ludwigthomajun.de\/index.php?rest_route=\/wp\/v2\/users\/1"}],"replies":[{"embeddable":true,"href":"https:\/\/ludwigthomajun.de\/index.php?rest_route=%2Fwp%2Fv2%2Fcomments&post=3208"}],"version-history":[{"count":17,"href":"https:\/\/ludwigthomajun.de\/index.php?rest_route=\/wp\/v2\/pages\/3208\/revisions"}],"predecessor-version":[{"id":3237,"href":"https:\/\/ludwigthomajun.de\/index.php?rest_route=\/wp\/v2\/pages\/3208\/revisions\/3237"}],"wp:attachment":[{"href":"https:\/\/ludwigthomajun.de\/index.php?rest_route=%2Fwp%2Fv2%2Fmedia&parent=3208"}],"curies":[{"name":"wp","href":"https:\/\/api.w.org\/{rel}","templated":true}]}}