{"id":3263,"date":"2025-07-02T12:23:28","date_gmt":"2025-07-02T12:23:28","guid":{"rendered":"https:\/\/ludwigthomajun.de\/?page_id=3263"},"modified":"2025-07-02T12:25:14","modified_gmt":"2025-07-02T12:25:14","slug":"128-scintilla-in-cacabo-farciminis-der-funke-im-wurschdkessl-2025","status":"publish","type":"page","link":"https:\/\/ludwigthomajun.de\/?page_id=3263","title":{"rendered":"128 Scintilla in Cacabo Farciminis \u2013 Der Funke im Wurschdkessl  2025"},"content":{"rendered":"<figure id=\"attachment_3264\" aria-describedby=\"caption-attachment-3264\" style=\"width: 207px\" class=\"wp-caption aligncenter\"><img loading=\"lazy\" decoding=\"async\" class=\"size-medium wp-image-3264\" src=\"https:\/\/ludwigthomajun.de\/wp-content\/uploads\/2025\/07\/128-Scintilla-in-Cacabo-Farciminis-\u2013-Der-Funke-im-Wurschdkessl0AORG-207x300.jpeg\" alt=\"\" width=\"207\" height=\"300\" srcset=\"https:\/\/ludwigthomajun.de\/wp-content\/uploads\/2025\/07\/128-Scintilla-in-Cacabo-Farciminis-\u2013-Der-Funke-im-Wurschdkessl0AORG-207x300.jpeg 207w, https:\/\/ludwigthomajun.de\/wp-content\/uploads\/2025\/07\/128-Scintilla-in-Cacabo-Farciminis-\u2013-Der-Funke-im-Wurschdkessl0AORG-707x1024.jpeg 707w, https:\/\/ludwigthomajun.de\/wp-content\/uploads\/2025\/07\/128-Scintilla-in-Cacabo-Farciminis-\u2013-Der-Funke-im-Wurschdkessl0AORG-768x1112.jpeg 768w, https:\/\/ludwigthomajun.de\/wp-content\/uploads\/2025\/07\/128-Scintilla-in-Cacabo-Farciminis-\u2013-Der-Funke-im-Wurschdkessl0AORG.jpeg 989w\" sizes=\"auto, (max-width: 207px) 100vw, 207px\" \/><figcaption id=\"caption-attachment-3264\" class=\"wp-caption-text\">128 Scintilla in Cacabo Farciminis \u2013 Der Funke im Wurschdkessl<br \/>Org<\/figcaption><\/figure>\n<figure id=\"attachment_3265\" aria-describedby=\"caption-attachment-3265\" style=\"width: 207px\" class=\"wp-caption aligncenter\"><img loading=\"lazy\" decoding=\"async\" class=\"size-medium wp-image-3265\" src=\"https:\/\/ludwigthomajun.de\/wp-content\/uploads\/2025\/07\/128-Scintilla-in-Cacabo-Farciminis-\u2013-Der-Funke-im-Wurschdkessl0ADotted-60th-207x300.jpeg\" alt=\"\" width=\"207\" height=\"300\" srcset=\"https:\/\/ludwigthomajun.de\/wp-content\/uploads\/2025\/07\/128-Scintilla-in-Cacabo-Farciminis-\u2013-Der-Funke-im-Wurschdkessl0ADotted-60th-207x300.jpeg 207w, https:\/\/ludwigthomajun.de\/wp-content\/uploads\/2025\/07\/128-Scintilla-in-Cacabo-Farciminis-\u2013-Der-Funke-im-Wurschdkessl0ADotted-60th-707x1024.jpeg 707w, https:\/\/ludwigthomajun.de\/wp-content\/uploads\/2025\/07\/128-Scintilla-in-Cacabo-Farciminis-\u2013-Der-Funke-im-Wurschdkessl0ADotted-60th-768x1112.jpeg 768w, https:\/\/ludwigthomajun.de\/wp-content\/uploads\/2025\/07\/128-Scintilla-in-Cacabo-Farciminis-\u2013-Der-Funke-im-Wurschdkessl0ADotted-60th-1061x1536.jpeg 1061w, https:\/\/ludwigthomajun.de\/wp-content\/uploads\/2025\/07\/128-Scintilla-in-Cacabo-Farciminis-\u2013-Der-Funke-im-Wurschdkessl0ADotted-60th-1415x2048.jpeg 1415w, https:\/\/ludwigthomajun.de\/wp-content\/uploads\/2025\/07\/128-Scintilla-in-Cacabo-Farciminis-\u2013-Der-Funke-im-Wurschdkessl0ADotted-60th-scaled.jpeg 1769w\" sizes=\"auto, (max-width: 207px) 100vw, 207px\" \/><figcaption id=\"caption-attachment-3265\" class=\"wp-caption-text\">128 Scintilla in Cacabo Farciminis \u2013 Der Funke im Wurschdkessl<br \/>Acryl<\/figcaption><\/figure>\n<figure id=\"attachment_3266\" aria-describedby=\"caption-attachment-3266\" style=\"width: 207px\" class=\"wp-caption aligncenter\"><img loading=\"lazy\" decoding=\"async\" class=\"size-medium wp-image-3266\" src=\"https:\/\/ludwigthomajun.de\/wp-content\/uploads\/2025\/07\/128-Scintilla-in-Cacabo-Farciminis-\u2013-Der-Funke-im-Wurschdkessl0ABW-207x300.jpeg\" alt=\"\" width=\"207\" height=\"300\" srcset=\"https:\/\/ludwigthomajun.de\/wp-content\/uploads\/2025\/07\/128-Scintilla-in-Cacabo-Farciminis-\u2013-Der-Funke-im-Wurschdkessl0ABW-207x300.jpeg 207w, https:\/\/ludwigthomajun.de\/wp-content\/uploads\/2025\/07\/128-Scintilla-in-Cacabo-Farciminis-\u2013-Der-Funke-im-Wurschdkessl0ABW-707x1024.jpeg 707w, https:\/\/ludwigthomajun.de\/wp-content\/uploads\/2025\/07\/128-Scintilla-in-Cacabo-Farciminis-\u2013-Der-Funke-im-Wurschdkessl0ABW-768x1112.jpeg 768w, https:\/\/ludwigthomajun.de\/wp-content\/uploads\/2025\/07\/128-Scintilla-in-Cacabo-Farciminis-\u2013-Der-Funke-im-Wurschdkessl0ABW-1061x1536.jpeg 1061w, https:\/\/ludwigthomajun.de\/wp-content\/uploads\/2025\/07\/128-Scintilla-in-Cacabo-Farciminis-\u2013-Der-Funke-im-Wurschdkessl0ABW-1415x2048.jpeg 1415w, https:\/\/ludwigthomajun.de\/wp-content\/uploads\/2025\/07\/128-Scintilla-in-Cacabo-Farciminis-\u2013-Der-Funke-im-Wurschdkessl0ABW-scaled.jpeg 1769w\" sizes=\"auto, (max-width: 207px) 100vw, 207px\" \/><figcaption id=\"caption-attachment-3266\" class=\"wp-caption-text\">128 Scintilla in Cacabo Farciminis \u2013 Der Funke im Wurschdkessl<br \/>BW<\/figcaption><\/figure>\n<figure id=\"attachment_3267\" aria-describedby=\"caption-attachment-3267\" style=\"width: 207px\" class=\"wp-caption aligncenter\"><img loading=\"lazy\" decoding=\"async\" class=\"size-medium wp-image-3267\" src=\"https:\/\/ludwigthomajun.de\/wp-content\/uploads\/2025\/07\/128-Scintilla-in-Cacabo-Farciminis-\u2013-Der-Funke-im-Wurschdkessl0AAcryl-207x300.jpeg\" alt=\"\" width=\"207\" height=\"300\" srcset=\"https:\/\/ludwigthomajun.de\/wp-content\/uploads\/2025\/07\/128-Scintilla-in-Cacabo-Farciminis-\u2013-Der-Funke-im-Wurschdkessl0AAcryl-207x300.jpeg 207w, https:\/\/ludwigthomajun.de\/wp-content\/uploads\/2025\/07\/128-Scintilla-in-Cacabo-Farciminis-\u2013-Der-Funke-im-Wurschdkessl0AAcryl-707x1024.jpeg 707w, https:\/\/ludwigthomajun.de\/wp-content\/uploads\/2025\/07\/128-Scintilla-in-Cacabo-Farciminis-\u2013-Der-Funke-im-Wurschdkessl0AAcryl-768x1112.jpeg 768w, https:\/\/ludwigthomajun.de\/wp-content\/uploads\/2025\/07\/128-Scintilla-in-Cacabo-Farciminis-\u2013-Der-Funke-im-Wurschdkessl0AAcryl-1061x1536.jpeg 1061w, https:\/\/ludwigthomajun.de\/wp-content\/uploads\/2025\/07\/128-Scintilla-in-Cacabo-Farciminis-\u2013-Der-Funke-im-Wurschdkessl0AAcryl-1415x2048.jpeg 1415w, https:\/\/ludwigthomajun.de\/wp-content\/uploads\/2025\/07\/128-Scintilla-in-Cacabo-Farciminis-\u2013-Der-Funke-im-Wurschdkessl0AAcryl-scaled.jpeg 1769w\" sizes=\"auto, (max-width: 207px) 100vw, 207px\" \/><figcaption id=\"caption-attachment-3267\" class=\"wp-caption-text\">128 Scintilla in Cacabo Farciminis \u2013 Der Funke im Wurschdkessl<br \/>Dotted 60th<\/figcaption><\/figure>\n<p>128 Scintilla in Cacabo Farciminis \u2013 Der Funke im Wurschdkessl<br \/>\n\u2022 Artist: LTJ<br \/>\n\u2022 Year: 2025mm<br \/>\n\u2022 Format: A4<br \/>\n\u2022 Medium: Pencil on paper<br \/>\n\u2022 Versions:<br \/>\n\u00a0\u2022 Original<br \/>\n\u00a0\u2022 Dotted 60th<br \/>\n\u00a0\u2022 Black and White<br \/>\n\u00a0\u2022 Acrylic<br \/>\n(_Graphite drawing of a flying sausage and bubbling cauldron_)<br \/>\nIn *\u201cScintilla in Cacabo Farciminis \u2013 Der Funke im Wurschdkessl\u201d*, LTJ blends surreal comedy with visual folklore, presenting a whimsical graphite sketch that is at once absurd, mythic, and emotionally precise. Executed in pencil on paper, the drawing captures a dramatic instant: a startled sausage character suspended mid-air, just above a boiling, smoke-wreathed kettle\u2014an alchemical pot that seems to bubble with more than just soup.\u2028\u2028The sausage, anthropomorphic and full of personality, is drawn with expressive limbs, raised brows, and an open mouth that conveys surprise\u2014or perhaps existential dread. It hovers above the pot like Icarus before the plunge, forming a playful yet poetic tension.\u2028\u2028The cauldron itself is rendered with flowing, organic lines. Flames and vapors curl upward, echoing the vertical thrust of the composition, while the textures around the pot hint at warmth, chaos, and ancient kitchen rituals. The contrast between the rigid text above (\u201cScintilla in Cacabo Farciminis\u201d) and the earthy dialect title below (\u201cDer Funke im Wurschdkessl\u201d) creates a narrative duality\u2014elevated Latin meets Franconian humor.\u2028\u2028What makes this piece truly sing is the sense of motion: every line dances with energy. And yet, behind the comedy, there&#8217;s symbolism\u2014the spark in the sausage pot might well be the beginning of a transformation, or a fiery initiation into something more than mere stew.<\/p>\n<p>128 Der Funke im Wurschdkessl<br \/>\n\u2022 K\u00fcnstler: LTJ<br \/>\n\u2022 Jahr: 2025<br \/>\n\u2022 Format: A4<br \/>\n\u2022 Medium: Bleistift auf Papier<br \/>\n\u2022 Versionen:<br \/>\n\u00a0\u2022 Original<br \/>\n\u00a0\u2022 Gepunktet (60er-Stil)<br \/>\n\u00a0\u2022 Schwarz-Wei\u00df<br \/>\n\u00a0\u2022 Acryl<br \/>\n(_Bleistiftzeichnung einer fliegenden Wurst und eines brodelnden Kessels_)<br \/>\nIn *\u201eDer Funke im Wurschdkessl\u201c* verbindet LTJ surreale Komik mit visueller Folklore und pr\u00e4sentiert eine verspielte Bleistiftzeichnung, die zugleich absurd, mythisch und emotional pr\u00e4zise ist. Die auf Papier ausgef\u00fchrte Zeichnung zeigt einen dramatischen Moment: eine erschrockene Wurstfigur schwebt in der Luft, direkt \u00fcber einem kochenden, dampfumh\u00fcllten Kessel \u2013 einem alchemistischen Topf, der nach mehr als nur Suppe aussieht.\u2028\u2028Die Wurst, vermenschlicht und voller Ausdruck, ist mit lebendigen Gliedma\u00dfen, hochgezogenen Brauen und offenem Mund gezeichnet \u2013 ein Gesichtsausdruck zwischen \u00dcberraschung und existenziellem Entsetzen. Sie schwebt \u00fcber dem Kessel wie Ikarus vor dem Fall und erzeugt eine verspielte, fast poetische Spannung.\u2028\u2028Der Kessel selbst ist mit flie\u00dfenden, organischen Linien gestaltet. Flammen und D\u00e4mpfe steigen empor und spiegeln die vertikale Dynamik der Komposition wider, w\u00e4hrend die Texturen um den Topf W\u00e4rme, Chaos und uralte K\u00fcchenrituale andeuten. Der Kontrast zwischen dem steifen lateinischen Titel (\u201eScintilla in Cacabo Farciminis\u201c) und dem bodenst\u00e4ndigen fr\u00e4nkischen Untertitel (\u201eDer Funke im Wurschdkessl\u201c) schafft eine narrative Zweiteilung \u2013 erhabenes Latein trifft auf humorvolle Regionalit\u00e4t.\u2028\u2028Was dieses Werk wirklich lebendig macht, ist das Gef\u00fchl von Bewegung: Jede Linie vibriert vor Energie. Und doch liegt hinter dem Witz eine Symbolik \u2013 der Funke im Wurstkessel k\u00f6nnte der Beginn einer Verwandlung sein, oder ein feuriges Initiationsritual in etwas, das mehr ist als nur Eintopf.<\/p>\n<p>2_________________________________________________________<\/p>\n<div data-aidaform-app=\"form202405\" data-url=\"https:\/\/luggihitman.aidaform.com\/free-product-information-enquiry-form\" data-width=\"100%\" data-height=\"500px\" data-do-resize=\"\"><\/div>\n<p><script>(function(){var r,d=document,gt=d.getElementById,cr=d.createElement,tg=d.getElementsByTagName,id=\"aidaform-app\";if(!gt.call(d,id)){r=cr.call(d,\"script\");r.id=id;r.src=\"https:\/\/widget.aidaform.com\/embed.js\";(d.head || tg.call(d,\"head\")[0]).appendChild(r);}})()<\/script><\/p>\n","protected":false},"excerpt":{"rendered":"<p>128 Scintilla in Cacabo Farciminis \u2013 Der Funke im Wurschdkessl \u2022 Artist: LTJ \u2022 Year: 2025mm \u2022 Format: A4 \u2022 Medium: Pencil on paper \u2022 Versions: \u00a0\u2022 Original \u00a0\u2022 Dotted&hellip;<\/p>\n","protected":false},"author":1,"featured_media":3266,"parent":0,"menu_order":0,"comment_status":"closed","ping_status":"closed","template":"","meta":{"footnotes":""},"class_list":["post-3263","page","type-page","status-publish","has-post-thumbnail","hentry"],"_links":{"self":[{"href":"https:\/\/ludwigthomajun.de\/index.php?rest_route=\/wp\/v2\/pages\/3263","targetHints":{"allow":["GET"]}}],"collection":[{"href":"https:\/\/ludwigthomajun.de\/index.php?rest_route=\/wp\/v2\/pages"}],"about":[{"href":"https:\/\/ludwigthomajun.de\/index.php?rest_route=\/wp\/v2\/types\/page"}],"author":[{"embeddable":true,"href":"https:\/\/ludwigthomajun.de\/index.php?rest_route=\/wp\/v2\/users\/1"}],"replies":[{"embeddable":true,"href":"https:\/\/ludwigthomajun.de\/index.php?rest_route=%2Fwp%2Fv2%2Fcomments&post=3263"}],"version-history":[{"count":3,"href":"https:\/\/ludwigthomajun.de\/index.php?rest_route=\/wp\/v2\/pages\/3263\/revisions"}],"predecessor-version":[{"id":3272,"href":"https:\/\/ludwigthomajun.de\/index.php?rest_route=\/wp\/v2\/pages\/3263\/revisions\/3272"}],"wp:featuredmedia":[{"embeddable":true,"href":"https:\/\/ludwigthomajun.de\/index.php?rest_route=\/wp\/v2\/media\/3266"}],"wp:attachment":[{"href":"https:\/\/ludwigthomajun.de\/index.php?rest_route=%2Fwp%2Fv2%2Fmedia&parent=3263"}],"curies":[{"name":"wp","href":"https:\/\/api.w.org\/{rel}","templated":true}]}}