{"id":34,"date":"2019-11-23T16:14:49","date_gmt":"2019-11-23T16:14:49","guid":{"rendered":"https:\/\/ludwigthomajun.de\/?page_id=34"},"modified":"2025-05-26T19:41:41","modified_gmt":"2025-05-26T19:41:41","slug":"releases","status":"publish","type":"page","link":"https:\/\/ludwigthomajun.de\/?page_id=34","title":{"rendered":"Meine Releases bei Spotify"},"content":{"rendered":"<p><a href=\"https:\/\/listen.music-hub.com\/nXSsxM\" target=\"_blank\" rel=\"noopener\"><img loading=\"lazy\" decoding=\"async\" class=\"aligncenter size-medium wp-image-2988\" src=\"https:\/\/ludwigthomajun.de\/wp-content\/uploads\/2025\/05\/IMG_4572-176x300.jpeg\" alt=\"\" width=\"176\" height=\"300\" srcset=\"https:\/\/ludwigthomajun.de\/wp-content\/uploads\/2025\/05\/IMG_4572-176x300.jpeg 176w, https:\/\/ludwigthomajun.de\/wp-content\/uploads\/2025\/05\/IMG_4572-602x1024.jpeg 602w, https:\/\/ludwigthomajun.de\/wp-content\/uploads\/2025\/05\/IMG_4572-768x1307.jpeg 768w, https:\/\/ludwigthomajun.de\/wp-content\/uploads\/2025\/05\/IMG_4572-903x1536.jpeg 903w, https:\/\/ludwigthomajun.de\/wp-content\/uploads\/2025\/05\/IMG_4572.jpeg 1169w\" sizes=\"auto, (max-width: 176px) 100vw, 176px\" \/><\/a><\/p>\n<p><a href=\"https:\/\/listen.music-hub.com\/BthTCm\" target=\"_blank\" rel=\"noopener\"><img loading=\"lazy\" decoding=\"async\" class=\"aligncenter wp-image-2982 size-medium\" src=\"https:\/\/ludwigthomajun.de\/wp-content\/uploads\/2025\/05\/IMG_4571-160x300.jpeg\" alt=\"\" width=\"160\" height=\"300\" srcset=\"https:\/\/ludwigthomajun.de\/wp-content\/uploads\/2025\/05\/IMG_4571-160x300.jpeg 160w, https:\/\/ludwigthomajun.de\/wp-content\/uploads\/2025\/05\/IMG_4571-547x1024.jpeg 547w, https:\/\/ludwigthomajun.de\/wp-content\/uploads\/2025\/05\/IMG_4571-768x1439.jpeg 768w, https:\/\/ludwigthomajun.de\/wp-content\/uploads\/2025\/05\/IMG_4571-820x1536.jpeg 820w, https:\/\/ludwigthomajun.de\/wp-content\/uploads\/2025\/05\/IMG_4571-1093x2048.jpeg 1093w, https:\/\/ludwigthomajun.de\/wp-content\/uploads\/2025\/05\/IMG_4571.jpeg 1116w\" sizes=\"auto, (max-width: 160px) 100vw, 160px\" \/><\/a><\/p>\n<p><iframe title=\"Spotify Embed: Fak 63 (Live)\" style=\"border-radius: 12px\" width=\"100%\" height=\"352\" frameborder=\"0\" allowfullscreen allow=\"autoplay; clipboard-write; encrypted-media; fullscreen; picture-in-picture\" loading=\"lazy\" src=\"https:\/\/open.spotify.com\/embed\/album\/3rDr566wfGKhX7p5Pa4pwi?si=Kzj6R9gWQmOTruw5snsm5w&#038;utm_source=oembed\"><\/iframe><\/p>\n<p>live unplugged Galerie Subline<\/p>\n<p><iframe title=\"Spotify Embed: Fak 62 (Live)\" style=\"border-radius: 12px\" width=\"100%\" height=\"352\" frameborder=\"0\" allowfullscreen allow=\"autoplay; clipboard-write; encrypted-media; fullscreen; picture-in-picture\" loading=\"lazy\" src=\"https:\/\/open.spotify.com\/embed\/album\/0XwIJdFrwRCxeVJuSnlA7Q?si=HBNH3YaaTWyBKxQhBOaQig&#038;utm_source=oembed\"><\/iframe><\/p>\n<p>live unplugged Galerie Subline<\/p>\n<p><iframe title=\"Spotify Embed: Fak 61 (Live)\" style=\"border-radius: 12px\" width=\"100%\" height=\"352\" frameborder=\"0\" allowfullscreen allow=\"autoplay; clipboard-write; encrypted-media; fullscreen; picture-in-picture\" loading=\"lazy\" src=\"https:\/\/open.spotify.com\/embed\/album\/7oEhijZcTnM5GyB4e1kjtR?si=2T9rvDPASUWWSMV4QdmYKg&#038;utm_source=oembed\"><\/iframe><\/p>\n<p>live unplugged Galerie Subline<\/p>\n<p><iframe title=\"Spotify Embed: Fak 60 (Live)\" style=\"border-radius: 12px\" width=\"100%\" height=\"352\" frameborder=\"0\" allowfullscreen allow=\"autoplay; clipboard-write; encrypted-media; fullscreen; picture-in-picture\" loading=\"lazy\" src=\"https:\/\/open.spotify.com\/embed\/album\/7GnrlSTVuz7VTsLpjneNGi?si=e465oOkMSJiyB0rYqLGh2A&#038;utm_source=oembed\"><\/iframe><\/p>\n<p>live unplugged Galerie Subline<\/p>\n<p><iframe title=\"Spotify Embed: Fak 42 (Bootleg Live)\" style=\"border-radius: 12px\" width=\"100%\" height=\"352\" frameborder=\"0\" allowfullscreen allow=\"autoplay; clipboard-write; encrypted-media; fullscreen; picture-in-picture\" loading=\"lazy\" src=\"https:\/\/open.spotify.com\/embed\/album\/6UIpFaoGdHbDgJ8lrrhV4p?si=dhaaBpKkTwuNt1sJImjwiQ&#038;utm_source=oembed\"><\/iframe><br \/>\nLIVE Caveclub One<\/p>\n<p><iframe title=\"Spotify Embed: Fak 8\" style=\"border-radius: 12px\" width=\"100%\" height=\"352\" frameborder=\"0\" allowfullscreen allow=\"autoplay; clipboard-write; encrypted-media; fullscreen; picture-in-picture\" loading=\"lazy\" src=\"https:\/\/open.spotify.com\/embed\/album\/2qwAFJPMaMONhzHjZmKdf2?si=IYGtbnoRRlyStbYXod33FQ&#038;utm_source=oembed\"><\/iframe><br \/>\nLive Immeldorf Wei\u00dfes Ro\u00df<\/p>\n<p><iframe title=\"Spotify Embed: Fak 54 (Live)\" style=\"border-radius: 12px\" width=\"100%\" height=\"352\" frameborder=\"0\" allowfullscreen allow=\"autoplay; clipboard-write; encrypted-media; fullscreen; picture-in-picture\" loading=\"lazy\" src=\"https:\/\/open.spotify.com\/embed\/album\/4vwJIqymzIM3S8ToLTSDKR?si=010aLnhCSdiRMIM-MQDy6w&#038;utm_source=oembed\"><\/iframe><\/p>\n<p>Live unplugged Immeldorf Wei\u00dfes Ro\u00df<\/p>\n<p><iframe title=\"Spotify Embed: Fak 59 (Live)\" style=\"border-radius: 12px\" width=\"100%\" height=\"352\" frameborder=\"0\" allowfullscreen allow=\"autoplay; clipboard-write; encrypted-media; fullscreen; picture-in-picture\" loading=\"lazy\" src=\"https:\/\/open.spotify.com\/embed\/album\/61m1FfMxZip44iIUWO3pe1?si=ZY4AjU58QWeAZXmCfQDbCQ&#038;utm_source=oembed\"><\/iframe><\/p>\n<p>live unplugged Galerie Subline<\/p>\n<p><iframe title=\"Spotify Embed: Ludwig Thoma Jun. &amp; Friends\" style=\"border-radius: 12px\" width=\"100%\" height=\"352\" frameborder=\"0\" allowfullscreen allow=\"autoplay; clipboard-write; encrypted-media; fullscreen; picture-in-picture\" loading=\"lazy\" src=\"https:\/\/open.spotify.com\/embed\/artist\/248d2FMcjffsXpFXsANpaZ?si=caqYysCET26zp351xZqMWQ&#038;utm_source=oembed\"><\/iframe><\/p>\n<p><iframe title=\"Spotify Embed: Ludwig Thoma jun.\" style=\"border-radius: 12px\" width=\"100%\" height=\"352\" frameborder=\"0\" allowfullscreen allow=\"autoplay; clipboard-write; encrypted-media; fullscreen; picture-in-picture\" loading=\"lazy\" src=\"https:\/\/open.spotify.com\/embed\/artist\/74sIzkijQD6RsSKWj6HJqp?si=JS4Mn5yoQfeSFgoJq3vLNw&#038;utm_source=oembed\"><\/iframe><\/p>\n<p><iframe title=\"Spotify Embed: Fak 6\" style=\"border-radius: 12px\" width=\"100%\" height=\"352\" frameborder=\"0\" allowfullscreen allow=\"autoplay; clipboard-write; encrypted-media; fullscreen; picture-in-picture\" loading=\"lazy\" src=\"https:\/\/open.spotify.com\/embed\/album\/5eeXfMUVtbxbr0PSBgIo1S?si=u4jc97B_Q2KnhgPT1FmK4g&#038;utm_source=oembed\"><\/iframe><\/p>\n<p><iframe title=\"Spotify Embed: LTj\" style=\"border-radius: 12px\" width=\"100%\" height=\"352\" frameborder=\"0\" allowfullscreen allow=\"autoplay; clipboard-write; encrypted-media; fullscreen; picture-in-picture\" loading=\"lazy\" src=\"https:\/\/open.spotify.com\/embed\/artist\/2oG2F5fPvbGvCvGPRChC1C?si=9IGxxJcCQFC62c6SLDLxJw&#038;utm_source=oembed\"><\/iframe><\/p>\n<p><iframe title=\"Spotify Embed: In the Twilight\" style=\"border-radius: 12px\" width=\"100%\" height=\"152\" frameborder=\"0\" allowfullscreen allow=\"autoplay; clipboard-write; encrypted-media; fullscreen; picture-in-picture\" loading=\"lazy\" src=\"https:\/\/open.spotify.com\/embed\/track\/15YH5ly6s5WYd4Otdsbooy?si=eGu3hc-NQsSNyv0qXaU4ig&#038;utm_source=oembed\"><\/iframe><\/p>\n<p><iframe title=\"Spotify Embed: Sun &amp; Never\" style=\"border-radius: 12px\" width=\"100%\" height=\"152\" frameborder=\"0\" allowfullscreen allow=\"autoplay; clipboard-write; encrypted-media; fullscreen; picture-in-picture\" loading=\"lazy\" src=\"https:\/\/open.spotify.com\/embed\/track\/055FNJ1fhSMENpmJsxBOfF?si=iEzfXGqtRhKWhts6n8p5pg&#038;context=spotify%3Aplaylist%3A5tV7lK0FS2tPt9t96MGSCa&#038;utm_source=oembed\"><\/iframe><\/p>\n<p><iframe title=\"Spotify Embed: Fak 16 (Live)\" style=\"border-radius: 12px\" width=\"100%\" height=\"352\" frameborder=\"0\" allowfullscreen allow=\"autoplay; clipboard-write; encrypted-media; fullscreen; picture-in-picture\" loading=\"lazy\" src=\"https:\/\/open.spotify.com\/embed\/album\/1xbFaecfZQxwImaFW2k2QZ?si=paZhw1lRSziDv2zuS75LsQ&#038;utm_source=oembed\"><\/iframe><\/p>\n<p><iframe title=\"Spotify Embed: Ludwig Thoma Jun\" style=\"border-radius: 12px\" width=\"100%\" height=\"352\" frameborder=\"0\" allowfullscreen allow=\"autoplay; clipboard-write; encrypted-media; fullscreen; picture-in-picture\" loading=\"lazy\" src=\"https:\/\/open.spotify.com\/embed\/artist\/1f90nDwXnNJCIPGfKD3Urr?si=K85XXtYzQfuBaKdm2oc5cw&#038;utm_source=oembed\"><\/iframe><\/p>\n<p>&nbsp;<\/p>\n<p><iframe title=\"Spotify Embed: Fak 14 (Live)\" style=\"border-radius: 12px\" width=\"100%\" height=\"352\" frameborder=\"0\" allowfullscreen allow=\"autoplay; clipboard-write; encrypted-media; fullscreen; picture-in-picture\" loading=\"lazy\" src=\"https:\/\/open.spotify.com\/embed\/album\/6xqSzSYecyhhPYw3ecdVST?si=WSzBRf3jS6KOb7ChXoCUtw&#038;utm_source=oembed\"><\/iframe><\/p>\n<p><iframe title=\"Spotify Embed: Fak 1 (Live)\" style=\"border-radius: 12px\" width=\"100%\" height=\"352\" frameborder=\"0\" allowfullscreen allow=\"autoplay; clipboard-write; encrypted-media; fullscreen; picture-in-picture\" loading=\"lazy\" src=\"https:\/\/open.spotify.com\/embed\/album\/3PwDnKGswIxd04mavM2cyW?si=PziQhxEURHyOcGPe7kCfYg&#038;utm_source=oembed\"><\/iframe><\/p>\n<p>&nbsp;<\/p>\n","protected":false},"excerpt":{"rendered":"<p>live unplugged Galerie Subline live unplugged Galerie Subline live unplugged Galerie Subline live unplugged Galerie Subline LIVE Caveclub One Live Immeldorf Wei\u00dfes Ro\u00df Live unplugged Immeldorf Wei\u00dfes Ro\u00df live unplugged&hellip;<\/p>\n","protected":false},"author":1,"featured_media":49,"parent":0,"menu_order":0,"comment_status":"closed","ping_status":"closed","template":"","meta":{"footnotes":""},"class_list":["post-34","page","type-page","status-publish","has-post-thumbnail","hentry"],"_links":{"self":[{"href":"https:\/\/ludwigthomajun.de\/index.php?rest_route=\/wp\/v2\/pages\/34","targetHints":{"allow":["GET"]}}],"collection":[{"href":"https:\/\/ludwigthomajun.de\/index.php?rest_route=\/wp\/v2\/pages"}],"about":[{"href":"https:\/\/ludwigthomajun.de\/index.php?rest_route=\/wp\/v2\/types\/page"}],"author":[{"embeddable":true,"href":"https:\/\/ludwigthomajun.de\/index.php?rest_route=\/wp\/v2\/users\/1"}],"replies":[{"embeddable":true,"href":"https:\/\/ludwigthomajun.de\/index.php?rest_route=%2Fwp%2Fv2%2Fcomments&post=34"}],"version-history":[{"count":65,"href":"https:\/\/ludwigthomajun.de\/index.php?rest_route=\/wp\/v2\/pages\/34\/revisions"}],"predecessor-version":[{"id":2992,"href":"https:\/\/ludwigthomajun.de\/index.php?rest_route=\/wp\/v2\/pages\/34\/revisions\/2992"}],"wp:featuredmedia":[{"embeddable":true,"href":"https:\/\/ludwigthomajun.de\/index.php?rest_route=\/wp\/v2\/media\/49"}],"wp:attachment":[{"href":"https:\/\/ludwigthomajun.de\/index.php?rest_route=%2Fwp%2Fv2%2Fmedia&parent=34"}],"curies":[{"name":"wp","href":"https:\/\/api.w.org\/{rel}","templated":true}]}}