{"id":3570,"date":"2025-11-19T20:35:20","date_gmt":"2025-11-19T20:35:20","guid":{"rendered":"https:\/\/ludwigthomajun.de\/?page_id=3570"},"modified":"2025-11-19T20:45:45","modified_gmt":"2025-11-19T20:45:45","slug":"pressemitteilung","status":"publish","type":"page","link":"https:\/\/ludwigthomajun.de\/?page_id=3570","title":{"rendered":"Pressemitteilung"},"content":{"rendered":"<p>PRESSEMITTEILUNG<\/p>\n<p>\u201eSprechblasen im Nebel\u201c \u2013 ein surreal-poetisches Kunst- und Comicbuch von Ludwig Thoma Jun.<\/p>\n<p>Ludwig Thoma Jun. ver\u00f6ffentlicht mit \u201eSprechblasen im Nebel\u201c ein au\u00dfergew\u00f6hnliches, genre\u00fcbergreifendes Kunst- und Comicbuch, das Elemente aus Surrealismus, Musik, Lyrik und grafischem Erz\u00e4hlen miteinander verbindet. Das Werk erscheint ab sofort und richtet sich an Leser*innen, die an experimenteller Literatur, Independent-Comics, Art-Books und poetischen Grenzg\u00e4ngen interessiert sind.<\/p>\n<p>In \u201eSprechblasen im Nebel\u201c entfaltet Ludwig Thoma Jun. eine surreale Reise durch fragmentierte Traumr\u00e4ume, poetische Sprachlandschaften und geheimnisvolle Bildfolgen. Der Protagonist \u2013 eine namenlose Figur, halb Beobachter, halb Reisender \u2013 bewegt sich durch Nebelr\u00e4ume, in denen Zeit, Identit\u00e4t und Erinnerung in stetiger Aufl\u00f6sung begriffen sind.<\/p>\n<p>Die 76 Seiten des Buches vereinen 21 thematisch sortierte Originalkunstwerke, 14 Songs in deutscher und englischer Version (jeweils mit vollst\u00e4ndigen Akkorden), ein Vorwort, ein Epilog, sowie bildstarke Kapitel mit grafischen Sequenzen. Jedes Motiv ist als eigenst\u00e4ndiges Kunstwerk lesbar, f\u00fcgt sich aber zugleich in ein \u00fcbergreifendes poetisches Gesamtbild ein.<\/p>\n<p>Der Stil des Buches verbindet surreale Illustration mit lyrischen Texten, musikalischen Strukturen und erz\u00e4hlerischen Splittern. Die grafischen Sequenzen erinnern an europ\u00e4ische Underground-Comics, w\u00e4hrend die Texte zwischen poetischer Verdichtung, musikalischem Rhythmus und philosophischer Tiefe changieren. Die Songs \u2013 von Ludwig Thoma Jun. selbst komponiert \u2013 erweitern das Werk syn\u00e4sthetisch und spiegeln die Bildwelten auf akustischer Ebene.<\/p>\n<p>Ludwig Thoma Jun., vielseitiger Musiker, Autor und Zeichner, arbeitet seit vielen Jahren an Projekten, die Kunstformen verschmelzen. Seine Erfahrungen aus Live-Performances, internationalen Ver\u00f6ffentlichungen und k\u00fcnstlerischen Buchprojekten flie\u00dfen in dieses Werk ein. Daraus entsteht ein vielschichtiges Buch, das Leserinnen und Betrachterinnen zugleich anspricht \u2013 ein Grenzg\u00e4nger zwischen Literatur, Musik und Kunst.<\/p>\n<p> Buchinformationen<\/p>\n<p>Kontakt:<br \/>\nLudwig Thoma Jun.<br \/>\nE-Mail: ludwigthoma@icloud.com<br \/>\nTelefon: 0170 8084606<\/p>\n<p>Titel: Sprechblasen im Nebel<br \/>\nAutor: Ludwig Thoma Jun.<br \/>\nErscheinungstag: 2025<br \/>\nVerlag: epubli \/ Selfpublishing<br \/>\nFormat: A4 Querformat, Softcover<br \/>\nSeiten: 76 Seiten<br \/>\nISBN: (9783565071043)<br \/>\nPreis: (22.22 )<br \/>\nWeb: (https:\/\/www.epubli.com\/shop\/sprechblasen-im-nebel-9783565071043)<\/p>\n<p>Rezensionsexemplare k\u00f6nnen unter presse@epubli.com kostenlos angefragt werden.<\/p>\n\n\n<figure class=\"wp-block-image size-large\"><a href=\"https:\/\/www.epubli.com\/shop\/sprechblasen-im-nebel-9783565071043\" target=\"_blank\" rel=\" noreferrer noopener\"><img loading=\"lazy\" decoding=\"async\" width=\"1024\" height=\"737\" src=\"https:\/\/ludwigthomajun.de\/wp-content\/uploads\/2025\/11\/IMG_5436-1024x737.jpeg\" alt=\"\" class=\"wp-image-3576\" srcset=\"https:\/\/ludwigthomajun.de\/wp-content\/uploads\/2025\/11\/IMG_5436-1024x737.jpeg 1024w, https:\/\/ludwigthomajun.de\/wp-content\/uploads\/2025\/11\/IMG_5436-300x216.jpeg 300w, https:\/\/ludwigthomajun.de\/wp-content\/uploads\/2025\/11\/IMG_5436-768x553.jpeg 768w, https:\/\/ludwigthomajun.de\/wp-content\/uploads\/2025\/11\/IMG_5436-1536x1105.jpeg 1536w, https:\/\/ludwigthomajun.de\/wp-content\/uploads\/2025\/11\/IMG_5436-2048x1474.jpeg 2048w\" sizes=\"auto, (max-width: 1024px) 100vw, 1024px\" \/><\/a><\/figure>\n","protected":false},"excerpt":{"rendered":"<p>PRESSEMITTEILUNG \u201eSprechblasen im Nebel\u201c \u2013 ein surreal-poetisches Kunst- und Comicbuch von Ludwig Thoma Jun. Ludwig Thoma Jun. ver\u00f6ffentlicht mit \u201eSprechblasen im Nebel\u201c ein au\u00dfergew\u00f6hnliches, genre\u00fcbergreifendes Kunst- und Comicbuch, das Elemente&hellip;<\/p>\n","protected":false},"author":1,"featured_media":3574,"parent":0,"menu_order":0,"comment_status":"closed","ping_status":"closed","template":"","meta":{"footnotes":""},"class_list":["post-3570","page","type-page","status-publish","has-post-thumbnail","hentry"],"_links":{"self":[{"href":"https:\/\/ludwigthomajun.de\/index.php?rest_route=\/wp\/v2\/pages\/3570","targetHints":{"allow":["GET"]}}],"collection":[{"href":"https:\/\/ludwigthomajun.de\/index.php?rest_route=\/wp\/v2\/pages"}],"about":[{"href":"https:\/\/ludwigthomajun.de\/index.php?rest_route=\/wp\/v2\/types\/page"}],"author":[{"embeddable":true,"href":"https:\/\/ludwigthomajun.de\/index.php?rest_route=\/wp\/v2\/users\/1"}],"replies":[{"embeddable":true,"href":"https:\/\/ludwigthomajun.de\/index.php?rest_route=%2Fwp%2Fv2%2Fcomments&post=3570"}],"version-history":[{"count":2,"href":"https:\/\/ludwigthomajun.de\/index.php?rest_route=\/wp\/v2\/pages\/3570\/revisions"}],"predecessor-version":[{"id":3577,"href":"https:\/\/ludwigthomajun.de\/index.php?rest_route=\/wp\/v2\/pages\/3570\/revisions\/3577"}],"wp:featuredmedia":[{"embeddable":true,"href":"https:\/\/ludwigthomajun.de\/index.php?rest_route=\/wp\/v2\/media\/3574"}],"wp:attachment":[{"href":"https:\/\/ludwigthomajun.de\/index.php?rest_route=%2Fwp%2Fv2%2Fmedia&parent=3570"}],"curies":[{"name":"wp","href":"https:\/\/api.w.org\/{rel}","templated":true}]}}