{"id":3584,"date":"2025-11-25T15:00:57","date_gmt":"2025-11-25T15:00:57","guid":{"rendered":"https:\/\/ludwigthomajun.de\/?page_id=3584"},"modified":"2025-11-27T18:00:38","modified_gmt":"2025-11-27T18:00:38","slug":"buchhandlungen","status":"publish","type":"page","link":"https:\/\/ludwigthomajun.de\/?page_id=3584","title":{"rendered":"Buchhandlung Schreiber EXCLUSIV IN ANSBACH JETZT      HOLEN A WIA ADAM"},"content":{"rendered":"\n<p><\/p>\n\n\n\n<p><\/p>\n\n\n\n<figure class=\"wp-block-image size-large\"><a href=\"https:\/\/buchhandlung-schreiber.buchkatalog.de\/\" target=\"_blank\" rel=\" noreferrer noopener\"><img loading=\"lazy\" decoding=\"async\" width=\"1024\" height=\"683\" src=\"https:\/\/ludwigthomajun.de\/wp-content\/uploads\/2025\/11\/60C19455-BCC5-4709-A264-66F893738D8F-1024x683.png\" alt=\"\" class=\"wp-image-3589\" srcset=\"https:\/\/ludwigthomajun.de\/wp-content\/uploads\/2025\/11\/60C19455-BCC5-4709-A264-66F893738D8F-1024x683.png 1024w, https:\/\/ludwigthomajun.de\/wp-content\/uploads\/2025\/11\/60C19455-BCC5-4709-A264-66F893738D8F-300x200.png 300w, https:\/\/ludwigthomajun.de\/wp-content\/uploads\/2025\/11\/60C19455-BCC5-4709-A264-66F893738D8F-768x512.png 768w, https:\/\/ludwigthomajun.de\/wp-content\/uploads\/2025\/11\/60C19455-BCC5-4709-A264-66F893738D8F.png 1536w\" sizes=\"auto, (max-width: 1024px) 100vw, 1024px\" \/><\/a><\/figure>\n\n\n\n<figure class=\"wp-block-image size-large\"><a href=\"https:\/\/buchhandlung-schreiber.buchkatalog.de\/\" target=\"_blank\" rel=\" noreferrer noopener\"><img loading=\"lazy\" decoding=\"async\" width=\"1024\" height=\"768\" src=\"https:\/\/ludwigthomajun.de\/wp-content\/uploads\/2025\/11\/IMG_6679-1024x768.jpeg\" alt=\"\" class=\"wp-image-3585\" srcset=\"https:\/\/ludwigthomajun.de\/wp-content\/uploads\/2025\/11\/IMG_6679-1024x768.jpeg 1024w, https:\/\/ludwigthomajun.de\/wp-content\/uploads\/2025\/11\/IMG_6679-300x225.jpeg 300w, https:\/\/ludwigthomajun.de\/wp-content\/uploads\/2025\/11\/IMG_6679-768x576.jpeg 768w, https:\/\/ludwigthomajun.de\/wp-content\/uploads\/2025\/11\/IMG_6679-1536x1152.jpeg 1536w, https:\/\/ludwigthomajun.de\/wp-content\/uploads\/2025\/11\/IMG_6679-2048x1536.jpeg 2048w\" sizes=\"auto, (max-width: 1024px) 100vw, 1024px\" \/><\/a><\/figure>\n\n\n\n<p><\/p>\n\n\n\n<p><\/p>\n\n\n\n<p><\/p>\n\n\n\n<p><\/p>\n\n\n\n<p>Das neue Buch A Wia Adam von Ludwig Thoma Jun. ist ab sofort erh\u00e4ltlich \u2013 authentisch, fr\u00e4nkisch und voller Charakter.<\/p>\n\n\n\n<p>Exklusiv in Ansbach nur in der Buchhandlung Schreiber! <\/p>\n\n\n\n<p>Hol\u2019s dir jetzt f\u00fcr nur 13 Euro \u2013 nur solange der Vorrat reicht!<\/p>\n\n\n\n<p>Neu eingetroffen in der Buchhandlung Schreiber: A Wia Adam von Ludwig Thoma Jun.!<\/p>\n\n\n\n<p>Ein Buch voller Humor, Herz und fr\u00e4nkischer Lebenskunst \u2013 erz\u00e4hlt mit einem Augenzwinkern und viel regionalem Charme.<\/p>\n\n\n\n<p>Die exklusive Printausgabe bekommst du nur hier vor Ort, und das zu einem unschlagbaren Preis von 13 Euro.<\/p>\n\n\n\n<p>Komm vorbei, st\u00f6ber ein wenig und nimm dir ein St\u00fcck fr\u00e4nkische Erz\u00e4hlkultur mit nach Hause.<\/p>\n\n\n\n<p>Unterst\u00fctze lokal \u2013 lies lokal.<\/p>\n\n\n\n<p>Des neue Buch A Wia Adam vom Ludwig Thoma Jun. gibt\u2019s etz ganz exklusiv bloo\u00df in da Buchhandlung Schreiber!<\/p>\n\n\n\n<p>Fr\u00e4nkisch, ehrlich, a weng schr\u00e4g \u2013 a Werk, des mer einfach gern in da Hand hoot.<\/p>\n\n\n\n<p>F\u00fcr 13 Euro derfei\u2019st du\u2019s midnem Grinsen mit hemm.<\/p>\n\n\n\n<p>Kumm vorbei \u2013 des lohnt si!<\/p>\n\n\n\n<figure class=\"wp-block-image size-large\"><img loading=\"lazy\" decoding=\"async\" width=\"1024\" height=\"786\" src=\"https:\/\/ludwigthomajun.de\/wp-content\/uploads\/2025\/09\/IMG_5923-1024x786.jpeg\" alt=\"\" class=\"wp-image-3406\" srcset=\"https:\/\/ludwigthomajun.de\/wp-content\/uploads\/2025\/09\/IMG_5923-1024x786.jpeg 1024w, https:\/\/ludwigthomajun.de\/wp-content\/uploads\/2025\/09\/IMG_5923-300x230.jpeg 300w, https:\/\/ludwigthomajun.de\/wp-content\/uploads\/2025\/09\/IMG_5923-768x590.jpeg 768w, https:\/\/ludwigthomajun.de\/wp-content\/uploads\/2025\/09\/IMG_5923-1536x1179.jpeg 1536w, https:\/\/ludwigthomajun.de\/wp-content\/uploads\/2025\/09\/IMG_5923-2048x1572.jpeg 2048w\" sizes=\"auto, (max-width: 1024px) 100vw, 1024px\" \/><\/figure>\n","protected":false},"excerpt":{"rendered":"<p>Das neue Buch A Wia Adam von Ludwig Thoma Jun. ist ab sofort erh\u00e4ltlich \u2013 authentisch, fr\u00e4nkisch und voller Charakter. Exklusiv in Ansbach nur in der Buchhandlung Schreiber! Hol\u2019s dir&hellip;<\/p>\n","protected":false},"author":1,"featured_media":0,"parent":0,"menu_order":0,"comment_status":"closed","ping_status":"closed","template":"","meta":{"footnotes":""},"class_list":["post-3584","page","type-page","status-publish","hentry"],"_links":{"self":[{"href":"https:\/\/ludwigthomajun.de\/index.php?rest_route=\/wp\/v2\/pages\/3584","targetHints":{"allow":["GET"]}}],"collection":[{"href":"https:\/\/ludwigthomajun.de\/index.php?rest_route=\/wp\/v2\/pages"}],"about":[{"href":"https:\/\/ludwigthomajun.de\/index.php?rest_route=\/wp\/v2\/types\/page"}],"author":[{"embeddable":true,"href":"https:\/\/ludwigthomajun.de\/index.php?rest_route=\/wp\/v2\/users\/1"}],"replies":[{"embeddable":true,"href":"https:\/\/ludwigthomajun.de\/index.php?rest_route=%2Fwp%2Fv2%2Fcomments&post=3584"}],"version-history":[{"count":12,"href":"https:\/\/ludwigthomajun.de\/index.php?rest_route=\/wp\/v2\/pages\/3584\/revisions"}],"predecessor-version":[{"id":3636,"href":"https:\/\/ludwigthomajun.de\/index.php?rest_route=\/wp\/v2\/pages\/3584\/revisions\/3636"}],"wp:attachment":[{"href":"https:\/\/ludwigthomajun.de\/index.php?rest_route=%2Fwp%2Fv2%2Fmedia&parent=3584"}],"curies":[{"name":"wp","href":"https:\/\/api.w.org\/{rel}","templated":true}]}}