{"id":3638,"date":"2025-11-27T17:34:17","date_gmt":"2025-11-27T17:34:17","guid":{"rendered":"https:\/\/ludwigthomajun.de\/?page_id=3638"},"modified":"2025-11-27T18:17:29","modified_gmt":"2025-11-27T18:17:29","slug":"genniges-books-in-roth-exkusiv-jetzt-auch-mit-a-wia-adam-von-ludwig-thoma-jun","status":"publish","type":"page","link":"https:\/\/ludwigthomajun.de\/?page_id=3638","title":{"rendered":"Buchhandlung Genniges Books in Roth \u2013 Exkusiv jetzt auch mit \u201eA wia Adam\u201c von Ludwig Thoma Jun."},"content":{"rendered":"\n<figure class=\"wp-block-image size-full\"><a href=\"https:\/\/genniges-buecher.de\/\" target=\"_blank\" rel=\" noreferrer noopener\"><img loading=\"lazy\" decoding=\"async\" width=\"1016\" height=\"242\" src=\"https:\/\/ludwigthomajun.de\/wp-content\/uploads\/2025\/11\/IMG_6735.jpeg\" alt=\"\" class=\"wp-image-3643\" srcset=\"https:\/\/ludwigthomajun.de\/wp-content\/uploads\/2025\/11\/IMG_6735.jpeg 1016w, https:\/\/ludwigthomajun.de\/wp-content\/uploads\/2025\/11\/IMG_6735-300x71.jpeg 300w, https:\/\/ludwigthomajun.de\/wp-content\/uploads\/2025\/11\/IMG_6735-768x183.jpeg 768w\" sizes=\"auto, (max-width: 1016px) 100vw, 1016px\" \/><\/a><\/figure>\n\n\n\n<p><strong>\ud83d\udcda&nbsp;<\/strong><\/p>\n\n\n\n<p><\/p>\n\n\n\n<p>Die Buchhandlung Genniges Books in Roth z\u00e4hlt zu den beliebtesten Adressen f\u00fcr Leserinnen und Leser der Region.<\/p>\n\n\n\n<p>Mit 4,8 von 5 Sternen und \u00fcber 149 positiven Bewertungen steht sie f\u00fcr Kompetenz, Herzlichkeit und echte Buchliebe.<\/p>\n\n\n\n<p>Genniges Books<\/p>\n\n\n\n<p>Hauptstra\u00dfe 28<\/p>\n\n\n\n<p>91154 Roth<\/p>\n\n\n\n<p>Telefon: 09171 \/ 7170<\/p>\n\n\n\n<p>Ab sofort ist dort auch das Erstlingswerk \u201eA wia Adam\u201c von Ludwig Thoma Jun. erh\u00e4ltlich \u2013 ein stilles, spirituell angehauchtes Werk \u00fcber Herkunft, Weg und das, was zwischen Anfang und Ende schwebt.<\/p>\n\n\n\n<p>Weitere Infos:<\/p>\n\n\n\n<p>\ud83c\udf10 www.ludwigthomajun.de<\/p>\n\n\n\n<p>Genniges Books ist ein Ort, an dem man nicht nur B\u00fccher findet, sondern auch Menschen, die sie verstehen \u2013 und jetzt eben auch \u201eA wia Adam\u201c.<\/p>\n\n\n\n<figure class=\"wp-block-image size-large\"><a href=\"https:\/\/genniges-buecher.de\/\" target=\"_blank\" rel=\" noreferrer noopener\"><img loading=\"lazy\" decoding=\"async\" width=\"768\" height=\"1024\" src=\"https:\/\/ludwigthomajun.de\/wp-content\/uploads\/2025\/11\/IMG_20251127_101636-768x1024.jpeg\" alt=\"\" class=\"wp-image-3639\" srcset=\"https:\/\/ludwigthomajun.de\/wp-content\/uploads\/2025\/11\/IMG_20251127_101636-768x1024.jpeg 768w, https:\/\/ludwigthomajun.de\/wp-content\/uploads\/2025\/11\/IMG_20251127_101636-225x300.jpeg 225w, https:\/\/ludwigthomajun.de\/wp-content\/uploads\/2025\/11\/IMG_20251127_101636-1152x1536.jpeg 1152w, https:\/\/ludwigthomajun.de\/wp-content\/uploads\/2025\/11\/IMG_20251127_101636-1536x2048.jpeg 1536w, https:\/\/ludwigthomajun.de\/wp-content\/uploads\/2025\/11\/IMG_20251127_101636-scaled.jpeg 1920w\" sizes=\"auto, (max-width: 768px) 100vw, 768px\" \/><\/a><\/figure>\n\n\n\n<figure class=\"wp-block-image size-large\"><a href=\"https:\/\/genniges-buecher.de\/\" target=\"_blank\" rel=\" noreferrer noopener\"><img loading=\"lazy\" decoding=\"async\" width=\"1024\" height=\"786\" src=\"https:\/\/ludwigthomajun.de\/wp-content\/uploads\/2025\/09\/IMG_5923-1024x786.jpeg\" alt=\"\" class=\"wp-image-3406\" srcset=\"https:\/\/ludwigthomajun.de\/wp-content\/uploads\/2025\/09\/IMG_5923-1024x786.jpeg 1024w, https:\/\/ludwigthomajun.de\/wp-content\/uploads\/2025\/09\/IMG_5923-300x230.jpeg 300w, https:\/\/ludwigthomajun.de\/wp-content\/uploads\/2025\/09\/IMG_5923-768x590.jpeg 768w, https:\/\/ludwigthomajun.de\/wp-content\/uploads\/2025\/09\/IMG_5923-1536x1179.jpeg 1536w, https:\/\/ludwigthomajun.de\/wp-content\/uploads\/2025\/09\/IMG_5923-2048x1572.jpeg 2048w\" sizes=\"auto, (max-width: 1024px) 100vw, 1024px\" \/><\/a><\/figure>\n\n\n\n<p><\/p>\n","protected":false},"excerpt":{"rendered":"<p>\ud83d\udcda&nbsp; Die Buchhandlung Genniges Books in Roth z\u00e4hlt zu den beliebtesten Adressen f\u00fcr Leserinnen und Leser der Region. Mit 4,8 von 5 Sternen und \u00fcber 149 positiven Bewertungen steht sie&hellip;<\/p>\n","protected":false},"author":1,"featured_media":3649,"parent":0,"menu_order":0,"comment_status":"closed","ping_status":"closed","template":"","meta":{"footnotes":""},"class_list":["post-3638","page","type-page","status-publish","has-post-thumbnail","hentry"],"_links":{"self":[{"href":"https:\/\/ludwigthomajun.de\/index.php?rest_route=\/wp\/v2\/pages\/3638","targetHints":{"allow":["GET"]}}],"collection":[{"href":"https:\/\/ludwigthomajun.de\/index.php?rest_route=\/wp\/v2\/pages"}],"about":[{"href":"https:\/\/ludwigthomajun.de\/index.php?rest_route=\/wp\/v2\/types\/page"}],"author":[{"embeddable":true,"href":"https:\/\/ludwigthomajun.de\/index.php?rest_route=\/wp\/v2\/users\/1"}],"replies":[{"embeddable":true,"href":"https:\/\/ludwigthomajun.de\/index.php?rest_route=%2Fwp%2Fv2%2Fcomments&post=3638"}],"version-history":[{"count":6,"href":"https:\/\/ludwigthomajun.de\/index.php?rest_route=\/wp\/v2\/pages\/3638\/revisions"}],"predecessor-version":[{"id":3650,"href":"https:\/\/ludwigthomajun.de\/index.php?rest_route=\/wp\/v2\/pages\/3638\/revisions\/3650"}],"wp:featuredmedia":[{"embeddable":true,"href":"https:\/\/ludwigthomajun.de\/index.php?rest_route=\/wp\/v2\/media\/3649"}],"wp:attachment":[{"href":"https:\/\/ludwigthomajun.de\/index.php?rest_route=%2Fwp%2Fv2%2Fmedia&parent=3638"}],"curies":[{"name":"wp","href":"https:\/\/api.w.org\/{rel}","templated":true}]}}