{"id":3653,"date":"2025-11-27T18:21:20","date_gmt":"2025-11-27T18:21:20","guid":{"rendered":"https:\/\/ludwigthomajun.de\/?page_id=3653"},"modified":"2025-11-27T18:27:15","modified_gmt":"2025-11-27T18:27:15","slug":"buchhandlung-kreutzer-inh-stefanie-urmoneit-koenigsplatz-14-91126-schwabach-exclusiv-a-wia-adam-ludwig-thoma-jun","status":"publish","type":"page","link":"https:\/\/ludwigthomajun.de\/?page_id=3653","title":{"rendered":"Buchhandlung Kreutzer. Inh. Stefanie Urmoneit K\u00f6nigsplatz 14 91126 Schwabach Exclusiv A Wia Adam  Ludwig Thoma Jun."},"content":{"rendered":"\n<figure class=\"wp-block-image size-full\"><a href=\"https:\/\/buecher-kreutzer.buchkatalog.de\/\" target=\"_blank\" rel=\" noreferrer noopener\"><img loading=\"lazy\" decoding=\"async\" width=\"629\" height=\"120\" src=\"https:\/\/ludwigthomajun.de\/wp-content\/uploads\/2025\/11\/IMG_6738.jpeg\" alt=\"\" class=\"wp-image-3660\" srcset=\"https:\/\/ludwigthomajun.de\/wp-content\/uploads\/2025\/11\/IMG_6738.jpeg 629w, https:\/\/ludwigthomajun.de\/wp-content\/uploads\/2025\/11\/IMG_6738-300x57.jpeg 300w\" sizes=\"auto, (max-width: 629px) 100vw, 629px\" \/><\/a><\/figure>\n\n\n\n<figure class=\"wp-block-image size-large\"><a href=\"https:\/\/buecher-kreutzer.buchkatalog.de\/\" target=\"_blank\" rel=\" noreferrer noopener\"><img loading=\"lazy\" decoding=\"async\" width=\"768\" height=\"1024\" src=\"https:\/\/ludwigthomajun.de\/wp-content\/uploads\/2025\/11\/IMG_20251127_112828-768x1024.jpeg\" alt=\"\" class=\"wp-image-3658\" srcset=\"https:\/\/ludwigthomajun.de\/wp-content\/uploads\/2025\/11\/IMG_20251127_112828-768x1024.jpeg 768w, https:\/\/ludwigthomajun.de\/wp-content\/uploads\/2025\/11\/IMG_20251127_112828-225x300.jpeg 225w, https:\/\/ludwigthomajun.de\/wp-content\/uploads\/2025\/11\/IMG_20251127_112828-1152x1536.jpeg 1152w, https:\/\/ludwigthomajun.de\/wp-content\/uploads\/2025\/11\/IMG_20251127_112828-1536x2048.jpeg 1536w, https:\/\/ludwigthomajun.de\/wp-content\/uploads\/2025\/11\/IMG_20251127_112828-scaled.jpeg 1920w\" sizes=\"auto, (max-width: 768px) 100vw, 768px\" \/><\/a><\/figure>\n\n\n\n<p><\/p>\n\n\n<p>\ud83d\udcda Buchhandlung Kreutzer \u2013 Literatur mit Herz am K\u00f6nigsplatz in Schwabach<\/p>\n<p>Jetzt auch mit dem Deb\u00fct \u201eA wia Adam\u201c von Ludwig Thoma Jun.<\/p>\n<p>Die Buchhandlung Kreutzer, gef\u00fchrt von Inhaberin Stefanie Urmoneit, ist ein lebendiger Treffpunkt f\u00fcr alle, die B\u00fccher lieben.<br \/>\nAm K\u00f6nigsplatz 14 in Schwabach gelegen, verbindet die Buchhandlung pers\u00f6nliche Beratung, regionales Engagement und eine sorgf\u00e4ltige Auswahl an Literatur.<\/p>\n<p>Buchhandlung Kreutzer<br \/>\nInh. Stefanie Urmoneit<br \/>\nK\u00f6nigsplatz 14<br \/>\n91126 Schwabach<br \/>\nTelefon: 09122 3288<\/p>\n<p>\u2e3b<\/p>\n<p>\u2728 \u00dcber den Autor: Ludwig Thoma Jun.<\/p>\n<p>Ludwig Thoma Jun., geboren in Solnhofen und heute in der Oberpfalz zuhause, schreibt in einem stillen, reduzierten und spirituell angehauchten Stil.<br \/>\nSeine Texte wirken wie Beobachtungen zwischen den Welten \u2013 klare Worte, die dennoch offen bleiben, ein bisschen wie Sandk\u00f6rner, die erst im Licht ihre Tiefe zeigen.<\/p>\n<p>Thoma ist seit vielen Jahren kreativ t\u00e4tig, ver\u00f6ffentlicht in mehreren Sprachen und bewegt sich literarisch zwischen Moderne, innerem Erleben und leiser Poesie.<\/p>\n<p>\u2e3b<\/p>\n<p>\ud83d\udcd8 \u00dcber das Buch: \u201eA wia Adam\u201c<\/p>\n<p>Mit \u201eA wia Adam\u201c legt Ludwig Thoma Jun. sein literarisches Deb\u00fct vor \u2013 ein ruhiges, meditatives Werk \u00fcber Herkunft, Weg und die Frage, was zwischen Anfang und Ende liegt.<br \/>\nDas Buch verzichtet bewusst auf klare Antworten und l\u00e4dt stattdessen zum Mitdenken, Mitempfinden und Innehalten ein.<\/p>\n<p>Im Mittelpunkt steht Adam, eine Figur, die weniger erz\u00e4hlt wird als gesp\u00fcrt:<br \/>\nein Mensch zwischen gestern und morgen, zwischen Wurzel und Weitergehen, zwischen dem, was war, und dem, was uns alle antreibt.<\/p>\n<p>Die Sprache ist reduziert, atmosph\u00e4risch, manchmal fast fl\u00fcsternd.<br \/>\nEin kleines, leises Buch, das nachhallt.<\/p>\n\n\n<figure class=\"wp-block-image size-large\"><a href=\"https:\/\/buecher-kreutzer.buchkatalog.de\/\" target=\"_blank\" rel=\" noreferrer noopener\"><img loading=\"lazy\" decoding=\"async\" width=\"1024\" height=\"786\" src=\"https:\/\/ludwigthomajun.de\/wp-content\/uploads\/2025\/09\/IMG_5923-1024x786.jpeg\" alt=\"\" class=\"wp-image-3406\" srcset=\"https:\/\/ludwigthomajun.de\/wp-content\/uploads\/2025\/09\/IMG_5923-1024x786.jpeg 1024w, https:\/\/ludwigthomajun.de\/wp-content\/uploads\/2025\/09\/IMG_5923-300x230.jpeg 300w, https:\/\/ludwigthomajun.de\/wp-content\/uploads\/2025\/09\/IMG_5923-768x590.jpeg 768w, https:\/\/ludwigthomajun.de\/wp-content\/uploads\/2025\/09\/IMG_5923-1536x1179.jpeg 1536w, https:\/\/ludwigthomajun.de\/wp-content\/uploads\/2025\/09\/IMG_5923-2048x1572.jpeg 2048w\" sizes=\"auto, (max-width: 1024px) 100vw, 1024px\" \/><\/a><\/figure>\n","protected":false},"excerpt":{"rendered":"<p>\ud83d\udcda Buchhandlung Kreutzer \u2013 Literatur mit Herz am K\u00f6nigsplatz in Schwabach Jetzt auch mit dem Deb\u00fct \u201eA wia Adam\u201c von Ludwig Thoma Jun. Die Buchhandlung Kreutzer, gef\u00fchrt von Inhaberin Stefanie&hellip;<\/p>\n","protected":false},"author":1,"featured_media":0,"parent":0,"menu_order":0,"comment_status":"closed","ping_status":"closed","template":"","meta":{"footnotes":""},"class_list":["post-3653","page","type-page","status-publish","hentry"],"_links":{"self":[{"href":"https:\/\/ludwigthomajun.de\/index.php?rest_route=\/wp\/v2\/pages\/3653","targetHints":{"allow":["GET"]}}],"collection":[{"href":"https:\/\/ludwigthomajun.de\/index.php?rest_route=\/wp\/v2\/pages"}],"about":[{"href":"https:\/\/ludwigthomajun.de\/index.php?rest_route=\/wp\/v2\/types\/page"}],"author":[{"embeddable":true,"href":"https:\/\/ludwigthomajun.de\/index.php?rest_route=\/wp\/v2\/users\/1"}],"replies":[{"embeddable":true,"href":"https:\/\/ludwigthomajun.de\/index.php?rest_route=%2Fwp%2Fv2%2Fcomments&post=3653"}],"version-history":[{"count":4,"href":"https:\/\/ludwigthomajun.de\/index.php?rest_route=\/wp\/v2\/pages\/3653\/revisions"}],"predecessor-version":[{"id":3661,"href":"https:\/\/ludwigthomajun.de\/index.php?rest_route=\/wp\/v2\/pages\/3653\/revisions\/3661"}],"wp:attachment":[{"href":"https:\/\/ludwigthomajun.de\/index.php?rest_route=%2Fwp%2Fv2%2Fmedia&parent=3653"}],"curies":[{"name":"wp","href":"https:\/\/api.w.org\/{rel}","templated":true}]}}