{"id":3670,"date":"2025-12-01T11:12:35","date_gmt":"2025-12-01T11:12:35","guid":{"rendered":"https:\/\/ludwigthomajun.de\/?page_id=3670"},"modified":"2025-12-01T11:19:58","modified_gmt":"2025-12-01T11:19:58","slug":"buchhandlung-dreizehn-1-2-wuerzburg","status":"publish","type":"page","link":"https:\/\/ludwigthomajun.de\/?page_id=3670","title":{"rendered":"Buchhandlung Dreizehn 1\/2 Wuerzburg"},"content":{"rendered":"\n<figure class=\"wp-block-image size-full\"><a href=\"Neu in W\u00fcrzburg: \u201eA wia Adam\u201c jetzt erh\u00e4ltlich  Ab sofort gibt es das Buch \u201eA wia Adam\u201c von Ludwig Thoma Jun. auch in W\u00fcrzburg \u2013 direkt in der Buchhandlung Dreizehn 1\/2.  Ruhig erz\u00e4hlt, klar geschrieben, unaufdringlich. Ein kleines Buch f\u00fcr Leserinnen und Leser, die einfache, ehrliche Geschichten m\u00f6gen.  Preis: 13 Euro.\" target=\"_blank\" rel=\" noreferrer noopener\"><img loading=\"lazy\" decoding=\"async\" width=\"1024\" height=\"1024\" src=\"https:\/\/ludwigthomajun.de\/wp-content\/uploads\/2025\/12\/CDA404B5-47BF-42F9-A592-59BD1432A033.png\" alt=\"\" class=\"wp-image-3678\" srcset=\"https:\/\/ludwigthomajun.de\/wp-content\/uploads\/2025\/12\/CDA404B5-47BF-42F9-A592-59BD1432A033.png 1024w, https:\/\/ludwigthomajun.de\/wp-content\/uploads\/2025\/12\/CDA404B5-47BF-42F9-A592-59BD1432A033-300x300.png 300w, https:\/\/ludwigthomajun.de\/wp-content\/uploads\/2025\/12\/CDA404B5-47BF-42F9-A592-59BD1432A033-150x150.png 150w, https:\/\/ludwigthomajun.de\/wp-content\/uploads\/2025\/12\/CDA404B5-47BF-42F9-A592-59BD1432A033-768x768.png 768w, https:\/\/ludwigthomajun.de\/wp-content\/uploads\/2025\/12\/CDA404B5-47BF-42F9-A592-59BD1432A033-100x100.png 100w\" sizes=\"auto, (max-width: 1024px) 100vw, 1024px\" \/><\/a><\/figure>\n\n\n\n<p><\/p>\n\n\n\n<p><br><\/p>\n\n\n\n<p><\/p>\n\n\n\n<p><strong>Neu in W\u00fcrzburg: \u201eA wia Adam\u201c jetzt erh\u00e4ltlich<\/strong><\/p>\n\n\n\n<p>Ab sofort gibt es das Buch \u201eA wia Adam\u201c von Ludwig Thoma Jun.<\/p>\n\n\n\n<p>auch in W\u00fcrzburg \u2013 direkt in der Buchhandlung  Dreizehn 1\/2.<\/p>\n\n\n\n<p>Ein kleines Buch f\u00fcr Leserinnen und Leser, die einfache, ehrliche Geschichten m\u00f6gen.<\/p>\n\n\n\n<p>Preis: 13 Euro.<\/p>\n\n\n\n<p><\/p>\n\n\n\n<figure class=\"wp-block-image size-large\"><a href=\"Neu in W\u00fcrzburg: \u201eA wia Adam\u201c jetzt erh\u00e4ltlich  Ab sofort gibt es das Buch \u201eA wia Adam\u201c von Ludwig Thoma Jun. auch in W\u00fcrzburg \u2013 direkt in der Buchhandlung Dreizehn 1\/2.  Ruhig erz\u00e4hlt, klar geschrieben, unaufdringlich. Ein kleines Buch f\u00fcr Leserinnen und Leser, die einfache, ehrliche Geschichten m\u00f6gen.  Preis: 13 Euro.\" target=\"_blank\" rel=\" noreferrer noopener\"><img loading=\"lazy\" decoding=\"async\" width=\"768\" height=\"1024\" src=\"https:\/\/ludwigthomajun.de\/wp-content\/uploads\/2025\/12\/IMG_20251201_114736_2-768x1024.jpeg\" alt=\"\" class=\"wp-image-3674\" srcset=\"https:\/\/ludwigthomajun.de\/wp-content\/uploads\/2025\/12\/IMG_20251201_114736_2-768x1024.jpeg 768w, https:\/\/ludwigthomajun.de\/wp-content\/uploads\/2025\/12\/IMG_20251201_114736_2-225x300.jpeg 225w, https:\/\/ludwigthomajun.de\/wp-content\/uploads\/2025\/12\/IMG_20251201_114736_2-1152x1536.jpeg 1152w, https:\/\/ludwigthomajun.de\/wp-content\/uploads\/2025\/12\/IMG_20251201_114736_2-1536x2048.jpeg 1536w, https:\/\/ludwigthomajun.de\/wp-content\/uploads\/2025\/12\/IMG_20251201_114736_2-scaled.jpeg 1920w\" sizes=\"auto, (max-width: 768px) 100vw, 768px\" \/><\/a><\/figure>\n\n\n\n<figure class=\"wp-block-image size-large\"><img loading=\"lazy\" decoding=\"async\" width=\"1024\" height=\"786\" src=\"https:\/\/ludwigthomajun.de\/wp-content\/uploads\/2025\/09\/IMG_5923-1024x786.jpeg\" alt=\"\" class=\"wp-image-3406\" srcset=\"https:\/\/ludwigthomajun.de\/wp-content\/uploads\/2025\/09\/IMG_5923-1024x786.jpeg 1024w, https:\/\/ludwigthomajun.de\/wp-content\/uploads\/2025\/09\/IMG_5923-300x230.jpeg 300w, https:\/\/ludwigthomajun.de\/wp-content\/uploads\/2025\/09\/IMG_5923-768x590.jpeg 768w, https:\/\/ludwigthomajun.de\/wp-content\/uploads\/2025\/09\/IMG_5923-1536x1179.jpeg 1536w, https:\/\/ludwigthomajun.de\/wp-content\/uploads\/2025\/09\/IMG_5923-2048x1572.jpeg 2048w\" sizes=\"auto, (max-width: 1024px) 100vw, 1024px\" \/><\/figure>\n\n\n\n<p><\/p>\n","protected":false},"excerpt":{"rendered":"<p>Neu in W\u00fcrzburg: \u201eA wia Adam\u201c jetzt erh\u00e4ltlich Ab sofort gibt es das Buch \u201eA wia Adam\u201c von Ludwig Thoma Jun. auch in W\u00fcrzburg \u2013 direkt in der Buchhandlung Dreizehn&hellip;<\/p>\n","protected":false},"author":1,"featured_media":3649,"parent":0,"menu_order":0,"comment_status":"closed","ping_status":"closed","template":"","meta":{"footnotes":""},"class_list":["post-3670","page","type-page","status-publish","has-post-thumbnail","hentry"],"_links":{"self":[{"href":"https:\/\/ludwigthomajun.de\/index.php?rest_route=\/wp\/v2\/pages\/3670","targetHints":{"allow":["GET"]}}],"collection":[{"href":"https:\/\/ludwigthomajun.de\/index.php?rest_route=\/wp\/v2\/pages"}],"about":[{"href":"https:\/\/ludwigthomajun.de\/index.php?rest_route=\/wp\/v2\/types\/page"}],"author":[{"embeddable":true,"href":"https:\/\/ludwigthomajun.de\/index.php?rest_route=\/wp\/v2\/users\/1"}],"replies":[{"embeddable":true,"href":"https:\/\/ludwigthomajun.de\/index.php?rest_route=%2Fwp%2Fv2%2Fcomments&post=3670"}],"version-history":[{"count":4,"href":"https:\/\/ludwigthomajun.de\/index.php?rest_route=\/wp\/v2\/pages\/3670\/revisions"}],"predecessor-version":[{"id":3679,"href":"https:\/\/ludwigthomajun.de\/index.php?rest_route=\/wp\/v2\/pages\/3670\/revisions\/3679"}],"wp:featuredmedia":[{"embeddable":true,"href":"https:\/\/ludwigthomajun.de\/index.php?rest_route=\/wp\/v2\/media\/3649"}],"wp:attachment":[{"href":"https:\/\/ludwigthomajun.de\/index.php?rest_route=%2Fwp%2Fv2%2Fmedia&parent=3670"}],"curies":[{"name":"wp","href":"https:\/\/api.w.org\/{rel}","templated":true}]}}