{"id":3743,"date":"2025-12-03T16:59:19","date_gmt":"2025-12-03T16:59:19","guid":{"rendered":"https:\/\/ludwigthomajun.de\/?page_id=3743"},"modified":"2025-12-03T18:12:41","modified_gmt":"2025-12-03T18:12:41","slug":"s-blaue-staeffala-buchhandlung-forchheim","status":"publish","type":"page","link":"https:\/\/ludwigthomajun.de\/?page_id=3743","title":{"rendered":"\u2019s blaue St\u00e4ffala \u2013 Buchhandlung Forchheim"},"content":{"rendered":"\n<figure class=\"wp-block-image size-full\"><a href=\"https:\/\/www.genialokal.de\/buchhandlung\/forchheim\/blaue-staeffala\/\" target=\"_blank\" rel=\" noreferrer noopener\"><img loading=\"lazy\" decoding=\"async\" width=\"1024\" height=\"1024\" src=\"https:\/\/ludwigthomajun.de\/wp-content\/uploads\/2025\/12\/EF8F0222-354F-4AE9-ADB4-A3B279259912.png\" alt=\"\" class=\"wp-image-3752\" srcset=\"https:\/\/ludwigthomajun.de\/wp-content\/uploads\/2025\/12\/EF8F0222-354F-4AE9-ADB4-A3B279259912.png 1024w, https:\/\/ludwigthomajun.de\/wp-content\/uploads\/2025\/12\/EF8F0222-354F-4AE9-ADB4-A3B279259912-300x300.png 300w, https:\/\/ludwigthomajun.de\/wp-content\/uploads\/2025\/12\/EF8F0222-354F-4AE9-ADB4-A3B279259912-150x150.png 150w, https:\/\/ludwigthomajun.de\/wp-content\/uploads\/2025\/12\/EF8F0222-354F-4AE9-ADB4-A3B279259912-768x768.png 768w\" sizes=\"auto, (max-width: 1024px) 100vw, 1024px\" \/><\/a><\/figure>\n\n\n\n<p><\/p>\n\n\n\n<p><\/p>\n\n\n\n<figure class=\"wp-block-image size-large\"><a href=\"https:\/\/www.genialokal.de\/buchhandlung\/forchheim\/blaue-staeffala\/\" target=\"_blank\" rel=\" noreferrer noopener\"><img loading=\"lazy\" decoding=\"async\" width=\"768\" height=\"1024\" src=\"https:\/\/ludwigthomajun.de\/wp-content\/uploads\/2025\/12\/IMG_20251203_103007-768x1024.jpeg\" alt=\"\" class=\"wp-image-3748\" srcset=\"https:\/\/ludwigthomajun.de\/wp-content\/uploads\/2025\/12\/IMG_20251203_103007-768x1024.jpeg 768w, https:\/\/ludwigthomajun.de\/wp-content\/uploads\/2025\/12\/IMG_20251203_103007-225x300.jpeg 225w, https:\/\/ludwigthomajun.de\/wp-content\/uploads\/2025\/12\/IMG_20251203_103007-1152x1536.jpeg 1152w, https:\/\/ludwigthomajun.de\/wp-content\/uploads\/2025\/12\/IMG_20251203_103007-1536x2048.jpeg 1536w, https:\/\/ludwigthomajun.de\/wp-content\/uploads\/2025\/12\/IMG_20251203_103007-scaled.jpeg 1920w\" sizes=\"auto, (max-width: 768px) 100vw, 768px\" \/><\/a><\/figure>\n\n\n\n<p>\ud83d\udcd8 Jetzt erh\u00e4ltlich!<\/p>\n\n\n\n<p>\u201eA Wia Adam\u201c \u2013 von Ludwig Thoma Jun<\/p>\n\n\n\n<p>\u2728 Preis: 13 Euro \u2728<\/p>\n\n\n\n<p>Eine fr\u00e4nkisch-surreal erz\u00e4hlte Reise voller Humor, Tiefgang<\/p>\n\n\n\n<p>und unverwechselbarer Sprache.<\/p>\n\n\n\n<p>F\u00fcr alle, die Geschichten lieben, die mitten ins Herz treffen<\/p>\n\n\n\n<p>und trotzdem ein bisschen Augenzwinkern.<\/p>\n\n\n\n<p>Erh\u00e4ltlich im:<\/p>\n\n\n\n<p>\u2019s blaue St\u00e4ffala \u2013 Buchhandlung Forchheim<\/p>\n\n\n\n<p>Wiesenstra\u00dfe<\/p>\n\n\n\n<p>Vorbeikommen, st\u00f6bern, entdecken \u2013<\/p>\n\n\n\n<p>A Wia Adam wartet auf neue Leserinnen und Leser!<\/p>\n\n\n\n<p>#LudwigThomaJun #AWiaAdam #Forchheim #Buchhandlung #sblauest\u00e4ffala #Lesetipp<\/p>\n\n\n\n<p>\ud83d\udcd8 Etz a do!<\/p>\n\n\n\n<p>**\u201eA Wia Adam\u201c \u2013 vom Ludwig Thoma Jun.<\/p>\n\n\n\n<p>\u2728 Preis: 13 Euro \u2728<\/p>\n\n\n\n<p>A G\u2019schicht, die di mitnimmd \u2013 fr\u00e4nggisch, a wengal verruckd,<\/p>\n\n\n\n<p>voll H\u00e4rz, Schmarrn un a weng Weisheit.<\/p>\n\n\n\n<p>Fer alle, die gern lacha, nachdenka un a bisla tr\u00e4uma.<\/p>\n\n\n\n<p>Zu find\u2019n im:<\/p>\n\n\n\n<p> \u2019s blaue St\u00e4ffala \u2013 Buchhandlung Forchheim<\/p>\n\n\n\n<p>Wiesnastr\u00e4\u00df<\/p>\n\n\n\n<p>Kumm vorbei, gugg nei, schnapp der dei Exemplar \u2013<\/p>\n\n\n\n<p>\u201eA Wia Adam\u201c druckt sei eigne Spur in dei Herz nei.<\/p>\n\n\n\n<p>#LudwigThomaJun #AWiaAdam #Fr\u00e4nggisch #Forchheim #sblauest\u00e4ffala #LeseTipp<\/p>\n\n\n\n<p><\/p>\n\n\n\n<figure class=\"wp-block-image size-large\"><a href=\"https:\/\/www.genialokal.de\/buchhandlung\/forchheim\/blaue-staeffala\/\" target=\"_blank\" rel=\" noreferrer noopener\"><img loading=\"lazy\" decoding=\"async\" width=\"1024\" height=\"786\" src=\"https:\/\/ludwigthomajun.de\/wp-content\/uploads\/2025\/09\/IMG_5923-1024x786.jpeg\" alt=\"\" class=\"wp-image-3406\" srcset=\"https:\/\/ludwigthomajun.de\/wp-content\/uploads\/2025\/09\/IMG_5923-1024x786.jpeg 1024w, https:\/\/ludwigthomajun.de\/wp-content\/uploads\/2025\/09\/IMG_5923-300x230.jpeg 300w, https:\/\/ludwigthomajun.de\/wp-content\/uploads\/2025\/09\/IMG_5923-768x590.jpeg 768w, https:\/\/ludwigthomajun.de\/wp-content\/uploads\/2025\/09\/IMG_5923-1536x1179.jpeg 1536w, https:\/\/ludwigthomajun.de\/wp-content\/uploads\/2025\/09\/IMG_5923-2048x1572.jpeg 2048w\" sizes=\"auto, (max-width: 1024px) 100vw, 1024px\" \/><\/a><\/figure>\n\n\n\n<p><\/p>\n\n\n\n<p><\/p>\n","protected":false},"excerpt":{"rendered":"<p>\ud83d\udcd8 Jetzt erh\u00e4ltlich! \u201eA Wia Adam\u201c \u2013 von Ludwig Thoma Jun \u2728 Preis: 13 Euro \u2728 Eine fr\u00e4nkisch-surreal erz\u00e4hlte Reise voller Humor, Tiefgang und unverwechselbarer Sprache. F\u00fcr alle, die Geschichten&hellip;<\/p>\n","protected":false},"author":1,"featured_media":3738,"parent":0,"menu_order":0,"comment_status":"closed","ping_status":"closed","template":"","meta":{"footnotes":""},"class_list":["post-3743","page","type-page","status-publish","has-post-thumbnail","hentry"],"_links":{"self":[{"href":"https:\/\/ludwigthomajun.de\/index.php?rest_route=\/wp\/v2\/pages\/3743","targetHints":{"allow":["GET"]}}],"collection":[{"href":"https:\/\/ludwigthomajun.de\/index.php?rest_route=\/wp\/v2\/pages"}],"about":[{"href":"https:\/\/ludwigthomajun.de\/index.php?rest_route=\/wp\/v2\/types\/page"}],"author":[{"embeddable":true,"href":"https:\/\/ludwigthomajun.de\/index.php?rest_route=\/wp\/v2\/users\/1"}],"replies":[{"embeddable":true,"href":"https:\/\/ludwigthomajun.de\/index.php?rest_route=%2Fwp%2Fv2%2Fcomments&post=3743"}],"version-history":[{"count":8,"href":"https:\/\/ludwigthomajun.de\/index.php?rest_route=\/wp\/v2\/pages\/3743\/revisions"}],"predecessor-version":[{"id":3764,"href":"https:\/\/ludwigthomajun.de\/index.php?rest_route=\/wp\/v2\/pages\/3743\/revisions\/3764"}],"wp:featuredmedia":[{"embeddable":true,"href":"https:\/\/ludwigthomajun.de\/index.php?rest_route=\/wp\/v2\/media\/3738"}],"wp:attachment":[{"href":"https:\/\/ludwigthomajun.de\/index.php?rest_route=%2Fwp%2Fv2%2Fmedia&parent=3743"}],"curies":[{"name":"wp","href":"https:\/\/api.w.org\/{rel}","templated":true}]}}